{"id":1026,"date":"2021-02-20T16:56:47","date_gmt":"2021-02-20T15:56:47","guid":{"rendered":"http:\/\/haulet.be\/gen\/?page_id=1026"},"modified":"2025-03-28T16:03:28","modified_gmt":"2025-03-28T15:03:28","slug":"les-infolettres","status":"publish","type":"page","link":"https:\/\/haulet.be\/gen\/les-infolettres\/","title":{"rendered":"Les Infolettres"},"content":{"rendered":"\n<hr class=\"wp-block-separator has-css-opacity is-style-wide\"\/>\n\n\n\n<figure class=\"wp-block-table\"><table><tbody><tr><td><a href=\"?na=view&amp;id=1\">Lettre-info n\u00b01<\/a><\/td><td>24 f\u00e9vrier 2021<\/td><td>24 f\u00e9vrier 2021 &#8211; C&rsquo;est aujourd&rsquo;hui !<\/td><\/tr><tr><td><a href=\"https:\/\/haulet.be\/gen\/?na=view&amp;id=5\">Lettre-info n\u00b02<\/a><a href=\"https:\/\/haulet.be\/gen\/?na=view&amp;id=5\"><\/a><a href=\"https:\/\/haulet.be\/gen\/?na=view&amp;id=5\"><\/a><a href=\"https:\/\/haulet.be\/gen\/?na=view&amp;id=5\"><\/a><a href=\"https:\/\/haulet.be\/gen\/?na=view&amp;id=5\"><\/a><a href=\"https:\/\/haulet.be\/gen\/?na=view&amp;id=5\"><\/a><a href=\"https:\/\/haulet.be\/gen\/?na=view&amp;id=5\"><\/a><a href=\"https:\/\/haulet.be\/gen\/?na=view&amp;id=5\"><\/a><a href=\"https:\/\/haulet.be\/gen\/?na=view&amp;id=5\"><\/a><a href=\"https:\/\/haulet.be\/gen\/?na=view&amp;id=5\"><\/a><\/td><td>08 avril 2021<\/td><td>Derniers posts du blog haulet.be<\/td><\/tr><tr><td><a href=\"?na=view&amp;id=7\">Lettre-info n\u00b03<\/a><\/td><td>01 mai 2021<\/td><td>Charles Haulet &#8211; Dachau &#8211; Bloc 26<\/td><\/tr><tr><td><a href=\"?na=view&amp;id=9\">Lettre-info n\u00b04<\/a><\/td><td>08 mai 2021<\/td><td>F\u00eate des m\u00e8res chez les Laurenty<\/td><\/tr><tr><td><a href=\"?na=view&amp;id=12\">Lettre-info n\u00b05<\/a><\/td><td>21 mai 2021<\/td><td>L&rsquo; Affaire du calice<\/td><\/tr><tr><td><a href=\"?na=view&amp;id=14\">Lettre-info n\u00b06<\/a><\/td><td>03 juin 2021<\/td><td>Glasgow &#8211; Lancaster, 4 ans chez les Britons<\/td><\/tr><tr><td><a href=\"?na=view&amp;id=16\">Lettre-info n\u00b07<\/a><\/td><td>07 juillet 2021<\/td><td>Une retraite bien m\u00e9rit\u00e9e, merci Docteur Haulet !<\/td><\/tr><tr><td><a href=\"https:\/\/haulet.be\/gen\/?na=view&amp;id=18\">Lettre-info n\u00b08<\/a><\/td><td>20 juillet 2021<\/td><td>20 juillet 2021, jour de deuil national<\/td><\/tr><tr><td><a href=\"https:\/\/haulet.be\/gen\/?na=view&amp;id=20\">Lettre-info n\u00b09<\/a><\/td><td>02 ao\u00fbt 2021<\/td><td>Bienvenue \u00e0 Lison<\/td><\/tr><tr><td><a href=\"https:\/\/haulet.be\/gen\/?na=view&amp;id=22\">Lettre-info n\u00b010<\/a><\/td><td>14 ao\u00fbt 2021<\/td><td>D\u00e9c\u00e8s de Michel Bruy\u00e8re<\/td><\/tr><tr><td><a href=\"https:\/\/haulet.be\/gen\/?na=view&amp;id=24\">Lettre-info n\u00b011<\/a><\/td><td>06 septembre 2021<\/td><td>Les photographies \u00ab\u00a0Cartes de Visite\u00a0\u00bb li\u00e8geoises<\/td><\/tr><tr><td><a href=\"https:\/\/haulet.be\/gen\/?na=view&amp;id=26\">Lettre-info n\u00b012<\/a><\/td><td>25 octobre 2021<\/td><td>Nouvelles entr\u00e9es dans l&rsquo;abre g\u00e9n\u00e9alogique (1744-1802)<\/td><\/tr><tr><td><a href=\"https:\/\/haulet.be\/gen\/?na=view&amp;id=28\">Lettre-info n\u00b013<\/a><\/td><td>09 novembre 2021<\/td><td>Le blason Haulet<\/td><\/tr><tr><td><a href=\"https:\/\/haulet.be\/gen\/?na=view&amp;id=30\">Lettre-info n\u00b014<\/a><\/td><td>18 novembre 2021<\/td><td>R\u00e9union des descendants de Maurice Haulet et Maria Lambert, le 17\/10\/2021<\/td><\/tr><tr><td><a href=\"https:\/\/haulet.be\/gen\/?na=view&amp;id=32\">Lettre-info n\u00b015<\/a><\/td><td>3 d\u00e9cembre 2021<\/td><td>Vill\u00e9giature familiale \u00e0 Clervaux &#8211; Ao\u00fbt 1928<\/td><\/tr><tr><td><a href=\"https:\/\/haulet.be\/gen\/?na=view&amp;id=35\">Lettre-info n\u00b016<\/a><\/td><td>27 d\u00e9cembre 2021<\/td><td>Mises \u00e0 jour : Photos in\u00e9dites Clervaux 1928 &#8211; Arbre g\u00e9n\u00e9alogique<\/td><\/tr><tr><td><a href=\"https:\/\/haulet.be\/gen\/?na=view&amp;id=37\">Lettre-info n\u00b017<\/a><\/td><td>01 janvier 2022<\/td><td>Voeux 2022<\/td><\/tr><tr><td><a href=\"https:\/\/haulet.be\/gen\/blog\/\">Lettre-info n\u00b018<\/a><\/td><td>13 janvier 2022<\/td><td>D\u00e9c\u00e8s de Marie-Claire de LAMOTTE<\/td><\/tr><tr><td><a href=\"https:\/\/haulet.be\/gen\/?na=view&amp;id=43\" data-type=\"URL\" data-id=\"https:\/\/haulet.be\/gen\/?na=view&amp;id=43\">Lettre-info n\u00b019<\/a><\/td><td>01 mai 2022<\/td><td>La carri\u00e8re militaire de l&rsquo;abb\u00e9 Charles Haulet<\/td><\/tr><tr><td><a href=\"https:\/\/haulet.be\/gen\/?na=view&amp;id=47\">Lettre-info N\u00b020<\/a><\/td><td>20 mai 2022<\/td><td>Annonce de la r\u00e9union familiale 2023<\/td><\/tr><tr><td><a href=\"https:\/\/haulet.be\/gen\/?na=view&amp;id=51\">Lettre-info N\u00b021<\/a><\/td><td>02 ao\u00fbt 2022<\/td><td>D\u00e9c\u00e8s de Dominique Pichault-Haulet<\/td><\/tr><tr><td><a href=\"https:\/\/haulet.be\/gen\/?na=view&amp;id=52\">Lettre-info N\u00b022<\/a><\/td><td>15 octobre 2022<\/td><td>Noces d\u2019or de Jean-Pierre et Suzel Delr\u00e9e-Henning<\/td><\/tr><tr><td><a href=\"https:\/\/haulet.be\/gen\/?na=view&amp;id=54\">Lettre-info N\u00b023<\/a><\/td><td>26 octobre 2022<\/td><td>Imminente parution du livre CORRESPONDANCE AFRICAINE DE LEON<\/td><\/tr><tr><td><a href=\"http:\/\/Lettre-info n\u00b0124 f\u00e9vrier 202124 f\u00e9vrier 2021 - C'est aujourd'hui !Lettre-info n\u00b0208 avril 2021Derniers posts du blog haulet.beLettre-info n\u00b0301 mai 2021Charles Haulet - Dachau - Bloc 26Lettre-info n\u00b0408 mai 2021F\u00eate des m\u00e8res chez les LaurentyLettre-info n\u00b0521 mai 2021L' Affaire du caliceLettre-info n\u00b0603 juin 2021Glasgow - Lancaster, 4 ans chez les BritonsLettre-info n\u00b0707 juillet 2021Une retraite bien m\u00e9rit\u00e9e, merci Docteur Haulet !Lettre-info n\u00b0820 juillet 202120 juillet 2021, jour de deuil nationalLettre-info n\u00b0902 ao\u00fbt 2021Bienvenue \u00e0 LisonLettre-info n\u00b01014 ao\u00fbt 2021D\u00e9c\u00e8s de Michel Bruy\u00e8reLettre-info n\u00b01106 septembre 2021Les photographies &quot;Cartes de Visite&quot; li\u00e8geoisesLettre-info n\u00b01225 octobre 2021Nouvelles entr\u00e9es dans l'abre g\u00e9n\u00e9alogique (1744-1802)Lettre-info n\u00b01309 novembre 2021Le blason HauletLettre-info n\u00b01418 novembre 2021R\u00e9union des descendants de Maurice Haulet et Maria Lambert, le 17\/10\/2021Lettre-info n\u00b0153 d\u00e9cembre 2021Vill\u00e9giature familiale \u00e0 Clervaux - Ao\u00fbt 1928Lettre-info n\u00b01627 d\u00e9cembre 2021Mises \u00e0 jour : Photos in\u00e9dites Clervaux 1928 - Arbre g\u00e9n\u00e9alogiqueLettre-info n\u00b01701 janvier 2022Voeux 2022Lettre-info n\u00b01813 janvier 2022D\u00e9c\u00e8s de Marie-Claire de LAMOTTELettre-info n\u00b01901 mai 2022La carri\u00e8re militaire de l'abb\u00e9 Charles HauletLettre-info N\u00b02020 mai 2022Annonce de la r\u00e9union familiale 2023Lettre-info N\u00b02102 ao\u00fbt 2022D\u00e9c\u00e8s de Dominique Pichault-HauletLettre-info N\u00b02215 octobre 2022Noces d\u2019or de Jean-Pierre et Suzel Delr\u00e9e-HenningLettre-info N\u00b02326 octobre 2022Imminente parution du livre CORRESPONDANCE AFRICAINE DE LEON\">Lettre-info N\u00b02<\/a>5<\/td><td>07 novembre 2022<\/td><td>Ouverture de la souscription au livre sur L\u00e9on Haulet<\/td><\/tr><tr><td><a href=\"https:\/\/haulet.be\/gen\/?na=view&amp;id=61\">Lettre-info N\u00b026<\/a><\/td><td>08 d\u00e9cembre 2022<\/td><td>Exclusif ! L\u00e9on-F\u00e9lix vous parle !<\/td><\/tr><tr><td><a href=\"https:\/\/haulet.be\/gen\/?na=view&amp;id=64\" target=\"_blank\" rel=\"noreferrer noopener\">Lettre-info N\u00b027<\/a><\/td><td>31 d\u00e9cembre 2022<\/td><td>Voeux 2023<\/td><\/tr><tr><td><a href=\"https:\/\/haulet.be\/gen\/?na=view&amp;id=66\" data-type=\"URL\" data-id=\"https:\/\/haulet.be\/gen\/?na=view&amp;id=66\" target=\"_blank\" rel=\"noreferrer noopener\">Lettre-info N\u00b028<\/a><\/td><td>15 janvier 2023<\/td><td>Pr\u00e9paration de la r\u00e9union Haulet du 20 mai 2023<\/td><\/tr><tr><td><a href=\"https:\/\/haulet.be\/gen\/?na=view&amp;id=68\" target=\"_blank\" rel=\"noreferrer noopener\">Lettre-info N\u00b029<\/a><\/td><td>23 janvier 2023<\/td><td>Incroyable rebondissement &#8211; Nouvelles photos et lettres in\u00e9dites de L\u00e9on Haulet !<\/td><\/tr><tr><td><a href=\"https:\/\/haulet.be\/gen\/?na=view&amp;id=69\">Lettre-info N\u00b030<\/a><\/td><td>26 janvier 2023<\/td><td>Haulet.be &#8211; 2 ans !<br>James Haulet a photographi\u00e9 le retour du Roi L\u00e9opold III le 20 juillet 1950<\/td><\/tr><tr><td><a href=\"https:\/\/haulet.be\/gen\/?na=view&amp;id=70\">Lettre-info N\u00b032<\/a><\/td><td>30 janvier 2023<\/td><td>Pr\u00e9inscriptions journ\u00e9e du 20 mai<br>Nouvelle souscription au livre de L\u00e9on<\/td><\/tr><tr><td><a href=\"https:\/\/haulet.be\/gen\/?na=view&amp;id=69\">Lettre-info N\u00b034<\/a><\/td><td>2 mars 2023<\/td><td>Naissance de Jade Dubois<\/td><\/tr><tr><td><a href=\"https:\/\/haulet.be\/gen\/?na=view&amp;id=73\">Lettre-info N\u00b035<\/a><\/td><td>27 mars 2023<\/td><td>Invitation \u00e0 la r\u00e9union Haulet-Magis du 20 mai 2023<\/td><\/tr><tr><td><a href=\"https:\/\/haulet.be\/gen\/?na=view&amp;id=74\">Lettre-info N\u00b036<\/a><\/td><td>06 avril 2023<\/td><td>Relance de l&rsquo;invitation \u00e0 la r\u00e9union Haulet-Magis du 20 mai 2023<\/td><\/tr><tr><td><a href=\"https:\/\/haulet.be\/gen\/?na=view&amp;id=75\">Lettre-info N\u00b037<\/a><\/td><td>10 mai 2023<\/td><td>20 mai, nous y sommes !<\/td><\/tr><tr><td><a href=\"https:\/\/haulet.be\/gen\/?na=view&amp;id=76\">Lettre-info N\u00b038<\/a><\/td><td>29 mai 2023<\/td><td>20 mai, les photos et tout le reste<\/td><\/tr><tr><td><a href=\"https:\/\/haulet.be\/gen\/?na=view&amp;id=77\">Lettre-info N\u00b039<\/a><\/td><td>29 juin 2023<\/td><td>D\u00e9c\u00e8s de Marinette Willemaers-Delr\u00e9e<\/td><\/tr><tr><td><a href=\"https:\/\/haulet.be\/gen\/?na=view&amp;id=78\">Lettre-info N\u00b0 40<\/a><\/td><td>20 juillet 2023<\/td><td>Mises \u00e0 jour du site <\/td><\/tr><tr><td><a href=\"https:\/\/haulet.be\/gen\/?na=view&amp;id=79\">Lettre-info N\u00b041<\/a><\/td><td>15 septembre 2023<\/td><td>Puzzles \u00e0 travers les \u00e2ges<\/td><\/tr><tr><td><a href=\"?na=view&amp;id=80&quot;\">Lettre-info N\u00b042<\/a><\/td><td>11 octobre 2023<\/td><td>Afflux important de nouvelles donn\u00e9es dans la g\u00e9n\u00e9alogie<\/td><\/tr><tr><td><a href=\"?na=view&amp;id=81\">Lettre-info N\u00b043<\/a><\/td><td>11 octobre 2023<\/td><td>D\u00e9c\u00e8s de Anne de Spa<\/td><\/tr><tr><td><a href=\"?na=view&amp;id=82\">Lettre-info N\u00b044<\/a><\/td><td>17 octobre 2023<\/td><td>D\u00e9c\u00e8s de Marie-Antoinette (Marinette) de Lamotte<\/td><\/tr><tr><td><a href=\"https:\/\/haulet.be\/gen\/?na=view&amp;id=83\">Lettre-info N\u00b045<\/a><\/td><td>06 d\u00e9cembre 2023<\/td><td>Publication de l&rsquo;arbre de la famille Magis<br>Un nouvel anc\u00eatre Haulet d\u00e9couvert \u00e0 Limbourg<br>Place aux jeunes, nomdidju !<\/td><\/tr><tr><td><a href=\"https:\/\/haulet.be\/gen\/?na=view&amp;id=84\">Lettre-info N\u00b046<\/a><\/td><td>10 d\u00e9cembre 2023<\/td><td>Maisons \u00e0 vendre \u00e0 Li\u00e8ge<\/td><\/tr><tr><td><a href=\"https:\/\/haulet.be\/gen\/?na=view&amp;id=85\">Lettre-info N\u00b047<\/a><\/td><td>21 d\u00e9cembre 2023<\/td><td>600 documents familiaux en ligne<\/td><\/tr><tr><td><a href=\"https:\/\/haulet.be\/gen\/?na=view&amp;id=86\">Lettre-info N\u00b048<\/a><\/td><td>01\/01\/2024<\/td><td>Voeux 2024<\/td><\/tr><tr><td><a href=\"https:\/\/haulet.be\/gen\/?na=view&amp;id=87\">Lettre-info N\u00b049<\/a><\/td><td>20 f\u00e9vrier 2024<\/td><td>Avis de maintenance<\/td><\/tr><tr><td><a href=\"https:\/\/haulet.be\/gen\/?na=view&amp;id=88\">Lettre-info N\u00b0<\/a>50<\/td><td>15 mai 2024<\/td><td>D\u00e9c\u00e8s de Dominique de Lamotte<\/td><\/tr><tr><td><a href=\"https:\/\/haulet.be\/gen\/?na=view&amp;id=89\">Lettre-info n\u00b052<\/a><\/td><td>06 juin 2024<\/td><td>Portes ouvertes Denis Bruy\u00e8re<\/td><\/tr><tr><td><a href=\"https:\/\/haulet.be\/gen\/?na=view&amp;id=90\">Lettre-info N\u00b053<\/a><\/td><td>30 ao\u00fbt 2024<\/td><td>Naissance de Suzanne Delr\u00e9e-de Harenne<\/td><\/tr><tr><td><a href=\"https:\/\/haulet.be\/gen\/?na=view&amp;id=91\">Lettre-info N\u00b054<\/a><\/td><td>23 septembre 2024<\/td><td>D\u00e9c\u00e8s de Michel Haulet<\/td><\/tr><tr><td><a href=\"https:\/\/haulet.be\/gen\/?na=view&amp;id=92\">Lettre-info N\u00b055<\/a><\/td><td>28 septembre 2024<\/td><td>Mise \u00e0 jour du site<\/td><\/tr><tr><td><a href=\"https:\/\/haulet.be\/gen\/?na=view&amp;id=93\">Lettre-info N\u00b056<\/a><\/td><td>20 d\u00e9cembre 2024<\/td><td>Joyeuses f\u00eates de fin d&rsquo;ann\u00e9e 2024<\/td><\/tr><tr><td><a href=\"https:\/\/haulet.be\/gen\/?na=view&amp;id=94\">Lettre-info N\u00b057<\/a><\/td><td>10 janvier 2025<\/td><td>Naissance de Nicolas Haulet<\/td><\/tr><tr><td><a href=\"https:\/\/haulet.be\/gen\/?na=view&amp;id=95\">Lettre-info N\u00b058<\/a><\/td><td>03 mars 2025<\/td><td>Stop ou encore<\/td><\/tr><tr><td><a href=\"https:\/\/haulet.be\/gen\/?na=view&amp;id=96\">Lettre-info N\u00b059<\/a><\/td><td>28 mars 2025<\/td><td>Stop ou encore &#8211; Les r\u00e9sultats<br>Publication des films de Maurice Haulet<\/td><\/tr><\/tbody><\/table><\/figure>\n\n\n\n<hr class=\"wp-block-separator has-css-opacity is-style-wide\"\/>\n\n\n\n<p><\/p>\n","protected":false},"excerpt":{"rendered":"<p>Lettre-info n\u00b01 24 f\u00e9vrier 2021 24 f\u00e9vrier 2021 &#8211; C&rsquo;est aujourd&rsquo;hui ! Lettre-info n\u00b02 08 avril 2021 Derniers posts du blog haulet.be Lettre-info n\u00b03 01 mai 2021 Charles Haulet &#8211; Dachau &#8211; Bloc 26 Lettre-info n\u00b04 08 mai 2021 F\u00eate des m\u00e8res chez les Laurenty Lettre-info n\u00b05 21 mai 2021 L&rsquo; Affaire du calice Lettre-info [&hellip;]<\/p>\n","protected":false},"author":7,"featured_media":528,"parent":0,"menu_order":0,"comment_status":"open","ping_status":"closed","template":"template-full-width.php","meta":{"_coblocks_attr":"","_coblocks_dimensions":"","_coblocks_responsive_height":"","_coblocks_accordion_ie_support":"","footnotes":""},"class_list":["post-1026","page","type-page","status-publish","has-post-thumbnail","hentry"],"_links":{"self":[{"href":"https:\/\/haulet.be\/gen\/wp-json\/wp\/v2\/pages\/1026","targetHints":{"allow":["GET"]}}],"collection":[{"href":"https:\/\/haulet.be\/gen\/wp-json\/wp\/v2\/pages"}],"about":[{"href":"https:\/\/haulet.be\/gen\/wp-json\/wp\/v2\/types\/page"}],"author":[{"embeddable":true,"href":"https:\/\/haulet.be\/gen\/wp-json\/wp\/v2\/users\/7"}],"replies":[{"embeddable":true,"href":"https:\/\/haulet.be\/gen\/wp-json\/wp\/v2\/comments?post=1026"}],"version-history":[{"count":6,"href":"https:\/\/haulet.be\/gen\/wp-json\/wp\/v2\/pages\/1026\/revisions"}],"predecessor-version":[{"id":8220,"href":"https:\/\/haulet.be\/gen\/wp-json\/wp\/v2\/pages\/1026\/revisions\/8220"}],"wp:featuredmedia":[{"embeddable":true,"href":"https:\/\/haulet.be\/gen\/wp-json\/wp\/v2\/media\/528"}],"wp:attachment":[{"href":"https:\/\/haulet.be\/gen\/wp-json\/wp\/v2\/media?parent=1026"}],"curies":[{"name":"wp","href":"https:\/\/api.w.org\/{rel}","templated":true}]}}