{"id":1419,"date":"2021-03-01T19:56:07","date_gmt":"2021-03-01T18:56:07","guid":{"rendered":"http:\/\/haulet.be\/gen\/?page_id=1419"},"modified":"2023-12-09T17:55:05","modified_gmt":"2023-12-09T16:55:05","slug":"pre-arbre","status":"publish","type":"page","link":"https:\/\/haulet.be\/gen\/pre-arbre\/","title":{"rendered":"Arbre g\u00e9n\u00e9alogique"},"content":{"rendered":"\n<hr class=\"wp-block-separator has-css-opacity is-style-wide\"\/>\n\n\n\n<p class=\"has-text-align-center is-style-info\"><em>La g\u00e9n\u00e9alogie n\u2019est accessible que par un mot de passe <\/em><br><em>fourni \u00e0 toute personne inscrite au site haulet.be et \u00e0 son info-lettre.<\/em><br><em> <br>L\u2019inscription se fait ais\u00e9ment via la page \u00ab\u00a0inscription\u00a0\u00bb <\/em><br><em>sous \u00ab\u00a0le menu \u00ab\u00a0Contacts\u00a0\u00bb<\/em> ou en cliquant ci-dessous :<br><a rel=\"noreferrer noopener\" href=\"https:\/\/haulet.be\/gen\/inscription\/\" target=\"_blank\">https:\/\/haulet.be\/gen\/inscription\/<\/a><\/p>\n\n\n\n<p class=\"has-text-align-center is-style-warning\"><em>Si vous avez oubli\u00e9 votre mot de passe, <\/em><br><em>n\u2019h\u00e9sitez pas \u00e0 nous contacter !<\/em><\/p>\n\n\n\n<hr class=\"wp-block-separator has-css-opacity is-style-wide\"\/>\n\n\n\n<div style=\"height:35px\" aria-hidden=\"true\" class=\"wp-block-spacer\"><\/div>\n\n\n\n<p class=\"has-text-align-center\" style=\"font-size:23px\">ARBRE DE LA FAMILLE HAULET-MAGIS<\/p>\n\n\n\n<div style=\"height:29px\" aria-hidden=\"true\" class=\"wp-block-spacer\"><\/div>\n\n\n\n<div class=\"wp-block-buttons is-content-justification-center is-layout-flex wp-container-core-buttons-is-layout-16018d1d wp-block-buttons-is-layout-flex\">\n<div class=\"wp-block-button has-custom-width wp-block-button__width-75\"><a class=\"wp-block-button__link has-white-color has-pale-cyan-blue-background-color has-text-color has-background wp-element-button\" href=\"https:\/\/haulet.be\/gen\/arbre-genealogique\/\"><em><strong>Acc\u00e9der \u00e0 l&rsquo;arbre g\u00e9n\u00e9alogique<\/strong><\/em><\/a><\/div>\n<\/div>\n\n\n\n<div style=\"height:25px\" aria-hidden=\"true\" class=\"wp-block-spacer\"><\/div>\n\n\n\n<div class=\"wp-block-buttons is-content-justification-center is-layout-flex wp-container-core-buttons-is-layout-16018d1d wp-block-buttons-is-layout-flex\">\n<div class=\"wp-block-button has-custom-width wp-block-button__width-75\"><a class=\"wp-block-button__link has-pale-cyan-blue-background-color has-background wp-element-button\" href=\"https:\/\/haulet.be\/gen\/livret-genealogique\"><mark style=\"background-color:rgba(0, 0, 0, 0)\" class=\"has-inline-color has-white-color\"><em><strong>Acc\u00e9der au livret familial Haulet-Magis<\/strong><\/em><\/mark><\/a><\/div>\n<\/div>\n\n\n\n<div style=\"height:25px\" aria-hidden=\"true\" class=\"wp-block-spacer\"><\/div>\n\n\n\n<div class=\"wp-block-buttons is-content-justification-center is-layout-flex wp-container-core-buttons-is-layout-16018d1d wp-block-buttons-is-layout-flex\">\n<div class=\"wp-block-button has-custom-width wp-block-button__width-75\"><a class=\"wp-block-button__link has-white-color has-pale-cyan-blue-background-color has-text-color has-background wp-element-button\" href=\"https:\/\/haulet.be\/gen\/rapports-de-descendance\/\"><em><strong>Acc\u00e9der aux rapports de descendance<\/strong><\/em><\/a><\/div>\n<\/div>\n\n\n\n<div style=\"height:36px\" aria-hidden=\"true\" class=\"wp-block-spacer\"><\/div>\n\n\n\n<hr class=\"wp-block-separator has-alpha-channel-opacity is-style-wide\"\/>\n\n\n\n<div style=\"height:32px\" aria-hidden=\"true\" class=\"wp-block-spacer\"><\/div>\n\n\n\n<p class=\"has-text-align-center\" style=\"font-size:23px\">SOUS-ARBRE DE LA FAMILLE MAGIS<\/p>\n\n\n\n<p class=\"has-text-align-center has-luminous-vivid-amber-color has-text-color has-link-color wp-elements-a9c6b9ac861c9b03da2048abbf94d155\"><em>La mise \u00e0 jour du 9 d\u00e9cembre 2023 a doubl\u00e9 le nombre de personnes r\u00e9pertori\u00e9es.<br>Il y a maintenant de larges branches collat\u00e9rales telles les familles Ghysens, Moulan, Bawens et d&rsquo;autres.<\/em><\/p>\n\n\n\n<div class=\"wp-block-buttons is-content-justification-center is-layout-flex wp-container-core-buttons-is-layout-16018d1d wp-block-buttons-is-layout-flex\">\n<div class=\"wp-block-button has-custom-width wp-block-button__width-75\"><a class=\"wp-block-button__link has-white-color has-pale-cyan-blue-background-color has-text-color has-background has-link-color has-text-align-center wp-element-button\" href=\"https:\/\/haulet.be\/ArbreMagis\/\" target=\"_blank\" rel=\"noreferrer noopener\"><em><strong>Acc\u00e9der \u00e0 l&rsquo;arbre g\u00e9n\u00e9alogique<\/strong><\/em><\/a><\/div>\n<\/div>\n\n\n\n<div style=\"height:13px\" aria-hidden=\"true\" class=\"wp-block-spacer\"><\/div>\n\n\n\n<p class=\"has-text-align-center\" style=\"font-size:16px\"><em>Cet arbre n&rsquo;incluant pas de personnes mineures, il ne n\u00e9cessite pas de mot de passe<\/em><\/p>\n\n\n\n<div style=\"height:36px\" aria-hidden=\"true\" class=\"wp-block-spacer\"><\/div>\n\n\n\n<hr class=\"wp-block-separator has-alpha-channel-opacity\"\/>\n\n\n\n<div style=\"height:51px\" aria-hidden=\"true\" class=\"wp-block-spacer\"><\/div>\n","protected":false},"excerpt":{"rendered":"<p>La g\u00e9n\u00e9alogie n\u2019est accessible que par un mot de passe fourni \u00e0 toute personne inscrite au site haulet.be et \u00e0 son info-lettre. L\u2019inscription se fait ais\u00e9ment via la page \u00ab\u00a0inscription\u00a0\u00bb sous \u00ab\u00a0le menu \u00ab\u00a0Contacts\u00a0\u00bb ou en cliquant ci-dessous :https:\/\/haulet.be\/gen\/inscription\/ Si vous avez oubli\u00e9 votre mot de passe, n\u2019h\u00e9sitez pas \u00e0 nous contacter ! ARBRE DE [&hellip;]<\/p>\n","protected":false},"author":7,"featured_media":1714,"parent":0,"menu_order":0,"comment_status":"open","ping_status":"closed","template":"template-full-width.php","meta":{"_coblocks_attr":"","_coblocks_dimensions":"","_coblocks_responsive_height":"","_coblocks_accordion_ie_support":"","footnotes":""},"class_list":["post-1419","page","type-page","status-publish","has-post-thumbnail","hentry"],"_links":{"self":[{"href":"https:\/\/haulet.be\/gen\/wp-json\/wp\/v2\/pages\/1419","targetHints":{"allow":["GET"]}}],"collection":[{"href":"https:\/\/haulet.be\/gen\/wp-json\/wp\/v2\/pages"}],"about":[{"href":"https:\/\/haulet.be\/gen\/wp-json\/wp\/v2\/types\/page"}],"author":[{"embeddable":true,"href":"https:\/\/haulet.be\/gen\/wp-json\/wp\/v2\/users\/7"}],"replies":[{"embeddable":true,"href":"https:\/\/haulet.be\/gen\/wp-json\/wp\/v2\/comments?post=1419"}],"version-history":[{"count":0,"href":"https:\/\/haulet.be\/gen\/wp-json\/wp\/v2\/pages\/1419\/revisions"}],"wp:featuredmedia":[{"embeddable":true,"href":"https:\/\/haulet.be\/gen\/wp-json\/wp\/v2\/media\/1714"}],"wp:attachment":[{"href":"https:\/\/haulet.be\/gen\/wp-json\/wp\/v2\/media?parent=1419"}],"curies":[{"name":"wp","href":"https:\/\/api.w.org\/{rel}","templated":true}]}}