{"id":1536,"date":"2021-03-17T12:00:16","date_gmt":"2021-03-17T11:00:16","guid":{"rendered":"http:\/\/haulet.be\/gen\/?page_id=1536"},"modified":"2021-03-20T12:53:17","modified_gmt":"2021-03-20T11:53:17","slug":"theo-servais-8-janvier-2021","status":"publish","type":"page","link":"https:\/\/haulet.be\/gen\/bienvenue-dans-la-famille\/theo-servais-8-janvier-2021\/","title":{"rendered":"Th\u00e9o Servais &#8211; 8 janvier 2021"},"content":{"rendered":"\n<p>Bienvenue \u00e0 Th\u00e9o qui nous fait la gentillesse d&rsquo;inaugurer la page 2021 des nouveaux descendants de la lign\u00e9e Haulet-Magis ! <br>Beaucoup de joies et de bonheur \u00e0 ses parents, Marie et Fabian, \u00e0 sa soeur L\u00e9a et \u00e0 tous ses proches.<\/p>\n\n\n\n<figure class=\"wp-block-image size-large\"><img loading=\"lazy\" decoding=\"async\" width=\"746\" height=\"1000\" src=\"https:\/\/haulet.be\/gen\/wp-content\/uploads\/2021\/03\/The\u0301o-Servais-faire-part-1000.jpg\" alt=\"\" class=\"wp-image-1538\" srcset=\"https:\/\/haulet.be\/gen\/wp-content\/uploads\/2021\/03\/The\u0301o-Servais-faire-part-1000.jpg 746w, https:\/\/haulet.be\/gen\/wp-content\/uploads\/2021\/03\/The\u0301o-Servais-faire-part-1000-224x300.jpg 224w\" sizes=\"auto, (max-width: 746px) 100vw, 746px\" \/><\/figure>\n","protected":false},"excerpt":{"rendered":"<p>Bienvenue \u00e0 Th\u00e9o qui nous fait la gentillesse d&rsquo;inaugurer la page 2021 des nouveaux descendants de la lign\u00e9e Haulet-Magis ! Beaucoup de joies et de bonheur \u00e0 ses parents, Marie et Fabian, \u00e0 sa soeur L\u00e9a et \u00e0 tous ses proches.<\/p>\n","protected":false},"author":1,"featured_media":0,"parent":1064,"menu_order":1,"comment_status":"open","ping_status":"closed","template":"template-full-width.php","meta":{"_coblocks_attr":"","_coblocks_dimensions":"","_coblocks_responsive_height":"","_coblocks_accordion_ie_support":"","footnotes":""},"class_list":["post-1536","page","type-page","status-publish","hentry"],"_links":{"self":[{"href":"https:\/\/haulet.be\/gen\/wp-json\/wp\/v2\/pages\/1536","targetHints":{"allow":["GET"]}}],"collection":[{"href":"https:\/\/haulet.be\/gen\/wp-json\/wp\/v2\/pages"}],"about":[{"href":"https:\/\/haulet.be\/gen\/wp-json\/wp\/v2\/types\/page"}],"author":[{"embeddable":true,"href":"https:\/\/haulet.be\/gen\/wp-json\/wp\/v2\/users\/1"}],"replies":[{"embeddable":true,"href":"https:\/\/haulet.be\/gen\/wp-json\/wp\/v2\/comments?post=1536"}],"version-history":[{"count":0,"href":"https:\/\/haulet.be\/gen\/wp-json\/wp\/v2\/pages\/1536\/revisions"}],"up":[{"embeddable":true,"href":"https:\/\/haulet.be\/gen\/wp-json\/wp\/v2\/pages\/1064"}],"wp:attachment":[{"href":"https:\/\/haulet.be\/gen\/wp-json\/wp\/v2\/media?parent=1536"}],"curies":[{"name":"wp","href":"https:\/\/api.w.org\/{rel}","templated":true}]}}