{"id":28,"date":"2021-01-28T14:57:47","date_gmt":"2021-01-28T13:57:47","guid":{"rendered":"http:\/\/haulet.be\/gen\/?page_id=28"},"modified":"2024-03-27T10:59:38","modified_gmt":"2024-03-27T09:59:38","slug":"accueil","status":"publish","type":"page","link":"https:\/\/haulet.be\/gen\/","title":{"rendered":"Accueil"},"content":{"rendered":"\n<p style=\"font-size:22px\"><em><strong><span class=\"has-inline-color has-pale-cyan-blue-color\">Bienvenue sur le site familial haulet.be !<\/span><\/strong><\/em><\/p>\n\n\n\n<p>Vous y trouverez, non seulement, la g\u00e9n\u00e9alogie de la famille Haulet-Magis mais aussi des informations relatives \u00e0 l&rsquo;histoire, \u00e0 l&rsquo;\u00e9volution de la famille et au contexte de cette saga.<\/p>\n\n\n\n<p>Ce site est le v\u00f4tre et ne grandira que gr\u00e2ce \u00e0 vos contributions ! <br>N&rsquo;h\u00e9sitez pas \u00e0 nous communiquer tous les documents (photos, faire-parts, publications) en votre possession. <br>Un fait remarquable, un r\u00e9cit historique, une r\u00e9alisation \u00e0 mettre en exergue&#8230; n&rsquo;h\u00e9sitez pas \u00e0 partager.<\/p>\n\n\n\n<p>A ces effets, vous pouvez contacter Charles ou Philippe Haulet; ce dernier se fera un plaisir de concr\u00e9tiser sur le site, \u00e0 l&rsquo;intention de tous les membres de la famille, l&rsquo;objet de vos apports.<\/p>\n\n\n\n<p>Ainsi, nous enrichirons notre m\u00e9moire collective et renforcerons les liens familiaux tant mis \u00e0 mal actuellement et par la crise sanitaire en particulier.<\/p>\n\n\n\n<p>Bon surf sur le site haulet.be !<\/p>\n\n\n\n<p class=\"has-text-align-right\">Charles et Philippe Haulet  <\/p>\n\n\n\n<p class=\"has-text-align-right\">28\/01\/2021                <\/p>\n","protected":false},"excerpt":{"rendered":"<p>Bienvenue sur le site familial haulet.be ! Vous y trouverez, non seulement, la g\u00e9n\u00e9alogie de la famille Haulet-Magis mais aussi des informations relatives \u00e0 l&rsquo;histoire, \u00e0 l&rsquo;\u00e9volution de la famille et au contexte de cette saga. Ce site est le v\u00f4tre et ne grandira que gr\u00e2ce \u00e0 vos contributions ! N&rsquo;h\u00e9sitez pas \u00e0 nous communiquer [&hellip;]<\/p>\n","protected":false},"author":1,"featured_media":0,"parent":0,"menu_order":0,"comment_status":"closed","ping_status":"closed","template":"template-full-width.php","meta":{"_coblocks_attr":"","_coblocks_dimensions":"","_coblocks_responsive_height":"","_coblocks_accordion_ie_support":"","footnotes":""},"class_list":["post-28","page","type-page","status-publish","hentry"],"_links":{"self":[{"href":"https:\/\/haulet.be\/gen\/wp-json\/wp\/v2\/pages\/28","targetHints":{"allow":["GET"]}}],"collection":[{"href":"https:\/\/haulet.be\/gen\/wp-json\/wp\/v2\/pages"}],"about":[{"href":"https:\/\/haulet.be\/gen\/wp-json\/wp\/v2\/types\/page"}],"author":[{"embeddable":true,"href":"https:\/\/haulet.be\/gen\/wp-json\/wp\/v2\/users\/1"}],"replies":[{"embeddable":true,"href":"https:\/\/haulet.be\/gen\/wp-json\/wp\/v2\/comments?post=28"}],"version-history":[{"count":0,"href":"https:\/\/haulet.be\/gen\/wp-json\/wp\/v2\/pages\/28\/revisions"}],"wp:attachment":[{"href":"https:\/\/haulet.be\/gen\/wp-json\/wp\/v2\/media?parent=28"}],"curies":[{"name":"wp","href":"https:\/\/api.w.org\/{rel}","templated":true}]}}