{"id":3214,"date":"2021-08-15T19:15:33","date_gmt":"2021-08-15T17:15:33","guid":{"rendered":"https:\/\/haulet.be\/gen\/?page_id=3214"},"modified":"2021-08-22T12:48:22","modified_gmt":"2021-08-22T10:48:22","slug":"cdv-gonthier-cornand","status":"publish","type":"page","link":"https:\/\/haulet.be\/gen\/cdv-gonthier-cornand\/","title":{"rendered":"CDV &#8211; Gonthier-Cornand"},"content":{"rendered":"\n<h2 class=\"wp-block-heading\">GONTHIER-CORNAND &#8211; 12, Bd d&rsquo;Avroy &#8211; Li\u00e8ge<\/h2>\n\n\n\n<p>L&rsquo;atelier GONTHIER-CORNAND a eu un \u00e9tablissement \u00e0 Maestricht, 1766 rue du Casque.<\/p>\n\n\n\n<hr class=\"wp-block-separator is-style-wide\"\/>\n\n\n\n<figure class=\"wp-block-table aligncenter\"><table class=\"has-subtle-pale-blue-background-color has-fixed-layout has-background\"><tbody><tr><td class=\"has-text-align-center\" data-align=\"center\"><img loading=\"lazy\" decoding=\"async\" width=\"400\" height=\"658\" class=\"wp-image-2987\" style=\"width: 400px;\" src=\"https:\/\/haulet.be\/gen\/wp-content\/uploads\/2021\/08\/CV-Gonthier-Cornand-1-recto.jpg\" alt=\"\" srcset=\"https:\/\/haulet.be\/gen\/wp-content\/uploads\/2021\/08\/CV-Gonthier-Cornand-1-recto.jpg 718w, https:\/\/haulet.be\/gen\/wp-content\/uploads\/2021\/08\/CV-Gonthier-Cornand-1-recto-182x300.jpg 182w\" sizes=\"auto, (max-width: 400px) 100vw, 400px\" \/><\/td><td class=\"has-text-align-center\" data-align=\"center\"><img loading=\"lazy\" decoding=\"async\" width=\"400\" height=\"650\" class=\"wp-image-2988\" style=\"width: 400px;\" src=\"https:\/\/haulet.be\/gen\/wp-content\/uploads\/2021\/08\/CV-Gonthier-Cornand-1-verso.jpg\" alt=\"\" srcset=\"https:\/\/haulet.be\/gen\/wp-content\/uploads\/2021\/08\/CV-Gonthier-Cornand-1-verso.jpg 727w, https:\/\/haulet.be\/gen\/wp-content\/uploads\/2021\/08\/CV-Gonthier-Cornand-1-verso-185x300.jpg 185w\" sizes=\"auto, (max-width: 400px) 100vw, 400px\" \/><\/td><\/tr><tr><td class=\"has-text-align-center\" data-align=\"center\"><img loading=\"lazy\" decoding=\"async\" width=\"400\" height=\"662\" class=\"wp-image-2989\" style=\"width: 400px;\" src=\"https:\/\/haulet.be\/gen\/wp-content\/uploads\/2021\/08\/CV-Gonthier-Cornand-2-recto.jpg\" alt=\"\" srcset=\"https:\/\/haulet.be\/gen\/wp-content\/uploads\/2021\/08\/CV-Gonthier-Cornand-2-recto.jpg 714w, https:\/\/haulet.be\/gen\/wp-content\/uploads\/2021\/08\/CV-Gonthier-Cornand-2-recto-181x300.jpg 181w\" sizes=\"auto, (max-width: 400px) 100vw, 400px\" \/><\/td><td class=\"has-text-align-center\" data-align=\"center\"><img loading=\"lazy\" decoding=\"async\" width=\"400\" height=\"652\" class=\"wp-image-2990\" style=\"width: 400px;\" src=\"https:\/\/haulet.be\/gen\/wp-content\/uploads\/2021\/08\/CV-Gonthier-Cornand-2-verso.jpg\" alt=\"\" srcset=\"https:\/\/haulet.be\/gen\/wp-content\/uploads\/2021\/08\/CV-Gonthier-Cornand-2-verso.jpg 725w, https:\/\/haulet.be\/gen\/wp-content\/uploads\/2021\/08\/CV-Gonthier-Cornand-2-verso-184x300.jpg 184w\" sizes=\"auto, (max-width: 400px) 100vw, 400px\" \/><\/td><\/tr><tr><td class=\"has-text-align-center\" data-align=\"center\"><img loading=\"lazy\" decoding=\"async\" width=\"400\" height=\"660\" class=\"wp-image-2991\" style=\"width: 400px;\" src=\"https:\/\/haulet.be\/gen\/wp-content\/uploads\/2021\/08\/CV-Gonthier-Cornand-3-recto.jpg\" alt=\"\" srcset=\"https:\/\/haulet.be\/gen\/wp-content\/uploads\/2021\/08\/CV-Gonthier-Cornand-3-recto.jpg 716w, https:\/\/haulet.be\/gen\/wp-content\/uploads\/2021\/08\/CV-Gonthier-Cornand-3-recto-182x300.jpg 182w\" sizes=\"auto, (max-width: 400px) 100vw, 400px\" \/><\/td><td class=\"has-text-align-center\" data-align=\"center\"><img loading=\"lazy\" decoding=\"async\" width=\"400\" height=\"653\" class=\"wp-image-2992\" style=\"width: 400px;\" src=\"https:\/\/haulet.be\/gen\/wp-content\/uploads\/2021\/08\/CV-Gonthier-Cornand-3-verso.jpg\" alt=\"\" srcset=\"https:\/\/haulet.be\/gen\/wp-content\/uploads\/2021\/08\/CV-Gonthier-Cornand-3-verso.jpg 723w, https:\/\/haulet.be\/gen\/wp-content\/uploads\/2021\/08\/CV-Gonthier-Cornand-3-verso-184x300.jpg 184w\" sizes=\"auto, (max-width: 400px) 100vw, 400px\" \/><\/td><\/tr><tr><td class=\"has-text-align-center\" data-align=\"center\"><img loading=\"lazy\" decoding=\"async\" width=\"400\" height=\"661\" class=\"wp-image-2993\" style=\"width: 400px;\" src=\"https:\/\/haulet.be\/gen\/wp-content\/uploads\/2021\/08\/CV-Gonthier-Cornand-4-recto.jpg\" alt=\"\" srcset=\"https:\/\/haulet.be\/gen\/wp-content\/uploads\/2021\/08\/CV-Gonthier-Cornand-4-recto.jpg 715w, https:\/\/haulet.be\/gen\/wp-content\/uploads\/2021\/08\/CV-Gonthier-Cornand-4-recto-182x300.jpg 182w\" sizes=\"auto, (max-width: 400px) 100vw, 400px\" \/><\/td><td class=\"has-text-align-center\" data-align=\"center\"><img loading=\"lazy\" decoding=\"async\" width=\"400\" height=\"656\" class=\"wp-image-2994\" style=\"width: 400px;\" src=\"https:\/\/haulet.be\/gen\/wp-content\/uploads\/2021\/08\/CV-Gonthier-Cornand-4-verso.jpg\" alt=\"\" srcset=\"https:\/\/haulet.be\/gen\/wp-content\/uploads\/2021\/08\/CV-Gonthier-Cornand-4-verso.jpg 720w, https:\/\/haulet.be\/gen\/wp-content\/uploads\/2021\/08\/CV-Gonthier-Cornand-4-verso-183x300.jpg 183w\" sizes=\"auto, (max-width: 400px) 100vw, 400px\" \/><\/td><\/tr><\/tbody><\/table><figcaption>photographies gaufr\u00e9es<\/figcaption><\/figure>\n\n\n\n<hr class=\"wp-block-separator is-style-wide\"\/>\n\n\n\n<figure class=\"wp-block-table\"><table class=\"has-fixed-layout\"><tbody><tr><td class=\"has-text-align-center\" data-align=\"center\"><a href=\"https:\/\/haulet.be\/gen\/cdv-gillard-delvaux\/\"><img loading=\"lazy\" decoding=\"async\" width=\"50\" height=\"50\" class=\"wp-image-3173\" style=\"width: 50px;\" src=\"https:\/\/haulet.be\/gen\/wp-content\/uploads\/2021\/08\/CVA-fleche-gauche-50.jpg\" alt=\"\"><\/a><br>GILLARD et DELVAUX &lt;-<\/td><td><\/td><td class=\"has-text-align-center\" data-align=\"center\"><a href=\"https:\/\/haulet.be\/gen\/cdv-les-photographies-carte-de-visite-liegeoises\/\"><img loading=\"lazy\" decoding=\"async\" width=\"50\" height=\"50\" class=\"wp-image-3174\" style=\"width: 50px;\" src=\"https:\/\/haulet.be\/gen\/wp-content\/uploads\/2021\/08\/CVA-maison-50.jpg\" alt=\"\"><\/a><br>SOMMAIRE<\/td><td><\/td><td class=\"has-text-align-center\" data-align=\"center\"><a href=\"https:\/\/haulet.be\/gen\/cdv-gonthier-van-broekhoven\/\"><img loading=\"lazy\" decoding=\"async\" width=\"50\" height=\"50\" class=\"wp-image-3172\" style=\"width: 50px;\" src=\"https:\/\/haulet.be\/gen\/wp-content\/uploads\/2021\/08\/CVA-fleche-droite-2-50.jpg\" alt=\"\"><\/a><br>-&gt; GONTHIER-VAN BROEKHOVEN<\/td><\/tr><\/tbody><\/table><\/figure>\n\n\n\n<hr class=\"wp-block-separator is-style-wide\"\/>\n\n\n\n<h2 class=\"wp-block-heading\">En savoir plus&#8230;<\/h2>\n\n\n\n<p>Le studio <strong>Gonthier-Cornand<\/strong> (1843-1889) succ\u00e9da \u00e0 celui de <strong>Louis Corbassi\u00e8re <\/strong>qui l&rsquo;avait repris de <strong>Gustave Straus<\/strong>.<br><strong>Marie Cornand<\/strong> avait rachet\u00e9 la faillite Corbassi\u00e8re o\u00f9 d&rsquo;ailleurs elle \u00e9tait \u00ab\u00a0directrice de la photographie\u00a0\u00bb (Journal La Meuse 10\/01\/1880). En 1878, elle avait \u00e9pous\u00e9 <strong>Guillaume Gonthier<\/strong>, instituteur. <\/p>\n\n\n\n<div class=\"wp-block-image\"><figure class=\"aligncenter size-large\"><img loading=\"lazy\" decoding=\"async\" width=\"361\" height=\"590\" src=\"https:\/\/haulet.be\/gen\/wp-content\/uploads\/2021\/08\/Madame-Gonthier-Cornand.jpg\" alt=\"\" class=\"wp-image-3681\" srcset=\"https:\/\/haulet.be\/gen\/wp-content\/uploads\/2021\/08\/Madame-Gonthier-Cornand.jpg 361w, https:\/\/haulet.be\/gen\/wp-content\/uploads\/2021\/08\/Madame-Gonthier-Cornand-184x300.jpg 184w\" sizes=\"auto, (max-width: 361px) 100vw, 361px\" \/><\/figure><\/div>\n\n\n\n<p><br>Ils ont exerc\u00e9 12 boulevard d&rsquo;Avroy de 1880 \u00e0 1889. Il y eut une succursale \u00e0 Maestricht au 1766c rue du Casque de 1881 \u00e0 1888 et deux \u00e0 Gand au 1 rue de la Licorne (1881-1882) puis au 14 rue de Flandre ( <strong>Cornand et Cie<\/strong> 1887-1888).<br><a rel=\"noreferrer noopener\" href=\"https:\/\/fomu.atomis.be\/index.php\/gonthier-cornand-mme;isaar\" target=\"_blank\">https:\/\/fomu.atomis.be\/index.php\/gonthier-cornand-mme;isaar<\/a><\/p>\n\n\n\n<hr class=\"wp-block-separator is-style-wide\"\/>\n\n\n\n<h2 class=\"wp-block-heading\">Sur la toile&#8230;<\/h2>\n\n\n\n<p><a rel=\"noreferrer noopener\" href=\"https:\/\/www.bartko-reher-cpa.fr\/ak\/index.php?search=standard&amp;searchword=gonthier&amp;id=48388\" target=\"_blank\">https:\/\/www.bartko-reher-cpa.fr\/ak\/index.php?search=standard&amp;searchword=gonthier&amp;id=48388<\/a><br><a href=\"https:\/\/franchimontees.wordpress.com\/gonthier-cornand-cartes-de-visite\/\" target=\"_blank\" rel=\"noreferrer noopener\">https:\/\/franchimontees.wordpress.com\/gonthier-cornand-cartes-de-visite\/<\/a><br><a rel=\"noreferrer noopener\" href=\"https:\/\/www.ebay.fr\/sch\/i.html?_from=R40&amp;_trksid=p2047675.m570.l1313&amp;_nkw=gonthier-cornand&amp;_sacat=0\" target=\"_blank\">https:\/\/www.ebay.fr\/sch\/i.html?_from=R40&amp;_trksid=p2047675.m570.l1313&amp;_nkw=gonthier-cornand&amp;_sacat=0<\/a><\/p>\n\n\n\n<hr class=\"wp-block-separator is-style-wide\"\/>\n","protected":false},"excerpt":{"rendered":"<p>GONTHIER-CORNAND &#8211; 12, Bd d&rsquo;Avroy &#8211; Li\u00e8ge L&rsquo;atelier GONTHIER-CORNAND a eu un \u00e9tablissement \u00e0 Maestricht, 1766 rue du Casque. photographies gaufr\u00e9es GILLARD et DELVAUX &lt;- SOMMAIRE -&gt; GONTHIER-VAN BROEKHOVEN En savoir plus&#8230; Le studio Gonthier-Cornand (1843-1889) succ\u00e9da \u00e0 celui de Louis Corbassi\u00e8re qui l&rsquo;avait repris de Gustave Straus.Marie Cornand avait rachet\u00e9 la faillite Corbassi\u00e8re o\u00f9 [&hellip;]<\/p>\n","protected":false},"author":1,"featured_media":0,"parent":0,"menu_order":0,"comment_status":"closed","ping_status":"closed","template":"template-full-width.php","meta":{"_coblocks_attr":"","_coblocks_dimensions":"","_coblocks_responsive_height":"","_coblocks_accordion_ie_support":"","footnotes":""},"class_list":["post-3214","page","type-page","status-publish","hentry"],"_links":{"self":[{"href":"https:\/\/haulet.be\/gen\/wp-json\/wp\/v2\/pages\/3214","targetHints":{"allow":["GET"]}}],"collection":[{"href":"https:\/\/haulet.be\/gen\/wp-json\/wp\/v2\/pages"}],"about":[{"href":"https:\/\/haulet.be\/gen\/wp-json\/wp\/v2\/types\/page"}],"author":[{"embeddable":true,"href":"https:\/\/haulet.be\/gen\/wp-json\/wp\/v2\/users\/1"}],"replies":[{"embeddable":true,"href":"https:\/\/haulet.be\/gen\/wp-json\/wp\/v2\/comments?post=3214"}],"version-history":[{"count":0,"href":"https:\/\/haulet.be\/gen\/wp-json\/wp\/v2\/pages\/3214\/revisions"}],"wp:attachment":[{"href":"https:\/\/haulet.be\/gen\/wp-json\/wp\/v2\/media?parent=3214"}],"curies":[{"name":"wp","href":"https:\/\/api.w.org\/{rel}","templated":true}]}}