{"id":3231,"date":"2021-08-15T19:38:33","date_gmt":"2021-08-15T17:38:33","guid":{"rendered":"https:\/\/haulet.be\/gen\/?page_id=3231"},"modified":"2021-08-21T19:43:35","modified_gmt":"2021-08-21T17:43:35","slug":"cdv-janssens","status":"publish","type":"page","link":"https:\/\/haulet.be\/gen\/cdv-janssens\/","title":{"rendered":"CDV &#8211; Janssens"},"content":{"rendered":"\n<h2 class=\"wp-block-heading\">G\u00e9rard JANSSENS &#8211; 222, bd d&rsquo;Avroy &#8211; Li\u00e8ge<\/h2>\n\n\n\n<p>Photographie artistique et industrielle<\/p>\n\n\n\n<hr class=\"wp-block-separator is-style-wide\"\/>\n\n\n\n<figure class=\"wp-block-table aligncenter\"><table class=\"has-subtle-pale-blue-background-color has-fixed-layout has-background\"><tbody><tr><td class=\"has-text-align-center\" data-align=\"center\"><img loading=\"lazy\" decoding=\"async\" width=\"400\" height=\"640\" class=\"wp-image-3003\" style=\"width: 400px;\" src=\"https:\/\/haulet.be\/gen\/wp-content\/uploads\/2021\/08\/CV-Janssens-1-recto.jpg\" alt=\"\" srcset=\"https:\/\/haulet.be\/gen\/wp-content\/uploads\/2021\/08\/CV-Janssens-1-recto.jpg 738w, https:\/\/haulet.be\/gen\/wp-content\/uploads\/2021\/08\/CV-Janssens-1-recto-187x300.jpg 187w\" sizes=\"auto, (max-width: 400px) 100vw, 400px\" \/><\/td><td class=\"has-text-align-center\" data-align=\"center\"><img loading=\"lazy\" decoding=\"async\" width=\"400\" height=\"638\" class=\"wp-image-3004\" style=\"width: 400px;\" src=\"https:\/\/haulet.be\/gen\/wp-content\/uploads\/2021\/08\/CV-Janssens-1-verso.jpg\" alt=\"\" srcset=\"https:\/\/haulet.be\/gen\/wp-content\/uploads\/2021\/08\/CV-Janssens-1-verso.jpg 741w, https:\/\/haulet.be\/gen\/wp-content\/uploads\/2021\/08\/CV-Janssens-1-verso-188x300.jpg 188w\" sizes=\"auto, (max-width: 400px) 100vw, 400px\" \/><\/td><\/tr><tr><td class=\"has-text-align-center\" data-align=\"center\"><img loading=\"lazy\" decoding=\"async\" width=\"400\" height=\"643\" class=\"wp-image-3005\" style=\"width: 400px;\" src=\"https:\/\/haulet.be\/gen\/wp-content\/uploads\/2021\/08\/CV-Janssens-2-recto.jpg\" alt=\"\" srcset=\"https:\/\/haulet.be\/gen\/wp-content\/uploads\/2021\/08\/CV-Janssens-2-recto.jpg 735w, https:\/\/haulet.be\/gen\/wp-content\/uploads\/2021\/08\/CV-Janssens-2-recto-187x300.jpg 187w\" sizes=\"auto, (max-width: 400px) 100vw, 400px\" \/><\/td><td class=\"has-text-align-center\" data-align=\"center\"><img loading=\"lazy\" decoding=\"async\" width=\"400\" height=\"639\" class=\"wp-image-3006\" style=\"width: 400px;\" src=\"https:\/\/haulet.be\/gen\/wp-content\/uploads\/2021\/08\/CV-Janssens-2-verso.jpg\" alt=\"\" srcset=\"https:\/\/haulet.be\/gen\/wp-content\/uploads\/2021\/08\/CV-Janssens-2-verso.jpg 739w, https:\/\/haulet.be\/gen\/wp-content\/uploads\/2021\/08\/CV-Janssens-2-verso-188x300.jpg 188w\" sizes=\"auto, (max-width: 400px) 100vw, 400px\" \/><\/td><\/tr><tr><td class=\"has-text-align-center\" data-align=\"center\"><img loading=\"lazy\" decoding=\"async\" width=\"400\" height=\"664\" class=\"wp-image-3007\" style=\"width: 400px;\" src=\"https:\/\/haulet.be\/gen\/wp-content\/uploads\/2021\/08\/CV-Janssens-3-recto.jpg\" alt=\"\" srcset=\"https:\/\/haulet.be\/gen\/wp-content\/uploads\/2021\/08\/CV-Janssens-3-recto.jpg 711w, https:\/\/haulet.be\/gen\/wp-content\/uploads\/2021\/08\/CV-Janssens-3-recto-181x300.jpg 181w\" sizes=\"auto, (max-width: 400px) 100vw, 400px\" \/><\/td><td class=\"has-text-align-center\" data-align=\"center\"><img loading=\"lazy\" decoding=\"async\" width=\"400\" height=\"666\" class=\"wp-image-3008\" style=\"width: 400px;\" src=\"https:\/\/haulet.be\/gen\/wp-content\/uploads\/2021\/08\/CV-Janssens-3-verso.jpg\" alt=\"\" srcset=\"https:\/\/haulet.be\/gen\/wp-content\/uploads\/2021\/08\/CV-Janssens-3-verso.jpg 709w, https:\/\/haulet.be\/gen\/wp-content\/uploads\/2021\/08\/CV-Janssens-3-verso-180x300.jpg 180w\" sizes=\"auto, (max-width: 400px) 100vw, 400px\" \/><\/td><\/tr><\/tbody><\/table><\/figure>\n\n\n\n<hr class=\"wp-block-separator is-style-wide\"\/>\n\n\n\n<figure class=\"wp-block-table\"><table class=\"has-fixed-layout\"><tbody><tr><td class=\"has-text-align-center\" data-align=\"center\"><a href=\"https:\/\/haulet.be\/gen\/cdv-huisman\/\"><img loading=\"lazy\" decoding=\"async\" width=\"50\" height=\"50\" class=\"wp-image-3173\" style=\"width: 50px;\" src=\"https:\/\/haulet.be\/gen\/wp-content\/uploads\/2021\/08\/CVA-fleche-gauche-50.jpg\" alt=\"\"><\/a><br>HUISMAN &lt;-<\/td><td><\/td><td class=\"has-text-align-center\" data-align=\"center\"><a href=\"https:\/\/haulet.be\/gen\/cdv-les-photographies-carte-de-visite-liegeoises\/\"><img loading=\"lazy\" decoding=\"async\" width=\"50\" height=\"50\" class=\"wp-image-3174\" style=\"width: 50px;\" src=\"https:\/\/haulet.be\/gen\/wp-content\/uploads\/2021\/08\/CVA-maison-50.jpg\" alt=\"\"><\/a><br>SOMMAIRE<\/td><td><\/td><td class=\"has-text-align-center\" data-align=\"center\"><a href=\"https:\/\/haulet.be\/gen\/cdv-kirsch\/\"><img loading=\"lazy\" decoding=\"async\" width=\"50\" height=\"50\" class=\"wp-image-3172\" style=\"width: 50px;\" src=\"https:\/\/haulet.be\/gen\/wp-content\/uploads\/2021\/08\/CVA-fleche-droite-2-50.jpg\" alt=\"\"><\/a><br>-&gt; KIRSCH<\/td><\/tr><\/tbody><\/table><\/figure>\n\n\n\n<hr class=\"wp-block-separator is-style-wide\"\/>\n\n\n\n<h2 class=\"wp-block-heading\">En savoir plus&#8230;<\/h2>\n\n\n\n<p><strong>G\u00e9rard Janssens<\/strong> (1863-1925), apr\u00e8s avoir \u00e9t\u00e9 \u00ab\u00a0op\u00e9rateur dans les meilleurs studios de Li\u00e8ge, Gand et Maastricht\u00a0\u00bb, s&rsquo;installe au 46 puis 222 boulevard d&rsquo;Avroy en 1892 jusqu&rsquo;en 1914. Il poursuivit ses activit\u00e9s jusqu&rsquo;en 1925 au 113 boulevard de la Sauveni\u00e8re.<br><a href=\"https:\/\/fomu.atomis.be\/index.php\/janssens-gerard;isaar\" target=\"_blank\" rel=\"noreferrer noopener\">https:\/\/fomu.atomis.be\/index.php\/janssens-gerard;isaar<\/a><\/p>\n\n\n\n<hr class=\"wp-block-separator is-style-wide\"\/>\n\n\n\n<h2 class=\"wp-block-heading\">Sur la toile&#8230;<\/h2>\n\n\n\n<p><a rel=\"noreferrer noopener\" href=\"https:\/\/www.bartko-reher-cpa.fr\/ak\/index.php?search=standard&amp;searchword=gerard+janssens&amp;id=48388\" target=\"_blank\">https:\/\/www.bartko-reher-cpa.fr\/ak\/index.php?search=standard&amp;searchword=gerard+janssens&amp;id=48388<\/a><br><a href=\"https:\/\/www.delcampe.net\/en_US\/collectibles\/search?search_mode=all&amp;excluded_terms=&amp;term=gerard+janssens++Li%C3%A8ge&amp;payment_methods%5B%5D=delcampe_pay&amp;payment_methods%5B%5D=paypal&amp;payment_methods%5B%5D=check&amp;payment_methods%5B%5D=bank_transfer&amp;payment_methods%5B%5D=cash&amp;payment_methods%5B%5D=creditcard&amp;display_ongoing=ongoing&amp;display_state=ongoing&amp;started_days=&amp;started_hours=&amp;ended_hours=&amp;display_only=&amp;min_price=&amp;max_price=&amp;currency=all&amp;seller_localisation_continent=&amp;seller_localisation_country=&amp;seller_localisation_choice=world&amp;view=gallery&amp;order=sale_start_datetime\" target=\"_blank\" rel=\"noreferrer noopener\">https:\/\/www.delcampe.net\/en_US\/collectibles\/search?search_mode=all&amp;excluded_terms=&amp;term=gerard+janssens++Li%C3%A8ge&amp;payment_methods%5B%5D=delcampe_pay&amp;payment_methods%5B%5D=paypal&amp;payment_methods%5B%5D=check&amp;payment_methods%5B%5D=bank_transfer&amp;payment_methods%5B%5D=cash&amp;payment_methods%5B%5D=creditcard&amp;display_ongoing=ongoing&amp;display_state=ongoing&amp;started_days=&amp;started_hours=&amp;ended_hours=&amp;display_only=&amp;min_price=&amp;max_price=&amp;currency=all&amp;seller_localisation_continent=&amp;seller_localisation_country=&amp;seller_localisation_choice=world&amp;view=gallery&amp;order=sale_start_datetime<\/a><\/p>\n\n\n\n<hr class=\"wp-block-separator is-style-wide\"\/>\n\n\n\n<p><\/p>\n","protected":false},"excerpt":{"rendered":"<p>G\u00e9rard JANSSENS &#8211; 222, bd d&rsquo;Avroy &#8211; Li\u00e8ge Photographie artistique et industrielle HUISMAN &lt;- SOMMAIRE -&gt; KIRSCH En savoir plus&#8230; G\u00e9rard Janssens (1863-1925), apr\u00e8s avoir \u00e9t\u00e9 \u00ab\u00a0op\u00e9rateur dans les meilleurs studios de Li\u00e8ge, Gand et Maastricht\u00a0\u00bb, s&rsquo;installe au 46 puis 222 boulevard d&rsquo;Avroy en 1892 jusqu&rsquo;en 1914. Il poursuivit ses activit\u00e9s jusqu&rsquo;en 1925 au 113 [&hellip;]<\/p>\n","protected":false},"author":1,"featured_media":0,"parent":0,"menu_order":0,"comment_status":"closed","ping_status":"closed","template":"template-full-width.php","meta":{"_coblocks_attr":"","_coblocks_dimensions":"","_coblocks_responsive_height":"","_coblocks_accordion_ie_support":"","footnotes":""},"class_list":["post-3231","page","type-page","status-publish","hentry"],"_links":{"self":[{"href":"https:\/\/haulet.be\/gen\/wp-json\/wp\/v2\/pages\/3231","targetHints":{"allow":["GET"]}}],"collection":[{"href":"https:\/\/haulet.be\/gen\/wp-json\/wp\/v2\/pages"}],"about":[{"href":"https:\/\/haulet.be\/gen\/wp-json\/wp\/v2\/types\/page"}],"author":[{"embeddable":true,"href":"https:\/\/haulet.be\/gen\/wp-json\/wp\/v2\/users\/1"}],"replies":[{"embeddable":true,"href":"https:\/\/haulet.be\/gen\/wp-json\/wp\/v2\/comments?post=3231"}],"version-history":[{"count":0,"href":"https:\/\/haulet.be\/gen\/wp-json\/wp\/v2\/pages\/3231\/revisions"}],"wp:attachment":[{"href":"https:\/\/haulet.be\/gen\/wp-json\/wp\/v2\/media?parent=3231"}],"curies":[{"name":"wp","href":"https:\/\/api.w.org\/{rel}","templated":true}]}}