{"id":3246,"date":"2021-08-16T12:45:58","date_gmt":"2021-08-16T10:45:58","guid":{"rendered":"https:\/\/haulet.be\/gen\/?page_id=3246"},"modified":"2021-08-22T12:23:11","modified_gmt":"2021-08-22T10:23:11","slug":"cdv-roba","status":"publish","type":"page","link":"https:\/\/haulet.be\/gen\/cdv-roba\/","title":{"rendered":"CDV &#8211; Roba"},"content":{"rendered":"\n<h2 class=\"wp-block-heading\">Th\u00e9o Roba &#8211; 6, rue Soeurs de Hasque &#8211; Li\u00e8ge<\/h2>\n\n\n\n<hr class=\"wp-block-separator is-style-wide\"\/>\n\n\n\n<figure class=\"wp-block-table aligncenter\"><table class=\"has-subtle-pale-blue-background-color has-fixed-layout has-background\"><tbody><tr><td class=\"has-text-align-center\" data-align=\"center\"><img loading=\"lazy\" decoding=\"async\" width=\"400\" height=\"659\" class=\"wp-image-3017\" style=\"width: 400px;\" src=\"https:\/\/haulet.be\/gen\/wp-content\/uploads\/2021\/08\/CV-Roba-recto.jpg\" alt=\"\" srcset=\"https:\/\/haulet.be\/gen\/wp-content\/uploads\/2021\/08\/CV-Roba-recto.jpg 717w, https:\/\/haulet.be\/gen\/wp-content\/uploads\/2021\/08\/CV-Roba-recto-182x300.jpg 182w\" sizes=\"auto, (max-width: 400px) 100vw, 400px\" \/><\/td><td class=\"has-text-align-center\" data-align=\"center\"><img loading=\"lazy\" decoding=\"async\" width=\"400\" height=\"656\" class=\"wp-image-3018\" style=\"width: 400px;\" src=\"https:\/\/haulet.be\/gen\/wp-content\/uploads\/2021\/08\/CV-Roba-verso.jpg\" alt=\"\" srcset=\"https:\/\/haulet.be\/gen\/wp-content\/uploads\/2021\/08\/CV-Roba-verso.jpg 720w, https:\/\/haulet.be\/gen\/wp-content\/uploads\/2021\/08\/CV-Roba-verso-183x300.jpg 183w\" sizes=\"auto, (max-width: 400px) 100vw, 400px\" \/><\/td><\/tr><\/tbody><\/table><\/figure>\n\n\n\n<hr class=\"wp-block-separator is-style-wide\"\/>\n\n\n\n<figure class=\"wp-block-table\"><table class=\"has-fixed-layout\"><tbody><tr><td class=\"has-text-align-center\" data-align=\"center\"><a href=\"https:\/\/haulet.be\/gen\/cdv-plumier\/\"><img loading=\"lazy\" decoding=\"async\" width=\"50\" height=\"50\" class=\"wp-image-3173\" style=\"width: 50px;\" src=\"https:\/\/haulet.be\/gen\/wp-content\/uploads\/2021\/08\/CVA-fleche-gauche-50.jpg\" alt=\"\"><\/a><br>PLUMIER &lt;-<\/td><td><\/td><td class=\"has-text-align-center\" data-align=\"center\"><a href=\"https:\/\/haulet.be\/gen\/cdv-les-photographies-carte-de-visite-liegeoises\/\"><img loading=\"lazy\" decoding=\"async\" width=\"50\" height=\"50\" class=\"wp-image-3174\" style=\"width: 50px;\" src=\"https:\/\/haulet.be\/gen\/wp-content\/uploads\/2021\/08\/CVA-maison-50.jpg\" alt=\"\"><\/a><br>SOMMAIRE<\/td><td><\/td><td class=\"has-text-align-center\" data-align=\"center\"><a href=\"https:\/\/haulet.be\/gen\/cdv-samson\/\"><img loading=\"lazy\" decoding=\"async\" width=\"50\" height=\"50\" class=\"wp-image-3172\" style=\"width: 50px;\" src=\"https:\/\/haulet.be\/gen\/wp-content\/uploads\/2021\/08\/CVA-fleche-droite-2-50.jpg\" alt=\"\"><\/a><br>-&gt; SAMSON<\/td><\/tr><\/tbody><\/table><\/figure>\n\n\n\n<hr class=\"wp-block-separator is-style-wide\"\/>\n\n\n\n<h2 class=\"wp-block-heading\">En savoir plus&#8230;<\/h2>\n\n\n\n<p><strong>Th\u00e9o Roba<\/strong> commen\u00e7a son activit\u00e9 de photographe \u00e0 Li\u00e8ge en reprenant en 1899 l&rsquo;atelier du hollandais <strong>Roemer Petrus Wilhelmus<\/strong>. <br>Il aurait \u00e9t\u00e9 actif de 1905 \u00e0 1913 (<a rel=\"noreferrer noopener\" href=\"https:\/\/fomu.atomis.be\/index.php\/roba-theo;isaar\" target=\"_blank\">https:\/\/fomu.atomis.be\/index.php\/roba-theo;isaar<\/a>)<\/p>\n\n\n\n<hr class=\"wp-block-separator is-style-wide\"\/>\n","protected":false},"excerpt":{"rendered":"<p>Th\u00e9o Roba &#8211; 6, rue Soeurs de Hasque &#8211; Li\u00e8ge PLUMIER &lt;- SOMMAIRE -&gt; SAMSON En savoir plus&#8230; Th\u00e9o Roba commen\u00e7a son activit\u00e9 de photographe \u00e0 Li\u00e8ge en reprenant en 1899 l&rsquo;atelier du hollandais Roemer Petrus Wilhelmus. Il aurait \u00e9t\u00e9 actif de 1905 \u00e0 1913 (https:\/\/fomu.atomis.be\/index.php\/roba-theo;isaar)<\/p>\n","protected":false},"author":1,"featured_media":0,"parent":0,"menu_order":0,"comment_status":"closed","ping_status":"closed","template":"template-full-width.php","meta":{"_coblocks_attr":"","_coblocks_dimensions":"","_coblocks_responsive_height":"","_coblocks_accordion_ie_support":"","footnotes":""},"class_list":["post-3246","page","type-page","status-publish","hentry"],"_links":{"self":[{"href":"https:\/\/haulet.be\/gen\/wp-json\/wp\/v2\/pages\/3246","targetHints":{"allow":["GET"]}}],"collection":[{"href":"https:\/\/haulet.be\/gen\/wp-json\/wp\/v2\/pages"}],"about":[{"href":"https:\/\/haulet.be\/gen\/wp-json\/wp\/v2\/types\/page"}],"author":[{"embeddable":true,"href":"https:\/\/haulet.be\/gen\/wp-json\/wp\/v2\/users\/1"}],"replies":[{"embeddable":true,"href":"https:\/\/haulet.be\/gen\/wp-json\/wp\/v2\/comments?post=3246"}],"version-history":[{"count":0,"href":"https:\/\/haulet.be\/gen\/wp-json\/wp\/v2\/pages\/3246\/revisions"}],"wp:attachment":[{"href":"https:\/\/haulet.be\/gen\/wp-json\/wp\/v2\/media?parent=3246"}],"curies":[{"name":"wp","href":"https:\/\/api.w.org\/{rel}","templated":true}]}}