{"id":3269,"date":"2021-08-16T13:14:54","date_gmt":"2021-08-16T11:14:54","guid":{"rendered":"https:\/\/haulet.be\/gen\/?page_id=3269"},"modified":"2021-08-22T12:25:13","modified_gmt":"2021-08-22T10:25:13","slug":"cdv-servais-freres","status":"publish","type":"page","link":"https:\/\/haulet.be\/gen\/cdv-servais-freres\/","title":{"rendered":"CDV &#8211; Servais Fr\u00e8res"},"content":{"rendered":"\n<h2 class=\"wp-block-heading\">SERVAIS Fr\u00e8res &#8211; 37, rue sur Meuse &#8211; Li\u00e8ge<\/h2>\n\n\n\n<hr class=\"wp-block-separator is-style-wide\"\/>\n\n\n\n<figure class=\"wp-block-table aligncenter\"><table class=\"has-subtle-pale-blue-background-color has-fixed-layout has-background\"><tbody><tr><td class=\"has-text-align-center\" data-align=\"center\"><img loading=\"lazy\" decoding=\"async\" width=\"400\" height=\"663\" class=\"wp-image-3043\" style=\"width: 400px;\" src=\"https:\/\/haulet.be\/gen\/wp-content\/uploads\/2021\/08\/CV-Servais-Fre\u0300res-1-recto.jpg\" alt=\"\" srcset=\"https:\/\/haulet.be\/gen\/wp-content\/uploads\/2021\/08\/CV-Servais-Fre\u0300res-1-recto.jpg 712w, https:\/\/haulet.be\/gen\/wp-content\/uploads\/2021\/08\/CV-Servais-Fre\u0300res-1-recto-181x300.jpg 181w\" sizes=\"auto, (max-width: 400px) 100vw, 400px\" \/><\/td><td class=\"has-text-align-center\" data-align=\"center\"><img loading=\"lazy\" decoding=\"async\" width=\"400\" height=\"660\" class=\"wp-image-3044\" style=\"width: 400px;\" src=\"https:\/\/haulet.be\/gen\/wp-content\/uploads\/2021\/08\/CV-Servais-Fre\u0300res-1-verso.jpg\" alt=\"\" srcset=\"https:\/\/haulet.be\/gen\/wp-content\/uploads\/2021\/08\/CV-Servais-Fre\u0300res-1-verso.jpg 716w, https:\/\/haulet.be\/gen\/wp-content\/uploads\/2021\/08\/CV-Servais-Fre\u0300res-1-verso-182x300.jpg 182w\" sizes=\"auto, (max-width: 400px) 100vw, 400px\" \/><\/td><\/tr><tr><td class=\"has-text-align-center\" data-align=\"center\"><img loading=\"lazy\" decoding=\"async\" width=\"400\" height=\"666\" class=\"wp-image-3045\" style=\"width: 400px;\" src=\"https:\/\/haulet.be\/gen\/wp-content\/uploads\/2021\/08\/CV-Servais-Fre\u0300res-2-recto.jpg\" alt=\"\" srcset=\"https:\/\/haulet.be\/gen\/wp-content\/uploads\/2021\/08\/CV-Servais-Fre\u0300res-2-recto.jpg 709w, https:\/\/haulet.be\/gen\/wp-content\/uploads\/2021\/08\/CV-Servais-Fre\u0300res-2-recto-180x300.jpg 180w\" sizes=\"auto, (max-width: 400px) 100vw, 400px\" \/><\/td><td class=\"has-text-align-center\" data-align=\"center\"><img loading=\"lazy\" decoding=\"async\" width=\"400\" height=\"661\" class=\"wp-image-3046\" style=\"width: 400px;\" src=\"https:\/\/haulet.be\/gen\/wp-content\/uploads\/2021\/08\/CV-Servais-Fre\u0300res-2-verso.jpg\" alt=\"\" srcset=\"https:\/\/haulet.be\/gen\/wp-content\/uploads\/2021\/08\/CV-Servais-Fre\u0300res-2-verso.jpg 715w, https:\/\/haulet.be\/gen\/wp-content\/uploads\/2021\/08\/CV-Servais-Fre\u0300res-2-verso-182x300.jpg 182w\" sizes=\"auto, (max-width: 400px) 100vw, 400px\" \/><\/td><\/tr><tr><td class=\"has-text-align-center\" data-align=\"center\"><img loading=\"lazy\" decoding=\"async\" width=\"400\" height=\"663\" class=\"wp-image-3047\" style=\"width: 400px;\" src=\"https:\/\/haulet.be\/gen\/wp-content\/uploads\/2021\/08\/CV-Servais-Fre\u0300res-3-recto.jpg\" alt=\"\" srcset=\"https:\/\/haulet.be\/gen\/wp-content\/uploads\/2021\/08\/CV-Servais-Fre\u0300res-3-recto.jpg 713w, https:\/\/haulet.be\/gen\/wp-content\/uploads\/2021\/08\/CV-Servais-Fre\u0300res-3-recto-181x300.jpg 181w\" sizes=\"auto, (max-width: 400px) 100vw, 400px\" \/><\/td><td class=\"has-text-align-center\" data-align=\"center\"><img loading=\"lazy\" decoding=\"async\" width=\"400\" height=\"663\" class=\"wp-image-3048\" style=\"width: 400px;\" src=\"https:\/\/haulet.be\/gen\/wp-content\/uploads\/2021\/08\/CV-Servais-Fre\u0300res-3-verso.jpg\" alt=\"\" srcset=\"https:\/\/haulet.be\/gen\/wp-content\/uploads\/2021\/08\/CV-Servais-Fre\u0300res-3-verso.jpg 712w, https:\/\/haulet.be\/gen\/wp-content\/uploads\/2021\/08\/CV-Servais-Fre\u0300res-3-verso-181x300.jpg 181w\" sizes=\"auto, (max-width: 400px) 100vw, 400px\" \/><\/td><\/tr><tr><td class=\"has-text-align-center\" data-align=\"center\"><img loading=\"lazy\" decoding=\"async\" width=\"400\" height=\"664\" class=\"wp-image-3049\" style=\"width: 400px;\" src=\"https:\/\/haulet.be\/gen\/wp-content\/uploads\/2021\/08\/CV-Servais-Fre\u0300res-4-recto.jpg\" alt=\"\" srcset=\"https:\/\/haulet.be\/gen\/wp-content\/uploads\/2021\/08\/CV-Servais-Fre\u0300res-4-recto.jpg 711w, https:\/\/haulet.be\/gen\/wp-content\/uploads\/2021\/08\/CV-Servais-Fre\u0300res-4-recto-181x300.jpg 181w\" sizes=\"auto, (max-width: 400px) 100vw, 400px\" \/><\/td><td class=\"has-text-align-center\" data-align=\"center\"><img loading=\"lazy\" decoding=\"async\" width=\"400\" height=\"649\" class=\"wp-image-3050\" style=\"width: 400px;\" src=\"https:\/\/haulet.be\/gen\/wp-content\/uploads\/2021\/08\/CV-Servais-Fre\u0300res-4-verso.jpg\" alt=\"\" srcset=\"https:\/\/haulet.be\/gen\/wp-content\/uploads\/2021\/08\/CV-Servais-Fre\u0300res-4-verso.jpg 728w, https:\/\/haulet.be\/gen\/wp-content\/uploads\/2021\/08\/CV-Servais-Fre\u0300res-4-verso-185x300.jpg 185w\" sizes=\"auto, (max-width: 400px) 100vw, 400px\" \/><\/td><\/tr><\/tbody><\/table><\/figure>\n\n\n\n<hr class=\"wp-block-separator is-style-wide\"\/>\n\n\n\n<figure class=\"wp-block-table\"><table class=\"has-fixed-layout\"><tbody><tr><td class=\"has-text-align-center\" data-align=\"center\"><a href=\"https:\/\/haulet.be\/gen\/cdv-servais\/https:\/\/haulet.be\/gen\/cdv-servais\/\"><img loading=\"lazy\" decoding=\"async\" width=\"50\" height=\"50\" class=\"wp-image-3173\" style=\"width: 50px;\" src=\"https:\/\/haulet.be\/gen\/wp-content\/uploads\/2021\/08\/CVA-fleche-gauche-50.jpg\" alt=\"\"><\/a><br>SERVAIS &lt;-<\/td><td><\/td><td class=\"has-text-align-center\" data-align=\"center\"><a href=\"https:\/\/haulet.be\/gen\/cdv-les-photographies-carte-de-visite-liegeoises\/\"><img loading=\"lazy\" decoding=\"async\" width=\"50\" height=\"50\" class=\"wp-image-3174\" style=\"width: 50px;\" src=\"https:\/\/haulet.be\/gen\/wp-content\/uploads\/2021\/08\/CVA-maison-50.jpg\" alt=\"\"><\/a><br>SOMMAIRE<\/td><td><\/td><td class=\"has-text-align-center\" data-align=\"center\"><a href=\"https:\/\/haulet.be\/gen\/cdv-straus\/\"><img loading=\"lazy\" decoding=\"async\" width=\"50\" height=\"50\" class=\"wp-image-3172\" style=\"width: 50px;\" src=\"https:\/\/haulet.be\/gen\/wp-content\/uploads\/2021\/08\/CVA-fleche-droite-2-50.jpg\" alt=\"\"><\/a><br>-&gt; STRAUS<\/td><\/tr><\/tbody><\/table><\/figure>\n\n\n\n<hr class=\"wp-block-separator is-style-wide\"\/>\n\n\n\n<h2 class=\"wp-block-heading\">En savoir plus&#8230;<\/h2>\n\n\n\n<p>Apr\u00e8s un stage \u00e0 Paris, l&rsquo;ain\u00e9, <strong>Joseph-Arnold Servais<\/strong> (1829-1866), installe en 1854 un atelier chez ses parents \u00e0 l&rsquo;angle de la rue de sur Meuse et de la rue de l&rsquo;Agneau (les deux adresses ont \u00e9t\u00e9 utilis\u00e9es).<br>En 1864, il s&rsquo;associe avec son fr\u00e8re <strong>Jean Servais<\/strong> (1838-1917), professeur au coll\u00e8ge Saint-Servais et n\u00e9anmoins excellent paysagiste \u00e9l\u00e8ve de <strong>Marissiaux.<\/strong><br>L&rsquo;atelier, repris par le fils de Joseph-Arnold, fonctionnera jusqu&rsquo;en 1902<br><a rel=\"noreferrer noopener\" href=\"https:\/\/fomu.atomis.be\/index.php\/servais-joseph-arnold;isaar\" target=\"_blank\">https:\/\/fomu.atomis.be\/index.php\/servais-joseph-arnold;isaar<\/a><\/p>\n\n\n\n<hr class=\"wp-block-separator is-style-wide\"\/>\n\n\n\n<h2 class=\"wp-block-heading\">Sur la toile&#8230;<\/h2>\n\n\n\n<p><a href=\"https:\/\/franchimontees.wordpress.com\/servais-freres-cabinet-pictures\/\" target=\"_blank\" rel=\"noreferrer noopener\">https:\/\/franchimontees.wordpress.com\/servais-freres-cabinet-pictures\/<\/a><br><a rel=\"noreferrer noopener\" href=\"https:\/\/www.bartko-reher-cpa.fr\/ak\/index.php?search=standard&amp;searchword=servais&amp;id=48388\" target=\"_blank\">https:\/\/www.bartko-reher-cpa.fr\/ak\/index.php?search=standard&amp;searchword=servais&amp;id=48388<\/a><\/p>\n\n\n\n<hr class=\"wp-block-separator is-style-wide\"\/>\n","protected":false},"excerpt":{"rendered":"<p>SERVAIS Fr\u00e8res &#8211; 37, rue sur Meuse &#8211; Li\u00e8ge SERVAIS &lt;- SOMMAIRE -&gt; STRAUS En savoir plus&#8230; Apr\u00e8s un stage \u00e0 Paris, l&rsquo;ain\u00e9, Joseph-Arnold Servais (1829-1866), installe en 1854 un atelier chez ses parents \u00e0 l&rsquo;angle de la rue de sur Meuse et de la rue de l&rsquo;Agneau (les deux adresses ont \u00e9t\u00e9 utilis\u00e9es).En 1864, [&hellip;]<\/p>\n","protected":false},"author":1,"featured_media":0,"parent":0,"menu_order":0,"comment_status":"closed","ping_status":"closed","template":"template-full-width.php","meta":{"_coblocks_attr":"","_coblocks_dimensions":"","_coblocks_responsive_height":"","_coblocks_accordion_ie_support":"","footnotes":""},"class_list":["post-3269","page","type-page","status-publish","hentry"],"_links":{"self":[{"href":"https:\/\/haulet.be\/gen\/wp-json\/wp\/v2\/pages\/3269","targetHints":{"allow":["GET"]}}],"collection":[{"href":"https:\/\/haulet.be\/gen\/wp-json\/wp\/v2\/pages"}],"about":[{"href":"https:\/\/haulet.be\/gen\/wp-json\/wp\/v2\/types\/page"}],"author":[{"embeddable":true,"href":"https:\/\/haulet.be\/gen\/wp-json\/wp\/v2\/users\/1"}],"replies":[{"embeddable":true,"href":"https:\/\/haulet.be\/gen\/wp-json\/wp\/v2\/comments?post=3269"}],"version-history":[{"count":0,"href":"https:\/\/haulet.be\/gen\/wp-json\/wp\/v2\/pages\/3269\/revisions"}],"wp:attachment":[{"href":"https:\/\/haulet.be\/gen\/wp-json\/wp\/v2\/media?parent=3269"}],"curies":[{"name":"wp","href":"https:\/\/api.w.org\/{rel}","templated":true}]}}