{"id":3283,"date":"2021-08-16T13:34:44","date_gmt":"2021-08-16T11:34:44","guid":{"rendered":"https:\/\/haulet.be\/gen\/?page_id=3283"},"modified":"2021-08-22T12:37:39","modified_gmt":"2021-08-22T10:37:39","slug":"cdv-wurth","status":"publish","type":"page","link":"https:\/\/haulet.be\/gen\/cdv-wurth\/","title":{"rendered":"CDV &#8211; Wurth"},"content":{"rendered":"\n<h2 class=\"wp-block-heading\">Ernest WURTH &#8211; 66, rue Louvrex &#8211; Li\u00e8ge<\/h2>\n\n\n\n<hr class=\"wp-block-separator is-style-wide\"\/>\n\n\n\n<figure class=\"wp-block-table aligncenter\"><table class=\"has-subtle-pale-blue-background-color has-fixed-layout has-background\"><tbody><tr><td class=\"has-text-align-center\" data-align=\"center\"><img loading=\"lazy\" decoding=\"async\" width=\"400\" height=\"663\" class=\"wp-image-3065\" style=\"width: 400px;\" src=\"https:\/\/haulet.be\/gen\/wp-content\/uploads\/2021\/08\/CV-Wurth-1-recto.jpg\" alt=\"\" srcset=\"https:\/\/haulet.be\/gen\/wp-content\/uploads\/2021\/08\/CV-Wurth-1-recto.jpg 713w, https:\/\/haulet.be\/gen\/wp-content\/uploads\/2021\/08\/CV-Wurth-1-recto-181x300.jpg 181w\" sizes=\"auto, (max-width: 400px) 100vw, 400px\" \/><\/td><td class=\"has-text-align-center\" data-align=\"center\"><img loading=\"lazy\" decoding=\"async\" width=\"400\" height=\"658\" class=\"wp-image-3066\" style=\"width: 400px;\" src=\"https:\/\/haulet.be\/gen\/wp-content\/uploads\/2021\/08\/CV-Wurth-1-verso.jpg\" alt=\"\" srcset=\"https:\/\/haulet.be\/gen\/wp-content\/uploads\/2021\/08\/CV-Wurth-1-verso.jpg 718w, https:\/\/haulet.be\/gen\/wp-content\/uploads\/2021\/08\/CV-Wurth-1-verso-182x300.jpg 182w\" sizes=\"auto, (max-width: 400px) 100vw, 400px\" \/><\/td><\/tr><tr><td class=\"has-text-align-center\" data-align=\"center\"><img loading=\"lazy\" decoding=\"async\" width=\"400\" height=\"665\" class=\"wp-image-3067\" style=\"width: 400px;\" src=\"https:\/\/haulet.be\/gen\/wp-content\/uploads\/2021\/08\/CV-Wurth-2-recto.jpg\" alt=\"\" srcset=\"https:\/\/haulet.be\/gen\/wp-content\/uploads\/2021\/08\/CV-Wurth-2-recto.jpg 710w, https:\/\/haulet.be\/gen\/wp-content\/uploads\/2021\/08\/CV-Wurth-2-recto-180x300.jpg 180w\" sizes=\"auto, (max-width: 400px) 100vw, 400px\" \/><\/td><td class=\"has-text-align-center\" data-align=\"center\"><img loading=\"lazy\" decoding=\"async\" width=\"400\" height=\"663\" class=\"wp-image-3068\" style=\"width: 400px;\" src=\"https:\/\/haulet.be\/gen\/wp-content\/uploads\/2021\/08\/CV-Wurth-2-verso.jpg\" alt=\"\" srcset=\"https:\/\/haulet.be\/gen\/wp-content\/uploads\/2021\/08\/CV-Wurth-2-verso.jpg 713w, https:\/\/haulet.be\/gen\/wp-content\/uploads\/2021\/08\/CV-Wurth-2-verso-181x300.jpg 181w\" sizes=\"auto, (max-width: 400px) 100vw, 400px\" \/><\/td><\/tr><tr><td class=\"has-text-align-center\" data-align=\"center\"><img loading=\"lazy\" decoding=\"async\" width=\"400\" height=\"663\" class=\"wp-image-3069\" style=\"width: 400px;\" src=\"https:\/\/haulet.be\/gen\/wp-content\/uploads\/2021\/08\/CV-Wurth-3-recto.jpg\" alt=\"\" srcset=\"https:\/\/haulet.be\/gen\/wp-content\/uploads\/2021\/08\/CV-Wurth-3-recto.jpg 713w, https:\/\/haulet.be\/gen\/wp-content\/uploads\/2021\/08\/CV-Wurth-3-recto-181x300.jpg 181w\" sizes=\"auto, (max-width: 400px) 100vw, 400px\" \/><\/td><td class=\"has-text-align-center\" data-align=\"center\"><img loading=\"lazy\" decoding=\"async\" width=\"400\" height=\"660\" class=\"wp-image-3070\" style=\"width: 400px;\" src=\"https:\/\/haulet.be\/gen\/wp-content\/uploads\/2021\/08\/CV-Wurth-3-verso.jpg\" alt=\"\" srcset=\"https:\/\/haulet.be\/gen\/wp-content\/uploads\/2021\/08\/CV-Wurth-3-verso.jpg 716w, https:\/\/haulet.be\/gen\/wp-content\/uploads\/2021\/08\/CV-Wurth-3-verso-182x300.jpg 182w\" sizes=\"auto, (max-width: 400px) 100vw, 400px\" \/><\/td><\/tr><\/tbody><\/table><figcaption>Ecriture et tranche dor\u00e9s<\/figcaption><\/figure>\n\n\n\n<hr class=\"wp-block-separator is-style-wide\"\/>\n\n\n\n<figure class=\"wp-block-table\"><table class=\"has-fixed-layout\"><tbody><tr><td class=\"has-text-align-center\" data-align=\"center\"><a href=\"https:\/\/haulet.be\/gen\/cdv-van-malderen\/\"><img loading=\"lazy\" decoding=\"async\" width=\"50\" height=\"50\" class=\"wp-image-3173\" style=\"width: 50px;\" src=\"https:\/\/haulet.be\/gen\/wp-content\/uploads\/2021\/08\/CVA-fleche-gauche-50.jpg\" alt=\"\"><\/a><br>VAN MALDEREN &lt;-<\/td><td><\/td><td class=\"has-text-align-center\" data-align=\"center\"><a href=\"https:\/\/haulet.be\/gen\/cdv-les-photographies-carte-de-visite-liegeoises\/\"><img loading=\"lazy\" decoding=\"async\" width=\"50\" height=\"50\" class=\"wp-image-3174\" style=\"width: 50px;\" src=\"https:\/\/haulet.be\/gen\/wp-content\/uploads\/2021\/08\/CVA-maison-50.jpg\" alt=\"\"><\/a><br>SOMMAIRE<\/td><td><\/td><td class=\"has-text-align-center\" data-align=\"center\"><a href=\"https:\/\/haulet.be\/gen\/cdv-zeyen-st-severin\/\"><img loading=\"lazy\" decoding=\"async\" width=\"50\" height=\"50\" class=\"wp-image-3172\" style=\"width: 50px;\" src=\"https:\/\/haulet.be\/gen\/wp-content\/uploads\/2021\/08\/CVA-fleche-droite-2-50.jpg\" alt=\"\"><\/a><br>-&gt; ZEYEN (St S\u00e9verin)<\/td><\/tr><\/tbody><\/table><\/figure>\n\n\n\n<hr class=\"wp-block-separator is-style-wide\"\/>\n\n\n\n<h2 class=\"wp-block-heading\">En savoir plus&#8230;<\/h2>\n\n\n\n<p>N\u00e9 en 1867, <strong>Ernest Wurth<\/strong> (ou W\u00fcrth), \u00e9tait le fils du peintre-paysagiste <strong>Xavier W\u00fcrth<\/strong>.<br>Etabli 66 rue Louvrex de 1890 \u00e0 1928, cet excellent portraitiste pratiquait \u00e9galement la photographie industrielle et le paysage.<br>Il s&rsquo;installa ensuite 28 rue de l&rsquo;Observatoire de 1928 jusqu&rsquo;\u00e0 sa mort en 1938.<br><a href=\"https:\/\/fomu.atomis.be\/index.php\/wurth-ernest;isaar\" target=\"_blank\" rel=\"noreferrer noopener\">https:\/\/fomu.atomis.be\/index.php\/wurth-ernest;isaar<\/a><\/p>\n\n\n\n<hr class=\"wp-block-separator is-style-wide\"\/>\n\n\n\n<h2 class=\"wp-block-heading\">Sur la toile&#8230;<\/h2>\n\n\n\n<p><a rel=\"noreferrer noopener\" href=\"https:\/\/franchimontees.wordpress.com\/wurth-cartes-de-visite\/\" target=\"_blank\">https:\/\/franchimontees.wordpress.com\/wurth-cartes-de-visite\/<\/a><\/p>\n\n\n\n<p><a href=\"https:\/\/www.bartko-reher-cpa.fr\/ak\/index.php?search=standard&amp;searchword=wurth&amp;id=48388\" target=\"_blank\" rel=\"noreferrer noopener\">https:\/\/www.bartko-reher-cpa.fr\/ak\/index.php?search=standard&amp;searchword=wurth&amp;id=48388<\/a><\/p>\n\n\n\n<p><a href=\"https:\/\/donum.uliege.be\/handle\/2268.1\/8823?locale=fr\" target=\"_blank\" rel=\"noreferrer noopener\">https:\/\/donum.uliege.be\/handle\/2268.1\/8823?locale=fr<\/a><\/p>\n\n\n\n<hr class=\"wp-block-separator is-style-wide\"\/>\n","protected":false},"excerpt":{"rendered":"<p>Ernest WURTH &#8211; 66, rue Louvrex &#8211; Li\u00e8ge Ecriture et tranche dor\u00e9s VAN MALDEREN &lt;- SOMMAIRE -&gt; ZEYEN (St S\u00e9verin) En savoir plus&#8230; N\u00e9 en 1867, Ernest Wurth (ou W\u00fcrth), \u00e9tait le fils du peintre-paysagiste Xavier W\u00fcrth.Etabli 66 rue Louvrex de 1890 \u00e0 1928, cet excellent portraitiste pratiquait \u00e9galement la photographie industrielle et le paysage.Il [&hellip;]<\/p>\n","protected":false},"author":1,"featured_media":0,"parent":0,"menu_order":0,"comment_status":"closed","ping_status":"closed","template":"template-full-width.php","meta":{"_coblocks_attr":"","_coblocks_dimensions":"","_coblocks_responsive_height":"","_coblocks_accordion_ie_support":"","footnotes":""},"class_list":["post-3283","page","type-page","status-publish","hentry"],"_links":{"self":[{"href":"https:\/\/haulet.be\/gen\/wp-json\/wp\/v2\/pages\/3283","targetHints":{"allow":["GET"]}}],"collection":[{"href":"https:\/\/haulet.be\/gen\/wp-json\/wp\/v2\/pages"}],"about":[{"href":"https:\/\/haulet.be\/gen\/wp-json\/wp\/v2\/types\/page"}],"author":[{"embeddable":true,"href":"https:\/\/haulet.be\/gen\/wp-json\/wp\/v2\/users\/1"}],"replies":[{"embeddable":true,"href":"https:\/\/haulet.be\/gen\/wp-json\/wp\/v2\/comments?post=3283"}],"version-history":[{"count":0,"href":"https:\/\/haulet.be\/gen\/wp-json\/wp\/v2\/pages\/3283\/revisions"}],"wp:attachment":[{"href":"https:\/\/haulet.be\/gen\/wp-json\/wp\/v2\/media?parent=3283"}],"curies":[{"name":"wp","href":"https:\/\/api.w.org\/{rel}","templated":true}]}}