{"id":4096,"date":"2021-10-29T18:13:12","date_gmt":"2021-10-29T16:13:12","guid":{"rendered":"https:\/\/haulet.be\/gen\/?page_id=4096"},"modified":"2021-11-10T18:53:49","modified_gmt":"2021-11-10T17:53:49","slug":"le-blason-haulet","status":"publish","type":"page","link":"https:\/\/haulet.be\/gen\/le-blason-haulet\/","title":{"rendered":"Le blason Haulet"},"content":{"rendered":"\n<div class=\"wp-block-image\"><figure class=\"aligncenter size-full\"><img loading=\"lazy\" decoding=\"async\" width=\"1000\" height=\"722\" src=\"https:\/\/haulet.be\/gen\/wp-content\/uploads\/2021\/10\/Blason-Haulet-1000.jpg\" alt=\"\" class=\"wp-image-4098\" srcset=\"https:\/\/haulet.be\/gen\/wp-content\/uploads\/2021\/10\/Blason-Haulet-1000.jpg 1000w, https:\/\/haulet.be\/gen\/wp-content\/uploads\/2021\/10\/Blason-Haulet-1000-300x217.jpg 300w, https:\/\/haulet.be\/gen\/wp-content\/uploads\/2021\/10\/Blason-Haulet-1000-768x554.jpg 768w\" sizes=\"auto, (max-width: 1000px) 100vw, 1000px\" \/><\/figure><\/div>\n\n\n\n<p>Comment une famille d&rsquo;origine modeste de Limbourg, ne sachant pas \u00e9crire, en ce qui concerne ses premiers repr\u00e9sentants, a \u00e9t\u00e9 amen\u00e9e \u00e0 s&rsquo;enorgueillir du blason que vous pouvez admirer ci-dessus ? <\/p>\n\n\n\n<p>On commencera par noter que \u00ab\u00a0blason\u00a0\u00bb n&rsquo;est pas le terme appropri\u00e9 puisqu&rsquo;il signifie la description technique des \u00ab\u00a0armoiries\u00a0\u00bb, celles-ci \u00e9tant les marques distinctives de familles, collectivit\u00e9s ou d&rsquo;individus repr\u00e9sent\u00e9es selon des r\u00e8gles d\u00e9finies, sur un \u00ab\u00a0\u00e9cu\u00a0\u00bb. (<a href=\"http:\/\/blasons.free.fr\/heraldique\/heraldique.php#herald_som\" target=\"_blank\" rel=\"noreferrer noopener\">http:\/\/blasons.free.fr\/heraldique\/heraldique.php#herald_som<\/a>)<\/p>\n\n\n\n<p>Outre les chevali\u00e8res armori\u00e9es, arbor\u00e9es fi\u00e8rement par quelques petits-fils de L\u00e9on F\u00e9lix Haulet, notre connaissance des blasons se limite \u00e0 la rencontre de sp\u00e9cimens d\u00e9couverts sur internet, tir\u00e9s de divers armoriaux :<\/p>\n\n\n\n<hr class=\"wp-block-separator is-style-wide\"\/>\n\n\n\n<div style=\"height:32px\" aria-hidden=\"true\" class=\"wp-block-spacer\"><\/div>\n\n\n\n<h2 class=\"has-custom-letterspacing wp-block-heading\" style=\"letter-spacing:2px\"> \u2022  ARMORIAL DU MARQUISAT DE FRANCHIMONT<\/h2>\n\n\n\n<p>Ce recueil d&rsquo;armoiries de familles de Verviers et environs montre en n\u00b0 474 un dessin et la description des armoiries de la famille Haulet :<\/p>\n\n\n\n<div class=\"wp-block-image\"><figure class=\"aligncenter size-full\"><img loading=\"lazy\" decoding=\"async\" width=\"780\" height=\"1076\" src=\"https:\/\/haulet.be\/gen\/wp-content\/uploads\/2021\/10\/Armorial-Marquisat-de-Franchimont-n\u00b0-474-Haulet.jpg\" alt=\"\" class=\"wp-image-4104\" srcset=\"https:\/\/haulet.be\/gen\/wp-content\/uploads\/2021\/10\/Armorial-Marquisat-de-Franchimont-n\u00b0-474-Haulet.jpg 780w, https:\/\/haulet.be\/gen\/wp-content\/uploads\/2021\/10\/Armorial-Marquisat-de-Franchimont-n\u00b0-474-Haulet-217x300.jpg 217w, https:\/\/haulet.be\/gen\/wp-content\/uploads\/2021\/10\/Armorial-Marquisat-de-Franchimont-n\u00b0-474-Haulet-768x1059.jpg 768w\" sizes=\"auto, (max-width: 780px) 100vw, 780px\" \/><\/figure><\/div>\n\n\n\n<p>Il s&rsquo;agit d&rsquo;un \u00ab\u00a0<em>parti de sable et d&rsquo;or au soleil parti de m\u00eame d&rsquo;or et de sable. Les armes sont timbr\u00e9es d&rsquo;un casque de fer surmont\u00e9 du soleil de l&rsquo;\u00e9cu. Les lambrequins sont d&rsquo;or et de sable<\/em>\u00ab\u00a0. <br>( <a rel=\"noreferrer noopener\" href=\"https:\/\/donum.uliege.be\/handle\/2268.1\/8256\" target=\"_blank\">https:\/\/donum.uliege.be\/handle\/2268.1\/8256<\/a> )<br><br>Un \u00ab\u00a0<strong><em>parti<\/em><\/strong>\u00a0\u00bb est une division de l&rsquo;\u00e9cu ou d&rsquo;un de ses \u00e9l\u00e9ments.<br>\u00ab\u00a0<strong><em>Sable<\/em><\/strong>\u00a0\u00bb est une des couleurs (\u00ab\u00a0\u00e9maux\u00a0\u00bb) officielles, le noir.<br>Le \u00ab\u00a0<strong><em>timbre<\/em><\/strong>\u00a0\u00bb se dit de toute \u00ab\u00a0coiffure\u00a0\u00bb au-dessus de l&rsquo;\u00e9cu : heaume, couronne, casque, mitre, chapeau&#8230;<br>Les \u00ab\u00a0<strong><em>lambrequins<\/em><\/strong>\u00a0\u00bb sont les ornements de d\u00e9coupures accompagnant un casque pour la d\u00e9coration ext\u00e9rieure de l&rsquo;\u00e9cu.<br>( <a rel=\"noreferrer noopener\" href=\"http:\/\/www.blason-armoiries.org\/heraldique\/\" target=\"_blank\">http:\/\/www.blason-armoiries.org\/heraldique\/<\/a> )<\/p>\n\n\n\n<p>Dans un livre de comptes \u00ab\u00a0famille Haulet-Magis\u00a0\u00bb, tenu de 1932 \u00e0 1958 par L\u00e9on Haulet, l&rsquo;a\u00een\u00e9 de la famille et par ailleurs le seul de sa g\u00e9n\u00e9ration \u00e0 avoir port\u00e9 une chevali\u00e8re armori\u00e9e, est agraf\u00e9e une reproduction de ce m\u00eame blason :<\/p>\n\n\n\n<div class=\"wp-block-image\"><figure class=\"aligncenter size-full\"><img loading=\"lazy\" decoding=\"async\" width=\"602\" height=\"800\" src=\"https:\/\/haulet.be\/gen\/wp-content\/uploads\/2021\/11\/Blason-Hanlet-archives-Haulet-redresse-800.jpg\" alt=\"\" class=\"wp-image-4177\" srcset=\"https:\/\/haulet.be\/gen\/wp-content\/uploads\/2021\/11\/Blason-Hanlet-archives-Haulet-redresse-800.jpg 602w, https:\/\/haulet.be\/gen\/wp-content\/uploads\/2021\/11\/Blason-Hanlet-archives-Haulet-redresse-800-226x300.jpg 226w\" sizes=\"auto, (max-width: 602px) 100vw, 602px\" \/><\/figure><\/div>\n\n\n\n<p>Le soleil y est repr\u00e9sent\u00e9 sans figure humaine. Par contre, est annex\u00e9e \u00e0 ce dessin une empreinte de bague sur un scell\u00e9 de cire cachetant une enveloppe o\u00f9 un visage orne le soleil :<\/p>\n\n\n\n<div class=\"wp-block-image\"><figure class=\"aligncenter size-full\"><img loading=\"lazy\" decoding=\"async\" width=\"600\" height=\"600\" src=\"https:\/\/haulet.be\/gen\/wp-content\/uploads\/2021\/11\/Blason-Hanlet-archives-Haulet-empreinte-bague.jpg\" alt=\"\" class=\"wp-image-4176\" srcset=\"https:\/\/haulet.be\/gen\/wp-content\/uploads\/2021\/11\/Blason-Hanlet-archives-Haulet-empreinte-bague.jpg 600w, https:\/\/haulet.be\/gen\/wp-content\/uploads\/2021\/11\/Blason-Hanlet-archives-Haulet-empreinte-bague-300x300.jpg 300w, https:\/\/haulet.be\/gen\/wp-content\/uploads\/2021\/11\/Blason-Hanlet-archives-Haulet-empreinte-bague-150x150.jpg 150w\" sizes=\"auto, (max-width: 600px) 100vw, 600px\" \/><\/figure><\/div>\n\n\n\n<hr class=\"wp-block-separator is-style-wide\"\/>\n\n\n\n<div style=\"height:32px\" aria-hidden=\"true\" class=\"wp-block-spacer\"><\/div>\n\n\n\n<h2 class=\"has-custom-letterspacing wp-block-heading\" style=\"letter-spacing:2px\">\u2022   ARMORIAL GENERAL par J.B. RIETSTAP<\/h2>\n\n\n\n<p>C&rsquo;est, pr\u00e9cis\u00e9ment, de cet armorial qu&rsquo;est tir\u00e9 le blason Haulet repr\u00e9sent\u00e9 en haut de cette page.<br><br>Cet armorial est un ouvrage consid\u00e9rable, contenant la description des armoiries des familles nobles et patriciennes de l&rsquo;Europe, pr\u00e9c\u00e9d\u00e9 d&rsquo;un \u00ab\u00a0Dictionnaire des termes du blason\u00a0\u00bb et dont la publication a d\u00e9but\u00e9 en 1861. Il comprend, class\u00e9 par ordre alphab\u00e9tique, une liste de 50.000 familles europ\u00e9ennes. Une seconde \u00e9dition en deux volumes eut lieu en 1884 et 1887.  <br>( <a rel=\"noreferrer noopener\" href=\"https:\/\/gallica.bnf.fr\/ark:\/12148\/bpt6k62023b.image\" target=\"_blank\">https:\/\/gallica.bnf.fr\/ark:\/12148\/bpt6k62023b.image<\/a> )<br>Vous pouvez consulter un index sur le lien suivant : <br><a rel=\"noreferrer noopener\" href=\"https:\/\/web.archive.org\/web\/20111209134145\/http:\/\/www.euraldic.com\/blas_ha.html\" target=\"_blank\">https:\/\/web.archive.org\/web\/20111209134145\/http:\/\/www.euraldic.com\/blas_ha.html<\/a>. <\/p>\n\n\n\n<p>On y retrouve le patronyme Haulet dans la seconde \u00e9dition de 1887 mais pas dans la 1\u00e8re de 1861 :<\/p>\n\n\n\n<div class=\"wp-block-image\"><figure class=\"aligncenter size-full\"><img loading=\"lazy\" decoding=\"async\" width=\"564\" height=\"290\" src=\"https:\/\/haulet.be\/gen\/wp-content\/uploads\/2021\/10\/Blason-Haulet-Armorial-Ritetstap-1984-descriptioncadre.jpg\" alt=\"\" class=\"wp-image-4119\" srcset=\"https:\/\/haulet.be\/gen\/wp-content\/uploads\/2021\/10\/Blason-Haulet-Armorial-Ritetstap-1984-descriptioncadre.jpg 564w, https:\/\/haulet.be\/gen\/wp-content\/uploads\/2021\/10\/Blason-Haulet-Armorial-Ritetstap-1984-descriptioncadre-300x154.jpg 300w\" sizes=\"auto, (max-width: 564px) 100vw, 564px\" \/><\/figure><\/div>\n\n\n\n<p>Divers fascicules luxueux reprenant les illustrations des armoiries furent \u00e9dit\u00e9s par la suite, difficilement trouvables.<\/p>\n\n\n\n<p><\/p>\n\n\n\n<hr class=\"wp-block-separator is-style-wide\"\/>\n\n\n\n<div style=\"height:32px\" aria-hidden=\"true\" class=\"wp-block-spacer\"><\/div>\n\n\n\n<h2 class=\"has-custom-transform has-custom-letterspacing wp-block-heading\" style=\"letter-spacing:2px;text-transform:uppercase\">\u2022   Armorial du Baron de la Torre<\/h2>\n\n\n\n<p>C&rsquo;est ici que les choses s&rsquo;enveniment&#8230;<br>Si, dans les deux armoriaux pr\u00e9c\u00e9dents aucun blason des \u00ab\u00a0Hanlet\u00a0\u00bb ne figure, dans l&rsquo;armorial du Baron de la Torre on n&rsquo;y trouve pas celui des Haulet, mais on peut y voir un blason attibu\u00e9 aux \u00ab\u00a0Hanlet\u00a0\u00bb ! <\/p>\n\n\n\n<div class=\"wp-block-image\"><figure class=\"aligncenter size-full is-resized\"><img loading=\"lazy\" decoding=\"async\" src=\"https:\/\/haulet.be\/gen\/wp-content\/uploads\/2021\/10\/Armorial-du-Baron-de-la-Torre-N\u00b0-1783-Hanlet.jpg\" alt=\"\" class=\"wp-image-4123\" width=\"395\" height=\"492\" srcset=\"https:\/\/haulet.be\/gen\/wp-content\/uploads\/2021\/10\/Armorial-du-Baron-de-la-Torre-N\u00b0-1783-Hanlet.jpg 643w, https:\/\/haulet.be\/gen\/wp-content\/uploads\/2021\/10\/Armorial-du-Baron-de-la-Torre-N\u00b0-1783-Hanlet-241x300.jpg 241w\" sizes=\"auto, (max-width: 395px) 100vw, 395px\" \/><\/figure><\/div>\n\n\n\n<p>Heureusement, le motif de l&rsquo;\u00e9cu n&rsquo;a rien \u00e0 voir avec celui des Haulet. Non mais !..<\/p>\n\n\n\n<hr class=\"wp-block-separator is-style-wide\"\/>\n\n\n\n<div style=\"height:33px\" aria-hidden=\"true\" class=\"wp-block-spacer\"><\/div>\n\n\n\n<h2 class=\"has-custom-transform has-custom-letterspacing wp-block-heading\" style=\"letter-spacing:2px;text-transform:uppercase\">\u2022   AMORIAL DE FRANCHIMONT (Baron de Bonvoisin)<\/h2>\n\n\n\n<p>L\u00e0 o\u00f9 cela s&rsquo;aggrave davantage, c&rsquo;est lorsque nous trouvons sur Geneanet un blason attribu\u00e9 aux \u00ab\u00a0Hanlet\u00a0\u00bb qui reprend tout le dispositif de celui des \u00ab\u00a0Haulet\u00a0\u00bb :<\/p>\n\n\n\n<div class=\"wp-block-image\"><figure class=\"aligncenter size-full\"><img loading=\"lazy\" decoding=\"async\" width=\"419\" height=\"600\" src=\"https:\/\/haulet.be\/gen\/wp-content\/uploads\/2021\/10\/Blason-Hanlet-Thimister-Geneanet-1.jpg\" alt=\"\" class=\"wp-image-4125\" srcset=\"https:\/\/haulet.be\/gen\/wp-content\/uploads\/2021\/10\/Blason-Hanlet-Thimister-Geneanet-1.jpg 419w, https:\/\/haulet.be\/gen\/wp-content\/uploads\/2021\/10\/Blason-Hanlet-Thimister-Geneanet-1-210x300.jpg 210w\" sizes=\"auto, (max-width: 419px) 100vw, 419px\" \/><\/figure><\/div>\n\n\n\n<p>Le descriptif est le suivant : \u00ab\u00a0<em>Parti de sable et d&rsquo;or de l&rsquo;un et de l&rsquo;autre. Bourrelets et lambrequins : de sable et d&rsquo;or. Cimier : le soleil<\/em>.\u00a0\u00bb <br>( <a rel=\"noreferrer noopener\" href=\"https:\/\/www.geneanet.org\/gallery\/?action=detail&amp;rubrique=blasons&amp;id=8437135&amp;desc=hanlet_thimister_je_descends_des_hanlet&amp;quick_send=1\" target=\"_blank\">https:\/\/www.geneanet.org\/gallery\/?action=detail&amp;rubrique=blasons&amp;id=8437135&amp;desc=hanlet_thimister_je_descends_des_hanlet&amp;quick_send=1<\/a> )<\/p>\n\n\n\n<p>Le \u00ab\u00a0<em><strong>bourrelet\u00a0\u00bb<\/strong><\/em> se dit d&rsquo;un rouleau de rubans aux couleurs de l&rsquo;\u00e9cu qui se place sur le casque comme ornement et qui sert \u00e0 relier entre eux les lambrequins.<br>\u00ab\u00a0<strong><em>Cimier<\/em><\/strong>\u00a0\u00bb : C&rsquo;est le nom donn\u00e9 \u00e0 la partie la plus \u00e9lev\u00e9e dans les ornements ext\u00e9rieurs de l&rsquo;\u00e9cu et qui est plac\u00e9e sur le haut du casque.<\/p>\n\n\n\n<p>Contact\u00e9e, la personne qui a publi\u00e9 ce blason sur Geneanet nous dit qu&rsquo; \u00ab\u00a0<span class=\"has-inline-color has-light-green-cyan-color\"><em>il est tir\u00e9 du 29\u00e8me tome de la soci\u00e9t\u00e9 royale des archives vervi\u00e9toises publi\u00e9 par Pierre Coste et Fran\u00e7ois Paschasy \u00ab\u00a0l&rsquo; Armorial de Franchimont du baron de Bonvoisin\u00a0\u00bb<\/em>,<\/span> et en conclut que <span class=\"has-inline-color has-light-green-cyan-color\">\u00ab\u00a0<em>Haulet = Hanlet\u00a0\u00bb<\/em>.<\/span><br><a rel=\"noreferrer noopener\" href=\"http:\/\/archivesvervietoises.be\/armorial.pdf\" target=\"_blank\">http:\/\/archivesvervietoises.be\/armorial.pdf<\/a><\/p>\n\n\n\n<p>Il pr\u00e9cise ensuite que <em>\u00ab\u00a0<span class=\"has-inline-color has-light-green-cyan-color\">Hanlet est un pr\u00e9nom que la famille souche au plateau de Herve a pris comme patronyme vers 1600.<br>La preuve que c&rsquo;est la m\u00eame famille c&rsquo;est le blason \u2026 Comme mon patronyme, qui au d\u00e9part \u00e9tait Pier, comme un pr\u00e9nom (Pierre en wallon),  en 1710 dans le registre paroissial devient Pire .  Celui qui a inscrit ce Haulet, peut-\u00eatre qu&rsquo;il a lui-m\u00eame voulu se d\u00e9marquer en changeant le N en U . Je m&rsquo;y connais pas mal, on peut dire que ce n&rsquo;est qu&rsquo;\u00e0 la fin de l&rsquo;ancien r\u00e9gime que les patronymes n&rsquo;ont plus chang\u00e9. C&rsquo;est la suite du Concile de Trente qui, par l&rsquo;obligation d&rsquo;inscrire les bapt\u00eames, les mariages et les enterrements, entraina une obligation de prendre un patronyme. C&rsquo;est ainsi, qu&rsquo;au 16\u00e8me si\u00e8cle, les enfants portent des patronymes diff\u00e9rents que ceux de leurs parents, ou de leur fr\u00e8re. Certains le latinisent, Simon devient Simonis, Gerard, Gerardy etc&#8230;<\/span>\u00ab\u00a0<\/em><\/p>\n\n\n\n<p>Sur une page du \u00ab\u00a0Center For Family History&rsquo; consacr\u00e9e \u00e0 ce probl\u00e8me des patronymes, nous pouvons en effet y retrouver \u00ab\u00a0hanlet\u00a0\u00bb comme pr\u00e9nom, mais aussi \u00ab\u00a0Hallet\u00a0\u00bb et \u00ab\u00a0Haulen\u00a0\u00bb. Le hic c&rsquo;est qu&rsquo;il y est aussi donn\u00e9 une liste de noms, identique \u00e0 celle des pr\u00e9noms&#8230; : <a rel=\"noreferrer noopener\" href=\"https:\/\/script.byu.edu\/Pages\/the-french-documents-pages\/french\/fr-liste-des-noms(french)\" target=\"_blank\">https:\/\/script.byu.edu\/Pages\/the-french-documents-pages\/french\/fr-liste-des-noms(french)<\/a><\/p>\n\n\n\n<hr class=\"wp-block-separator is-style-wide\"\/>\n\n\n\n<div style=\"height:32px\" aria-hidden=\"true\" class=\"wp-block-spacer\"><\/div>\n\n\n\n<h2 class=\"has-custom-letterspacing wp-block-heading\" style=\"letter-spacing:2px\">\u2022   DICTIONNAIRE DES FIGURES HERALDIQUES<\/h2>\n\n\n\n<p>Dans le tome III de cet ouvrage du Comte Th\u00e9odore de Renesse \u00e9dit\u00e9 en 1897, le patronyme \u00ab\u00a0Haulet\u00a0\u00bb est cit\u00e9 en page 409 comme un exemple \u00ab\u00a0d&rsquo;<em>armes compl\u00e8tes, soleil brochant sur divisions, sur parti<\/em> \u00ab\u00a0.<br><\/p>\n\n\n\n<div class=\"wp-block-image\"><figure class=\"aligncenter size-full\"><img loading=\"lazy\" decoding=\"async\" width=\"300\" height=\"449\" src=\"https:\/\/haulet.be\/gen\/wp-content\/uploads\/2021\/10\/Dictionnaire-des-figures-heraldiques-couv.jpg\" alt=\"\" class=\"wp-image-4155\" srcset=\"https:\/\/haulet.be\/gen\/wp-content\/uploads\/2021\/10\/Dictionnaire-des-figures-heraldiques-couv.jpg 300w, https:\/\/haulet.be\/gen\/wp-content\/uploads\/2021\/10\/Dictionnaire-des-figures-heraldiques-couv-200x300.jpg 200w\" sizes=\"auto, (max-width: 300px) 100vw, 300px\" \/><\/figure><\/div>\n\n\n\n<figure class=\"wp-block-image size-full\"><img loading=\"lazy\" decoding=\"async\" width=\"834\" height=\"612\" src=\"https:\/\/haulet.be\/gen\/wp-content\/uploads\/2021\/10\/Dictionnaire-des-figures-heraldiques-p409.jpg\" alt=\"\" class=\"wp-image-4154\" srcset=\"https:\/\/haulet.be\/gen\/wp-content\/uploads\/2021\/10\/Dictionnaire-des-figures-heraldiques-p409.jpg 834w, https:\/\/haulet.be\/gen\/wp-content\/uploads\/2021\/10\/Dictionnaire-des-figures-heraldiques-p409-300x220.jpg 300w, https:\/\/haulet.be\/gen\/wp-content\/uploads\/2021\/10\/Dictionnaire-des-figures-heraldiques-p409-768x564.jpg 768w\" sizes=\"auto, (max-width: 834px) 100vw, 834px\" \/><\/figure>\n\n\n\n<hr class=\"wp-block-separator is-style-wide\"\/>\n\n\n\n<div style=\"height:30px\" aria-hidden=\"true\" class=\"wp-block-spacer\"><\/div>\n\n\n\n<h2 class=\"has-custom-letterspacing wp-block-heading\" style=\"letter-spacing:2px\">\u2022   Et les EX-LIBRIS ?<\/h2>\n\n\n\n<p>Un ex-libris est une \u00e9tiquette d&rsquo;identification du propri\u00e9taire d&rsquo;un livre qui est g\u00e9n\u00e9ralement coll\u00e9e \u00e0 l&rsquo;int\u00e9rieur de la couverture avant de ce livre. Pour sa r\u00e9alisation, le bibliophile donne libre cours \u00e0 son imagination et fait souvent mention de ses origines familiales.<\/p>\n\n\n\n<p>Tir\u00e9 du r\u00e9pertoire de l&rsquo;ex-libris Luxembourgeois, un ex-libris contemporain, attribu\u00e9 \u00e0 un Monsieur Hanlet, reprend les \u00e9l\u00e9ments de notre blason :<\/p>\n\n\n\n<div class=\"wp-block-image\"><figure class=\"aligncenter size-full is-resized\"><img loading=\"lazy\" decoding=\"async\" src=\"https:\/\/haulet.be\/gen\/wp-content\/uploads\/2021\/11\/Blason-Hanlet-ex-libris-Henri-Hanlet.jpg\" alt=\"\" class=\"wp-image-4287\" width=\"301\" height=\"410\" srcset=\"https:\/\/haulet.be\/gen\/wp-content\/uploads\/2021\/11\/Blason-Hanlet-ex-libris-Henri-Hanlet.jpg 734w, https:\/\/haulet.be\/gen\/wp-content\/uploads\/2021\/11\/Blason-Hanlet-ex-libris-Henri-Hanlet-220x300.jpg 220w\" sizes=\"auto, (max-width: 301px) 100vw, 301px\" \/><figcaption><a rel=\"noreferrer noopener\" href=\"https:\/\/www.colleconline.com\/fr\/items\/155406\/vieux-papiers-ex-libris-hanlet\" data-type=\"URL\" data-id=\"https:\/\/www.colleconline.com\/fr\/items\/155406\/vieux-papiers-ex-libris-hanlet\" target=\"_blank\">https:\/\/www.colleconline.com\/fr\/items\/155406\/vieux-papiers-ex-libris-hanlet<\/a><\/figcaption><\/figure><\/div>\n\n\n\n<p><\/p>\n\n\n\n<hr class=\"wp-block-separator is-style-wide\"\/>\n\n\n\n<div style=\"height:28px\" aria-hidden=\"true\" class=\"wp-block-spacer\"><\/div>\n\n\n\n<h2 class=\"wp-block-heading\">\u2022   Questions \u00e0 1.000 balles..<\/h2>\n\n\n\n<p>1- Que signifie l&rsquo;inscription \u00ab\u00a0Li\u00e8ge V S\u00a0\u00bb sous le blason reproduit en haut de page ?<\/p>\n\n\n\n<p>2- Selon vous, ce blason est-il celui des Haulet ou des Hanlet ?<\/p>\n\n\n\n<p>(r<em>\u00e9ponses via le formulaire \u00ab\u00a0Commentaires\u00a0\u00bb en bas de page)<\/em><\/p>\n\n\n\n<hr class=\"wp-block-separator is-style-wide\"\/>\n\n\n\n<div style=\"height:28px\" aria-hidden=\"true\" class=\"wp-block-spacer\"><\/div>\n\n\n\n<h2 class=\"wp-block-heading\">\u2022   Faites votre propre blason !<\/h2>\n\n\n\n<p>Un blason peut \u00eatre \u00e9tabli par n&rsquo;importe qui. Que son utilisateur puisse se r\u00e9clamer de la noblesse est strictement indiqu\u00e9 par certaines formes de l&rsquo;ornement comme tenants, couronne, devise, banni\u00e8res.<\/p>\n\n\n\n<p>A vos crayons&#8230;<\/p>\n\n\n\n<div class=\"wp-block-image\"><figure class=\"aligncenter size-full is-resized\"><img loading=\"lazy\" decoding=\"async\" src=\"https:\/\/haulet.be\/gen\/wp-content\/uploads\/2021\/10\/Blason-vide.jpg\" alt=\"\" class=\"wp-image-4167\" width=\"411\" height=\"524\" srcset=\"https:\/\/haulet.be\/gen\/wp-content\/uploads\/2021\/10\/Blason-vide.jpg 411w, https:\/\/haulet.be\/gen\/wp-content\/uploads\/2021\/10\/Blason-vide-235x300.jpg 235w\" sizes=\"auto, (max-width: 411px) 100vw, 411px\" \/><figcaption><em>pour t\u00e9l\u00e9charger le blason, clic gauche puis &lsquo;enregistrer sous<\/em>&lsquo;<\/figcaption><\/figure><\/div>\n\n\n\n<p>Pour vous aider : <a href=\"https:\/\/fr.geneawiki.com\/index.php?title=H%C3%A9raldique\" target=\"_blank\" rel=\"noreferrer noopener\">https:\/\/fr.geneawiki.com\/index.php?title=H%C3%A9raldique<\/a><\/p>\n\n\n\n<hr class=\"wp-block-separator is-style-wide\"\/>\n\n\n\n<div style=\"height:100px\" aria-hidden=\"true\" class=\"wp-block-spacer\"><\/div>\n","protected":false},"excerpt":{"rendered":"<p>Comment une famille d&rsquo;origine modeste de Limbourg, ne sachant pas \u00e9crire, en ce qui concerne ses premiers repr\u00e9sentants, a \u00e9t\u00e9 amen\u00e9e \u00e0 s&rsquo;enorgueillir du blason que vous pouvez admirer ci-dessus ? On commencera par noter que \u00ab\u00a0blason\u00a0\u00bb n&rsquo;est pas le terme appropri\u00e9 puisqu&rsquo;il signifie la description technique des \u00ab\u00a0armoiries\u00a0\u00bb, celles-ci \u00e9tant les marques distinctives de [&hellip;]<\/p>\n","protected":false},"author":7,"featured_media":0,"parent":0,"menu_order":0,"comment_status":"open","ping_status":"closed","template":"","meta":{"_coblocks_attr":"","_coblocks_dimensions":"","_coblocks_responsive_height":"","_coblocks_accordion_ie_support":"","footnotes":""},"class_list":["post-4096","page","type-page","status-publish","hentry"],"_links":{"self":[{"href":"https:\/\/haulet.be\/gen\/wp-json\/wp\/v2\/pages\/4096","targetHints":{"allow":["GET"]}}],"collection":[{"href":"https:\/\/haulet.be\/gen\/wp-json\/wp\/v2\/pages"}],"about":[{"href":"https:\/\/haulet.be\/gen\/wp-json\/wp\/v2\/types\/page"}],"author":[{"embeddable":true,"href":"https:\/\/haulet.be\/gen\/wp-json\/wp\/v2\/users\/7"}],"replies":[{"embeddable":true,"href":"https:\/\/haulet.be\/gen\/wp-json\/wp\/v2\/comments?post=4096"}],"version-history":[{"count":0,"href":"https:\/\/haulet.be\/gen\/wp-json\/wp\/v2\/pages\/4096\/revisions"}],"wp:attachment":[{"href":"https:\/\/haulet.be\/gen\/wp-json\/wp\/v2\/media?parent=4096"}],"curies":[{"name":"wp","href":"https:\/\/api.w.org\/{rel}","templated":true}]}}