{"id":4950,"date":"2022-04-30T18:02:13","date_gmt":"2022-04-30T16:02:13","guid":{"rendered":"https:\/\/haulet.be\/gen\/?page_id=4950"},"modified":"2022-05-04T16:25:11","modified_gmt":"2022-05-04T14:25:11","slug":"charles-haulet-carriere-militaire","status":"publish","type":"page","link":"https:\/\/haulet.be\/gen\/charles-haulet-carriere-militaire\/","title":{"rendered":"Charles Haulet &#8211; Carri\u00e8re militaire"},"content":{"rendered":"\n<hr class=\"wp-block-separator is-style-wide\"\/>\n\n\n\n<div class=\"wp-block-image\"><figure class=\"aligncenter size-full is-resized\"><img loading=\"lazy\" decoding=\"async\" src=\"https:\/\/haulet.be\/gen\/wp-content\/uploads\/2022\/04\/Charles-Uniforme-Liege2.png\" alt=\"\" class=\"wp-image-5032\" width=\"346\" height=\"368\" srcset=\"https:\/\/haulet.be\/gen\/wp-content\/uploads\/2022\/04\/Charles-Uniforme-Liege2.png 536w, https:\/\/haulet.be\/gen\/wp-content\/uploads\/2022\/04\/Charles-Uniforme-Liege2-282x300.png 282w\" sizes=\"auto, (max-width: 346px) 100vw, 346px\" \/><\/figure><\/div>\n\n\n\n<hr class=\"wp-block-separator is-style-wide\"\/>\n\n\n\n<p>Charles Haulet est n\u00e9 le 27 f\u00e9vrier 1907 \u00e0 Vis\u00e9, il est le 4\u00e8me enfant de L\u00e9on-F\u00e9lix HAULET mais le 2\u00e8me de la seconde \u00e9pouse de L\u00e9on-F\u00e9lix, Irma Magis.<\/p>\n\n\n\n<div data-wp-interactive=\"core\/file\" class=\"wp-block-file\"><object data-wp-bind--hidden=\"!state.hasPdfPreview\" hidden class=\"wp-block-file__embed\" data=\"https:\/\/haulet.be\/gen\/wp-content\/uploads\/2022\/04\/Le\u0301on-Fe\u0301lix-Haulet-\u2013-Descendance.pdf\" type=\"application\/pdf\" style=\"width:100%;height:600px\" aria-label=\"Contenu embarqu\u00e9 Contenu embarqu\u00e9 Le\u0301on Fe\u0301lix Haulet \u2013 Descendance..\"><\/object><a id=\"wp-block-file--media-9bd9a7b3-b617-4d0d-ad4a-e178e5f25374\" href=\"https:\/\/haulet.be\/gen\/wp-content\/uploads\/2022\/04\/Le\u0301on-Fe\u0301lix-Haulet-\u2013-Descendance.pdf\">Le\u0301on Fe\u0301lix Haulet \u2013 Descendance<\/a><\/div>\n\n\n\n<hr class=\"wp-block-separator is-style-wide\"\/>\n\n\n\n<div style=\"height:20px\" aria-hidden=\"true\" class=\"wp-block-spacer\"><\/div>\n\n\n\n<p>Le matricule 622 Charles Constant Lucien Marie HAULET a fait l&rsquo;essentiel de sa carri\u00e8re \u00e0 l\u2019arm\u00e9e en tant qu\u2019officier Aum\u00f4nier 2e classe :<\/p>\n\n\n\n<ul class=\"is-style-default has-black-color has-pale-cyan-blue-background-color has-text-color has-background has-tajawal-font-family has-custom-font wp-block-list\" style=\"font-family:Tajawal\"><li>Service militaire comme milicien de la classe 1927 effectu\u00e9 au 3\u00e8me corps m\u00e9dical du 16 ao\u00fbt 1927 au 15 ao\u00fbt 1928<\/li><li>Nomm\u00e9 aum\u00f4nier de 2e classe de r\u00e9serve le 6 novembre 1936 et d\u00e9sign\u00e9 pour le 14\u00e8me r\u00e9giment de Ligne, il pr\u00eate serment le 04\/10\/1937.<\/li><li>Rappel du 28\/09\/1938 au 3\/10\/1938 au 14e de Ligne<\/li><li>D\u00e9sign\u00e9 Administrativement au r\u00e9giment Cyclistes-Fronti\u00e8re le 15 juillet 1939<\/li><li>Mobilis\u00e9 le 26\/8\/1939 au r\u00e9giment des Cyclistes-Fronti\u00e8re jusqu\u2019au 14\/3\/1940<\/li><li>Passe au 2\u00e9me Cyclistes-Fronti\u00e8re du 15\/03\/1940 au 28\/5\/1940, date \u00e0 laquelle il est fait prisonnier par les Allemands<\/li><li>Renvoy\u00e9 dans son foyer par l\u2019autorit\u00e9 allemande le 11\/6\/1940 et renvoy\u00e9 \u00e0 la vie civile le 01\/07\/1940<\/li><li>R\u00e9sistant du 01\/09\/1940 au 14\/10\/1942 ***<\/li><li>Arr\u00eat\u00e9 le 14\/10\/1942, incarc\u00e9r\u00e9 \u00e0 la Citadelle de Li\u00e8ge jusqu\u2019au 10\/06\/1943 puis envoy\u00e9 \u00e0 Dachau en tant que prisonnier politique jusqu\u2019au 14\/5\/1945 ***<\/li><li>Reconnu prisonnier de guerre le 22\/11\/1945 ***<\/li><li>D\u00e9sign\u00e9 administrativement pour le D\u00e9p\u00f4t d\u2019arm\u00e9e N\u00b05 le 10\/10\/1945<\/li><li>D\u00e9sign\u00e9 administrativement pour le d\u00e9p\u00f4t d\u2019arm\u00e9e N\u00b02 le 15\/03\/1950<\/li><li>D\u00e9sign\u00e9 administrativement pour le Noyau Mobilisateur 29 le 09\/12\/1952<\/li><li>Cesse d\u2019appartenir, par limite d\u2019\u00e2ge, au cadre de r\u00e9serve le 1\/4\/1961<\/li><\/ul>\n\n\n\n<p><\/p>\n\n\n\n<div data-wp-interactive=\"core\/file\" class=\"wp-block-file\"><object data-wp-bind--hidden=\"!state.hasPdfPreview\" hidden class=\"wp-block-file__embed\" data=\"https:\/\/haulet.be\/gen\/wp-content\/uploads\/2022\/04\/Charles-Haulet-Extrait-de-la-Matricule-15-11-1951.pdf\" type=\"application\/pdf\" style=\"width:100%;height:600px\" aria-label=\"Contenu embarqu\u00e9 Contenu embarqu\u00e9 Charles-Haulet-Extrait-de-la-Matricule-15-11-1951..\"><\/object><a id=\"wp-block-file--media-607f6ca5-98d3-4712-9ffe-2335a3147cca\" href=\"https:\/\/haulet.be\/gen\/wp-content\/uploads\/2022\/04\/Charles-Haulet-Extrait-de-la-Matricule-15-11-1951.pdf\">Charles-Haulet-Extrait-de-la-Matricule-15-11-1951<\/a><\/div>\n\n\n\n<p>***   Les faits de r\u00e9sistance et la d\u00e9portation en tant que prisonnier politique, bien que r\u00e9alis\u00e9s en dehors du cadre de l\u2019arm\u00e9e, sont d\u00fbment r\u00e9pertori\u00e9s dans les \u00e9tats de service tenus par l\u2019Arm\u00e9e. <br>En fait, le statut de prisonnier de guerre lui avait \u00e9t\u00e9 accord\u00e9 le 22\/11\/1945 afin de permettre le paiement d\u2019avances \u00e0 ses ayants-droits. Cela a \u00e9t\u00e9 rectifi\u00e9 quand la qualit\u00e9 de prisonnier politique lui a \u00e9t\u00e9 reconnue le 22\/06\/1948.<\/p>\n\n\n\n<div class=\"wp-block-image\"><figure class=\"aligncenter size-full\"><img loading=\"lazy\" decoding=\"async\" width=\"600\" height=\"820\" src=\"https:\/\/haulet.be\/gen\/wp-content\/uploads\/2022\/04\/Situation-militaire-12-1945_DSC3049-600.jpg\" alt=\"\" class=\"wp-image-4976\" srcset=\"https:\/\/haulet.be\/gen\/wp-content\/uploads\/2022\/04\/Situation-militaire-12-1945_DSC3049-600.jpg 600w, https:\/\/haulet.be\/gen\/wp-content\/uploads\/2022\/04\/Situation-militaire-12-1945_DSC3049-600-220x300.jpg 220w\" sizes=\"auto, (max-width: 600px) 100vw, 600px\" \/><\/figure><\/div>\n\n\n\n<hr class=\"wp-block-separator is-style-wide\"\/>\n\n\n\n<div style=\"height:20px\" aria-hidden=\"true\" class=\"wp-block-spacer\"><\/div>\n\n\n\n<p>Les faits de guerre auxquels Charles HAULET a particip\u00e9 ont \u00e9t\u00e9 d\u00e9crits dans le dossier DACHAU ( <a rel=\"noreferrer noopener\" href=\"https:\/\/haulet.be\/gen\/charles-haulet-a-dachau\/\" target=\"_blank\">https:\/\/haulet.be\/gen\/charles-haulet-a-dachau\/<\/a> ). <br>Il s\u2019est particuli\u00e8rement distingu\u00e9 tant \u00e0 Ville-en Hesbaye le 12 mai qu\u2019au canal de Willebroek et \u00e0 Pont-Br\u00fbl\u00e9 le 17 mai et enfin sur la Lys le 21 mai. Son attitude courageuse et exemplaire lui a valu une citation \u00e0 l\u2019ordre du jour de l\u2019Arm\u00e9e et des r\u00e9compenses honorifiques.<\/p>\n\n\n\n<ul class=\"wp-block-list\"><li><span class=\"sg-popup-hover-2098\"><span class=\"has-inline-color has-luminous-vivid-amber-color\">Croix de Guerre 1940, avec palme<\/span><\/span> (10 ao\u00fbt 1946)<\/li><li><span class=\"sg-popup-hover-2097\"><span class=\"has-inline-color has-luminous-vivid-amber-color\">M\u00e9daille Comm\u00e9morative de la Guerre 1940-1945 avec deux sabres crois\u00e9s<\/span><\/span> (21 juin 1953)<\/li><\/ul>\n\n\n\n<ul class=\"wp-block-list\"><li><span class=\"sg-popup-hover-2100\"><mark style=\"background-color:rgba(0, 0, 0, 0)\" class=\"has-inline-color has-luminous-vivid-amber-color\">Chevalier de l&rsquo;Ordre de la Couronne<\/mark><\/span> (15 novembre 1947)<\/li><li><mark style=\"background-color:rgba(0, 0, 0, 0)\" class=\"has-inline-color has-luminous-vivid-amber-color\"><span class=\"sg-popup-hover-2101\">Chevalier de l&rsquo;Ordre de L\u00e9opold<\/span> <\/mark>(8 avril 1951)<\/li><li><span class=\"sg-popup-hover-2099\"><mark style=\"background-color:rgba(0, 0, 0, 0)\" class=\"has-inline-color has-luminous-vivid-amber-color\">Officier de l&rsquo;Ordre de la Couronne<\/mark><\/span> (15 novembre 1952)<br><\/li><li><span class=\"sg-popup-hover-2096\"><mark style=\"background-color:rgba(0, 0, 0, 0)\" class=\"has-inline-color has-luminous-vivid-amber-color\">Croix du prisonnier avec 6 \u00e9toiles<\/mark><\/span> (2 mai 1949)<\/li><\/ul>\n\n\n\n<p>Les 3 distinctions dans les Ordres Nationaux sont des distinctions civiles mais accord\u00e9es \u00ab\u00a0en r\u00e9compense des services rendus \u00e0 l&rsquo;arm\u00e9e\u00a0\u00bb.<\/p>\n\n\n\n<hr class=\"wp-block-separator is-style-wide\"\/>\n\n\n\n<div style=\"height:21px\" aria-hidden=\"true\" class=\"wp-block-spacer\"><\/div>\n\n\n\n<p>Un aspect anecdotique : On constate que le fr\u00e8re a\u00een\u00e9 de Charles, L\u00e9on, n&rsquo;a pas \u00e9t\u00e9 le seul de la famille \u00e0 avoir connu des probl\u00e8mes quant aux r\u00e9gimes linguistiques de l&rsquo;arm\u00e9e belge !<\/p>\n\n\n\n<p>En effet, d\u00e9sign\u00e9 pour une unit\u00e9 du 14\u00e9me de Ligne passant en r\u00e9gime linguistique flamand, notre aum\u00f4nier demande sa mutation pour le r\u00e9giment Cyclistes-Fronti\u00e8re, ce qu&rsquo;il obtient.<br>Mais un Major du Bataillon IV de ce r\u00e9giment Cyclistes-Fronti\u00e8re, qui comportait une compagnie d&rsquo;expression flamande, a demand\u00e9 la d\u00e9mission de l&rsquo;aum\u00f4nier HAULET, arguant de sa m\u00e9connaissance du flamand.<br>L&rsquo;aum\u00f4nerie Catholique \u00e0 l&rsquo;Arm\u00e9e a transmis le \u00ab\u00a0cas HAULET\u00a0\u00bb \u00e0 l&rsquo;autorit\u00e9 eccl\u00e9siastique sup\u00e9rieure qui a estim\u00e9 en retour \u00ab\u00a0<em><strong>qu&rsquo;un aum\u00f4nier ayant une connaissance insuffisante notoire d&rsquo;une de nos langues nationales alors qu&rsquo;il a d\u00e9clar\u00e9 le contraire &#8211; c&rsquo;est le cas HAULET &#8211; ne m\u00e9ritait que la d\u00e9mission d&rsquo;office<\/strong><\/em>\u00a0\u00bb et en informe, par courrier du 06\/09\/1939, le minist\u00e8re de la D\u00e9fense Nationale en d\u00e9clarant se ranger \u00e0 cet avis eccl\u00e9siastique. <br>Au minist\u00e8re, de bureaux en bureaux, il est propos\u00e9 de \u00ab\u00a0<em><strong>d\u00e9missionner l&rsquo;int\u00e9ress\u00e9 sans ajouter la mention \u00ab\u00a0d&rsquo;office\u00a0\u00bb<\/strong><\/em> \u00ab\u00a0. Comme quoi, il y a davantage de bonnes \u00e2mes au minist\u00e8re qu&rsquo;\u00e0 l&rsquo;\u00e9v\u00each\u00e9 !<br>L&rsquo;abb\u00e9 s&rsquo;adresse alors \u00e0 son \u00e9v\u00eaque, par lettre dat\u00e9e du 19\/09\/1939 \u00e9crite \u00e0 La Chartreuse \u00e0 Li\u00e8ge (mon grand-p\u00e8re maternel, le colonel Louis Swalu\u00eb, en \u00e9tait alors le redoutable et redout\u00e9 chef de corps&#8230;), pour lui expliquer que le bataillon est dor\u00e9navant enti\u00e8rement d&rsquo;expression fran\u00e7aise, ce dont le Major s&rsquo;est bien gard\u00e9 de tenir compte puisqu&rsquo;il ne r\u00e9voque pas sa requ\u00eate. Il s&rsquo;y explique aussi sur ses raisons d&rsquo;avoir renseign\u00e9 une connaissance des deux langues, ce qu&rsquo;appuie par \u00e9crit annexe \u00e0 la m\u00eame date l&rsquo;Aum\u00f4nier KERREMANS, chef de service de l&rsquo;Aum\u00f4nerie 3 D.I. en soulignant qu&rsquo;il esp\u00e8re que la \u00ab\u00a0<em><strong>gaffe<\/strong><\/em>\u00a0\u00bb du Major puisse \u00eatre r\u00e9par\u00e9e.<br>Nous n&rsquo;avons pas trouv\u00e9 de suite formelle mais les \u00e9v\u00e9nements ult\u00e9rieurs montrent que l&rsquo;aum\u00f4nier HAULET a vu son cas se r\u00e9soudre positivement puisqu&rsquo;il combattra au sein de cette unit\u00e9.<\/p>\n\n\n\n<div style=\"height:21px\" aria-hidden=\"true\" class=\"wp-block-spacer\"><\/div>\n\n\n\n<div class=\"wp-block-image\"><figure class=\"aligncenter size-full is-resized\"><img loading=\"lazy\" decoding=\"async\" src=\"https:\/\/haulet.be\/gen\/wp-content\/uploads\/2022\/04\/Bilinguisme-27-06-1939_DSC3048-900.jpg\" alt=\"\" class=\"wp-image-5013\" width=\"731\" height=\"980\" srcset=\"https:\/\/haulet.be\/gen\/wp-content\/uploads\/2022\/04\/Bilinguisme-27-06-1939_DSC3048-900.jpg 671w, https:\/\/haulet.be\/gen\/wp-content\/uploads\/2022\/04\/Bilinguisme-27-06-1939_DSC3048-900-224x300.jpg 224w\" sizes=\"auto, (max-width: 731px) 100vw, 731px\" \/><\/figure><\/div>\n\n\n\n<div class=\"wp-block-image\"><figure class=\"aligncenter size-full is-resized\"><img loading=\"lazy\" decoding=\"async\" src=\"https:\/\/haulet.be\/gen\/wp-content\/uploads\/2022\/04\/Bilinguisme-06-09-1939_DSC3047-900.jpg\" alt=\"\" class=\"wp-image-5014\" width=\"742\" height=\"1053\" srcset=\"https:\/\/haulet.be\/gen\/wp-content\/uploads\/2022\/04\/Bilinguisme-06-09-1939_DSC3047-900.jpg 634w, https:\/\/haulet.be\/gen\/wp-content\/uploads\/2022\/04\/Bilinguisme-06-09-1939_DSC3047-900-211x300.jpg 211w\" sizes=\"auto, (max-width: 742px) 100vw, 742px\" \/><\/figure><\/div>\n\n\n\n<div data-wp-interactive=\"core\/file\" class=\"wp-block-file\"><object data-wp-bind--hidden=\"!state.hasPdfPreview\" hidden class=\"wp-block-file__embed\" data=\"https:\/\/haulet.be\/gen\/wp-content\/uploads\/2022\/04\/lettre-eveche-3.pdf\" type=\"application\/pdf\" style=\"width:100%;height:887px\" aria-label=\"Contenu embarqu\u00e9 Contenu embarqu\u00e9 lettre-eveche-3..\"><\/object><a id=\"wp-block-file--media-bf6982da-769a-421d-a254-ff6ce1dbfbf9\" href=\"https:\/\/haulet.be\/gen\/wp-content\/uploads\/2022\/04\/lettre-eveche-3.pdf\">lettre-eveche-3<\/a><\/div>\n\n\n\n<hr class=\"wp-block-separator is-style-wide\"\/>\n","protected":false},"excerpt":{"rendered":"<p>Charles Haulet est n\u00e9 le 27 f\u00e9vrier 1907 \u00e0 Vis\u00e9, il est le 4\u00e8me enfant de L\u00e9on-F\u00e9lix HAULET mais le 2\u00e8me de la seconde \u00e9pouse de L\u00e9on-F\u00e9lix, Irma Magis. Le matricule 622 Charles Constant Lucien Marie HAULET a fait l&rsquo;essentiel de sa carri\u00e8re \u00e0 l\u2019arm\u00e9e en tant qu\u2019officier Aum\u00f4nier 2e classe : Service militaire comme [&hellip;]<\/p>\n","protected":false},"author":1,"featured_media":5026,"parent":0,"menu_order":0,"comment_status":"open","ping_status":"closed","template":"template-full-width.php","meta":{"_coblocks_attr":"Abril Fatface Condensed,Yrsa,Abril Fatface,Anton,Arvo,Asap,Barlow Condensed,Barlow,Cormorant Garamond,Faustina,Fira Sans,IBM Plex Sans,Inconsolata,Heebo,Karla,Lato,Lora,Merriweather,Montserrat,Noto Sans,Noto Serif,Open Sans,Playfair Display,PT Serif,Roboto,Rubik,Ubuntu,Oswald,Tajawal","_coblocks_dimensions":"","_coblocks_responsive_height":"","_coblocks_accordion_ie_support":"","footnotes":""},"class_list":["post-4950","page","type-page","status-publish","has-post-thumbnail","hentry"],"_links":{"self":[{"href":"https:\/\/haulet.be\/gen\/wp-json\/wp\/v2\/pages\/4950","targetHints":{"allow":["GET"]}}],"collection":[{"href":"https:\/\/haulet.be\/gen\/wp-json\/wp\/v2\/pages"}],"about":[{"href":"https:\/\/haulet.be\/gen\/wp-json\/wp\/v2\/types\/page"}],"author":[{"embeddable":true,"href":"https:\/\/haulet.be\/gen\/wp-json\/wp\/v2\/users\/1"}],"replies":[{"embeddable":true,"href":"https:\/\/haulet.be\/gen\/wp-json\/wp\/v2\/comments?post=4950"}],"version-history":[{"count":0,"href":"https:\/\/haulet.be\/gen\/wp-json\/wp\/v2\/pages\/4950\/revisions"}],"wp:featuredmedia":[{"embeddable":true,"href":"https:\/\/haulet.be\/gen\/wp-json\/wp\/v2\/media\/5026"}],"wp:attachment":[{"href":"https:\/\/haulet.be\/gen\/wp-json\/wp\/v2\/media?parent=4950"}],"curies":[{"name":"wp","href":"https:\/\/api.w.org\/{rel}","templated":true}]}}