{"id":5084,"date":"2022-05-01T18:30:10","date_gmt":"2022-05-01T16:30:10","guid":{"rendered":"https:\/\/haulet.be\/gen\/?page_id=5084"},"modified":"2022-05-02T10:45:28","modified_gmt":"2022-05-02T08:45:28","slug":"la-villa-haulet-et-le-patrimoine-foncier-de-la-famille-haulet-a-vise-en-1914","status":"publish","type":"page","link":"https:\/\/haulet.be\/gen\/la-villa-haulet-et-le-patrimoine-foncier-de-la-famille-haulet-a-vise-en-1914\/","title":{"rendered":"La villa Haulet et le patrimoine foncier de la famille Haulet \u00e0 Vis\u00e9 en 1914"},"content":{"rendered":"\n<hr class=\"wp-block-separator is-style-wide\"\/>\n\n\n\n<div style=\"height:21px\" aria-hidden=\"true\" class=\"wp-block-spacer\"><\/div>\n\n\n\n<h2 class=\"wp-block-heading\">1. La villa Haulet<\/h2>\n\n\n\n<p>C&rsquo;est un peu par hasard que je d\u00e9couvre sur internet une reproduction d&rsquo;un plan de la \u00ab\u00a0villa Haulet\u00a0\u00bb tir\u00e9 d&rsquo;un article de la revue <a rel=\"noreferrer noopener\" href=\"https:\/\/www.belspo.be\/belspo\/organisation\/Publ\/pub_ostc\/sciencecon\/47sci_fr.pdf\" target=\"_blank\">\u00ab\u00a0Science Connection\u00a0\u00bb num\u00e9ro 47 dat\u00e9 du 5 juin 2015<\/a>. Cet article intitul\u00e9 \u00ab\u00a0<em>Retracer l&rsquo;histoire de sa maison<\/em>\u00a0\u00bb montre en illustration un avant-projet de reconstruction de la villa Haulet route de Dalhem au n\u00b0 8 \u00e0 Vis\u00e9, \u00e9tabli en 1919 par l&rsquo;architecte Godefroid Hallen. <\/p>\n\n\n\n<div class=\"wp-block-image\"><figure class=\"aligncenter size-full is-resized\"><img loading=\"lazy\" decoding=\"async\" src=\"https:\/\/haulet.be\/gen\/wp-content\/uploads\/2022\/02\/Villa-Haulet-Vise\u0301-817px-.jpg\" alt=\"\" class=\"wp-image-4901\" width=\"688\" height=\"799\" srcset=\"https:\/\/haulet.be\/gen\/wp-content\/uploads\/2022\/02\/Villa-Haulet-Vise\u0301-817px-.jpg 860w, https:\/\/haulet.be\/gen\/wp-content\/uploads\/2022\/02\/Villa-Haulet-Vise\u0301-817px--258x300.jpg 258w, https:\/\/haulet.be\/gen\/wp-content\/uploads\/2022\/02\/Villa-Haulet-Vise\u0301-817px--768x893.jpg 768w\" sizes=\"auto, (max-width: 688px) 100vw, 688px\" \/><\/figure><\/div>\n\n\n\n<p>Nous savons, par la relation qu&rsquo;il en a faite de la destruction de Vis\u00e9 en ao\u00fbt 1914 par la soldatesque teutonne, que le docteur L\u00e9on F\u00e9lix Haulet a \u00e9t\u00e9 forc\u00e9 de quitter Vis\u00e9 pour la Hollande et ensuite l&rsquo;Angleterre ( <a rel=\"noreferrer noopener\" href=\"https:\/\/haulet.be\/gen\/leon-haulet-levacuation-de-vise-en-1914\/\" target=\"_blank\">https:\/\/haulet.be\/gen\/leon-haulet-levacuation-de-vise-en-1914\/<\/a> ). <br>Sa maison, situ\u00e9e route de Dalhem, et celles qu&rsquo;il poss\u00e9dait, en indivision, avec sa soeur, Maria Haulet, poss\u00e9dait rue Porte de Lorette (on va y revenir) ont \u00e9t\u00e9 d\u00e9truites comme la plupart de celles de la ville.<\/p>\n\n\n\n<div class=\"wp-block-image has-filter-sepia\"><figure class=\"aligncenter size-full is-resized\"><img loading=\"lazy\" decoding=\"async\" src=\"https:\/\/haulet.be\/gen\/wp-content\/uploads\/2021\/02\/vise-1914-allemands-147e-ligne-2-800.jpg\" alt=\"\" class=\"wp-image-564\" width=\"542\" height=\"352\" srcset=\"https:\/\/haulet.be\/gen\/wp-content\/uploads\/2021\/02\/vise-1914-allemands-147e-ligne-2-800.jpg 800w, https:\/\/haulet.be\/gen\/wp-content\/uploads\/2021\/02\/vise-1914-allemands-147e-ligne-2-800-300x195.jpg 300w, https:\/\/haulet.be\/gen\/wp-content\/uploads\/2021\/02\/vise-1914-allemands-147e-ligne-2-800-768x499.jpg 768w\" sizes=\"auto, (max-width: 542px) 100vw, 542px\" \/><\/figure><\/div>\n\n\n\n<p>Le dossier rebondit lorsque, encore par hasard, je d\u00e9couvre sur Facebook une reproduction d&rsquo;une carte postale ancienne montrant la rue de Dalhem avant les destructions de 1914. <\/p>\n\n\n\n<div class=\"wp-block-image\"><figure class=\"aligncenter size-full is-resized\"><img decoding=\"async\" src=\"https:\/\/haulet.be\/gen\/wp-content\/uploads\/2022\/02\/Villa-Haulet-route-de-Dalhem-CP-corrigee.jpg\" alt=\"\" class=\"wp-image-4916\" width=\"850\" srcset=\"https:\/\/haulet.be\/gen\/wp-content\/uploads\/2022\/02\/Villa-Haulet-route-de-Dalhem-CP-corrigee.jpg 823w, https:\/\/haulet.be\/gen\/wp-content\/uploads\/2022\/02\/Villa-Haulet-route-de-Dalhem-CP-corrigee-300x195.jpg 300w, https:\/\/haulet.be\/gen\/wp-content\/uploads\/2022\/02\/Villa-Haulet-route-de-Dalhem-CP-corrigee-768x500.jpg 768w\" sizes=\"(max-width: 823px) 100vw, 823px\" \/><\/figure><\/div>\n\n\n\n<p>On y voit sur la droite l&rsquo;\u00e9glise Saint-Martin et je reconnais imm\u00e9diatement \u00e0 l&rsquo;arri\u00e8re-plan, au centre, une b\u00e2tisse que j&rsquo;identifie imm\u00e9diatement comme \u00e9tant l&rsquo;ancienne maison de la famille Haulet. En effet, Il se fait que dans les archives familiales existait un plan de cette maison, plan que m&rsquo;avait transmis Charles Haulet, et qui me permet d&rsquo;identifier pr\u00e9cis\u00e9ment qu&rsquo;il s&rsquo;agit bien de celle qu&rsquo;habitait L\u00e9on F\u00e9lix Haulet et sa famille et o\u00f9 il y avait \u00e9galement son cabinet.<\/p>\n\n\n\n<div class=\"wp-block-image\"><figure class=\"aligncenter size-large\"><img loading=\"lazy\" decoding=\"async\" width=\"1350\" height=\"1200\" src=\"https:\/\/haulet.be\/gen\/wp-content\/uploads\/2022\/02\/Villa-Haulet-Vise\u0301-Plan-1350x1200.jpg\" alt=\"\" class=\"wp-image-4918\" srcset=\"https:\/\/haulet.be\/gen\/wp-content\/uploads\/2022\/02\/Villa-Haulet-Vise\u0301-Plan-1350x1200.jpg 1350w, https:\/\/haulet.be\/gen\/wp-content\/uploads\/2022\/02\/Villa-Haulet-Vise\u0301-Plan-300x267.jpg 300w, https:\/\/haulet.be\/gen\/wp-content\/uploads\/2022\/02\/Villa-Haulet-Vise\u0301-Plan-768x683.jpg 768w, https:\/\/haulet.be\/gen\/wp-content\/uploads\/2022\/02\/Villa-Haulet-Vise\u0301-Plan-1536x1365.jpg 1536w, https:\/\/haulet.be\/gen\/wp-content\/uploads\/2022\/02\/Villa-Haulet-Vise\u0301-Plan.jpg 1707w\" sizes=\"auto, (max-width: 1350px) 100vw, 1350px\" \/><\/figure><\/div>\n\n\n\n<p>On reconnait parfaitement l&rsquo;agencement des fen\u00eatres de la facade ouest et le balcon de la facade nord, surplombant le cabinet m\u00e9dical.<br>Ce plan a \u00e9t\u00e9 \u00e9tabli le 23 novembre 1919 pour restituer l&rsquo;\u00e9tat des lieux en juillet 1914, sans doute pour servir dans le dossier de reconstruction ou d&rsquo;indemnisation qui sera soumis \u00e0 l&rsquo;Office des R\u00e9gions D\u00e9vast\u00e9es.<\/p>\n\n\n\n<p>Mais les surprises ne s&rsquo;arr\u00eatent pas l\u00e0 ! Deux semaines apr\u00e8s cette d\u00e9couverte, apparait, \u00e0 nouveau sur Facebook, une autre carte postale dat\u00e9e de 1913 reprenant la m\u00eame vue sous quasi le m\u00eame angle mais avec, sans doute, une focale plus longue \u00e9crasant un peu les plans :<\/p>\n\n\n\n<div class=\"wp-block-image\"><figure class=\"aligncenter size-full is-resized\"><img decoding=\"async\" src=\"https:\/\/haulet.be\/gen\/wp-content\/uploads\/2022\/02\/CP-Vise-3155-Route-de-Dalhem-1913-corrigee.jpg\" alt=\"\" class=\"wp-image-4920\" width=\"850\" srcset=\"https:\/\/haulet.be\/gen\/wp-content\/uploads\/2022\/02\/CP-Vise-3155-Route-de-Dalhem-1913-corrigee.jpg 960w, https:\/\/haulet.be\/gen\/wp-content\/uploads\/2022\/02\/CP-Vise-3155-Route-de-Dalhem-1913-corrigee-300x216.jpg 300w, https:\/\/haulet.be\/gen\/wp-content\/uploads\/2022\/02\/CP-Vise-3155-Route-de-Dalhem-1913-corrigee-768x554.jpg 768w\" sizes=\"(max-width: 960px) 100vw, 960px\" \/><\/figure><\/div>\n\n\n\n<p>Les divers feuillages indiquent que cette derni\u00e8re photo est bien plus r\u00e9cente que la pr\u00e9c\u00e9dente.<\/p>\n\n\n\n<p>Mais l\u00e0 o\u00f9 l&rsquo;affaire se corse, c&rsquo;est suite d&rsquo;une nouvelle carte postale qui montre l&rsquo;\u00e9glise \u00e0 moiti\u00e9 d\u00e9truite donc dat\u00e9e d&rsquo;au moins apr\u00e8s ao\u00fbt 1914 et bien \u00e9videmment \u00e0 sa gauche la maison du docteur Haulet qui, non seulement para\u00eet intacte mais n&rsquo;est plus la m\u00eame que sur les vues pr\u00e9c\u00e9dentes ! <\/p>\n\n\n\n<div class=\"wp-block-image\"><figure class=\"aligncenter size-full\"><img loading=\"lazy\" decoding=\"async\" width=\"850\" height=\"563\" src=\"https:\/\/haulet.be\/gen\/wp-content\/uploads\/2022\/05\/VISE-route-de-dahlem-CP-3-850.jpg\" alt=\"\" class=\"wp-image-5065\" srcset=\"https:\/\/haulet.be\/gen\/wp-content\/uploads\/2022\/05\/VISE-route-de-dahlem-CP-3-850.jpg 850w, https:\/\/haulet.be\/gen\/wp-content\/uploads\/2022\/05\/VISE-route-de-dahlem-CP-3-850-300x199.jpg 300w, https:\/\/haulet.be\/gen\/wp-content\/uploads\/2022\/05\/VISE-route-de-dahlem-CP-3-850-768x509.jpg 768w\" sizes=\"auto, (max-width: 850px) 100vw, 850px\" \/><\/figure><\/div>\n\n\n\n<p>Le cube d&rsquo;origine a laiss\u00e9 place \u00e0 une b\u00e2tisse plus \u00e9l\u00e9gante. A regarder de plus pr\u00e8s, il devient \u00e9vident que c&rsquo;est la m\u00eame villa que celle repr\u00e9sent\u00e9e sur le plan d&rsquo;avant-projet de reconstruction de l&rsquo;architecte Hallen illustr\u00e9 en t\u00eate de cet article !<\/p>\n\n\n\n<div class=\"wp-block-image\"><figure class=\"aligncenter size-full\"><img loading=\"lazy\" decoding=\"async\" width=\"850\" height=\"426\" src=\"https:\/\/haulet.be\/gen\/wp-content\/uploads\/2022\/05\/Villa-Haulet-1914-Projet.jpg\" alt=\"\" class=\"wp-image-5064\" srcset=\"https:\/\/haulet.be\/gen\/wp-content\/uploads\/2022\/05\/Villa-Haulet-1914-Projet.jpg 850w, https:\/\/haulet.be\/gen\/wp-content\/uploads\/2022\/05\/Villa-Haulet-1914-Projet-300x150.jpg 300w, https:\/\/haulet.be\/gen\/wp-content\/uploads\/2022\/05\/Villa-Haulet-1914-Projet-768x385.jpg 768w\" sizes=\"auto, (max-width: 850px) 100vw, 850px\" \/><\/figure><\/div>\n\n\n\n<p>L&rsquo;inclinaison de la toiture, l&rsquo;ornementation de la facade, le balcon au-dessus de l&rsquo;entr\u00e9e ne laissent aucun doute. L&rsquo;avant-projet de reconstruction de la villa Haulet concerne bien la maison visible sur la carte de 1914. Cela r\u00e9sout bien des questions tout en posant d&rsquo;autres !<br>Le plan bleu, qui montre un b\u00e2timent comme sur les deux premi\u00e8res cartes postales, mentionne qu&rsquo;il s&rsquo;agit \u00ab\u00a0d&rsquo;un \u00e9tat des lieux en juillet 1914\u00a0\u00bb a \u00e9t\u00e9 r\u00e9alis\u00e9 en novembre 1919. Cela permet de penser que c&rsquo;est cette maison, illustr\u00e9e sur les deux premi\u00e8res cartes postales, qui a \u00e9t\u00e9 fortement endommag\u00e9e sinon d\u00e9truite par les Allemands. <\/p>\n\n\n\n<p class=\"has-black-color has-luminous-vivid-orange-background-color has-text-color has-background has-small-font-size\" style=\"font-style:normal;font-weight:300\">Dans son r\u00e9cit de l&rsquo;invasion allemande \u00e0 Vis\u00e9 le 4 ao\u00fbt 1914, L\u00e9on-F\u00e9lix mentionne que dans apr\u00e8s-midi du 4, un obus, sans doute tir\u00e9 depuis le fort de Pontisse, a touch\u00e9 la maison et saccag\u00e9 le salon. Le 10 ao\u00fbt, la fl\u00e8che de l&rsquo;\u00e9glise est dynamit\u00e9e et s&rsquo;ensuit l&#8217;embrasement total de celle-ci. Le 16 ao\u00fbt, commence l&rsquo;incendie syst\u00e9matique de la ville et toute la famille quitte la ville. Le 17 ao\u00fbt, sa soeur Maria fait un aller-retour Dalhem-Vis\u00e9 et signale que leurs maisons n&rsquo;ont pas encore br\u00fbl\u00e9 (rue de Dalhem et rue Porte de Lorette). En Octobre, L\u00e9on-F\u00e9lix signale que Maria s&rsquo;est rendue \u00e0 Vis\u00e9 et a constat\u00e9 que les valeurs et titres enterr\u00e9s dans le jardin ont disparu. Pas de pr\u00e9cisions sur l&rsquo;Etat de la maison.<\/p>\n\n\n\n<p>L&rsquo;\u00e9tat des lieux en juillet 1914 (plan bleu) a \u00e9t\u00e9 sans doute \u00e9tabli en vue de la juste appr\u00e9ciation du dommage. Cela explique aussi pourquoi une nouvelle villa, telle que sur la 3\u00e9me carte postale l&rsquo;ait remplac\u00e9e. <br>Se pose alors les questions quand, comment et qui a fait reconstruire cette villa ? La 1\u00e8re pierre de reconstruction de la coll\u00e9giale Saint-Martin a \u00e9t\u00e9 pos\u00e9e le 13 avril 1924. L&rsquo;O.R.D. &#8211; Office des r\u00e9gions d\u00e9vast\u00e9es &#8211; a op\u00e9r\u00e9 de 1920 \u00e0 1930 et a reb\u00e2ti 300 maisons \u00e0 Vis\u00e9. On peut donc situer la construction de la Villa Haulet, telle qu&rsquo;illustr\u00e9e sur la 3\u00e8me carte postale et conforme au croquis de l&rsquo;architecte Hallen (1919), entre 1920 et 1924.<\/p>\n\n\n\n<p>Ce qui est bien \u00e9tabli, c&rsquo;est que la famille Haulet ne s&rsquo;est jamais r\u00e9install\u00e9e \u00e0 Vis\u00e9. En effet, elle quitte Lancaster en Angleterre d\u00e9but f\u00e9vrier 1919 pour s&rsquo;installer \u00e0 Li\u00e8ge rue L\u00e9on-Mignon le 9 avril 1919 apr\u00e8s un court s\u00e9jour \u00e0 Verviers rue des Hospices dans une maison appartenant \u00e0 Maurice Pollet-Duesberg et son \u00e9pouse Lucie Haulet, soeur de L\u00e9on-F\u00e9lix.<br>( Voir https:\/\/haulet.be\/gen\/exil-en-angleterre\/ )<br>Toujours est-il que des dossiers ont \u00e9t\u00e9 introduits \u00e0 l&rsquo;Office des R\u00e9gions D\u00e9vast\u00e9es, cr\u00e9\u00e9 en 1920 en vue de la reconstruction. On en trouve trace \u00e0 deux reprises sur <a rel=\"noreferrer noopener\" href=\"https:\/\/search.arch.be\/fr\/rechercher-des-archives\/resultats\/ead\/zoekresultaat\/zoekterm\/haulet\/eadid\/BE-A0510_000082_003193_DUT\/beginjaar\/1919\/eindjaar\/1930\/inventarisnr\/I823193341\/level\/file\" target=\"_blank\">search.arch.be<\/a> :<br>Une premi\u00e8re fois via l&rsquo;architecte G. Hallen de Li\u00e8ge, auteur du croquis montr\u00e9 en introduction de ce texte, une seconde fois via un autre architecte : G. Rousseau de Hermalle-sous-Argenteau :<\/p>\n\n\n\n<figure class=\"wp-block-image size-full\"><img loading=\"lazy\" decoding=\"async\" width=\"727\" height=\"354\" src=\"https:\/\/haulet.be\/gen\/wp-content\/uploads\/2022\/03\/ODR-398-Rte-de-Dallem-arch.-Hallen.jpg\" alt=\"\" class=\"wp-image-4929\" srcset=\"https:\/\/haulet.be\/gen\/wp-content\/uploads\/2022\/03\/ODR-398-Rte-de-Dallem-arch.-Hallen.jpg 727w, https:\/\/haulet.be\/gen\/wp-content\/uploads\/2022\/03\/ODR-398-Rte-de-Dallem-arch.-Hallen-300x146.jpg 300w\" sizes=\"auto, (max-width: 727px) 100vw, 727px\" \/><\/figure>\n\n\n\n<figure class=\"wp-block-image size-full\"><img loading=\"lazy\" decoding=\"async\" width=\"726\" height=\"339\" src=\"https:\/\/haulet.be\/gen\/wp-content\/uploads\/2022\/03\/ODR-12-rte-de-Dalhem-Arch.-Rousseau.jpg\" alt=\"\" class=\"wp-image-4930\" srcset=\"https:\/\/haulet.be\/gen\/wp-content\/uploads\/2022\/03\/ODR-12-rte-de-Dalhem-Arch.-Rousseau.jpg 726w, https:\/\/haulet.be\/gen\/wp-content\/uploads\/2022\/03\/ODR-12-rte-de-Dalhem-Arch.-Rousseau-300x140.jpg 300w\" sizes=\"auto, (max-width: 726px) 100vw, 726px\" \/><\/figure>\n\n\n\n<p>Qu&rsquo;en est-il de cette villa ? Si elle est mentionn\u00e9e dans les notes que L\u00e9on (fils) a r\u00e9dig\u00e9 dans un livre de comptes familial \u00e0 l&rsquo;occasion de la succession de son p\u00e8re L\u00e9on-F\u00e9lix en 1932, il appara\u00eet bien qu&rsquo;elle ne fait pas partie du partage qui s&rsquo;ensuivit. <\/p>\n\n\n\n<figure class=\"wp-block-image size-full\"><img loading=\"lazy\" decoding=\"async\" width=\"850\" height=\"174\" src=\"https:\/\/haulet.be\/gen\/wp-content\/uploads\/2022\/05\/reprise-succession.jpg\" alt=\"\" class=\"wp-image-5080\" srcset=\"https:\/\/haulet.be\/gen\/wp-content\/uploads\/2022\/05\/reprise-succession.jpg 850w, https:\/\/haulet.be\/gen\/wp-content\/uploads\/2022\/05\/reprise-succession-300x61.jpg 300w, https:\/\/haulet.be\/gen\/wp-content\/uploads\/2022\/05\/reprise-succession-768x157.jpg 768w\" sizes=\"auto, (max-width: 850px) 100vw, 850px\" \/><\/figure>\n\n\n\n<p>Quel a \u00e9t\u00e9 son sort ? Un jugement de 1936, \u00e0 retrouver dans les archives, semble indiquer qu&rsquo;une indemnit\u00e9 aurait \u00e9t\u00e9 octroy\u00e9e, \u00e0 titre de dommages de guerre quant \u00e0 la maison d\u00e9truite route de Dalhem. A suivre&#8230;<\/p>\n\n\n\n<div style=\"height:40px\" aria-hidden=\"true\" class=\"wp-block-spacer\"><\/div>\n\n\n\n<h2 class=\"wp-block-heading\">2. Les terrains et maisons rue Porte de Lorette<\/h2>\n\n\n\n<p>L\u00e9on-F\u00e9lix et sa soeur Maria avait h\u00e9rit\u00e9, en indivision, de leur m\u00e8re Lambertine Paulus (1833-1912) \u00e9pouse de Henri-Joseph III Haulet (1834-1897) de terrains et de 3 maisons sises \u00e0 Vis\u00e9 rue Porte de Lorette, juste derri\u00e8re la route de Dalhem. Il s&rsquo;agit des maisons n\u00b0 3, 18 et 20 qui ont \u00e9galement \u00e9t\u00e9 d\u00e9truites comme 585 des 840 maisons de Vis\u00e9.<br>Maria poss\u00e9dait quant \u00e0 elle les maisons situ\u00e9es aux n\u00b0 14 et 16.<br>Ces immeubles sont mentionn\u00e9s dans le Livre de Comptes tenus par L\u00e9on :<\/p>\n\n\n\n<figure class=\"wp-block-image size-full\"><img loading=\"lazy\" decoding=\"async\" width=\"850\" height=\"261\" src=\"https:\/\/haulet.be\/gen\/wp-content\/uploads\/2022\/05\/Maisons-a\u0300-Vise\u0301-850.jpg\" alt=\"\" class=\"wp-image-5079\" srcset=\"https:\/\/haulet.be\/gen\/wp-content\/uploads\/2022\/05\/Maisons-a\u0300-Vise\u0301-850.jpg 850w, https:\/\/haulet.be\/gen\/wp-content\/uploads\/2022\/05\/Maisons-a\u0300-Vise\u0301-850-300x92.jpg 300w, https:\/\/haulet.be\/gen\/wp-content\/uploads\/2022\/05\/Maisons-a\u0300-Vise\u0301-850-768x236.jpg 768w\" sizes=\"auto, (max-width: 850px) 100vw, 850px\" \/><\/figure>\n\n\n\n<p>Ces maisons ont \u00e9galement \u00e9t\u00e9 reconstruites par l&rsquo;Office des R\u00e9gions D\u00e9vast\u00e9es :<\/p>\n\n\n\n<figure class=\"wp-block-image size-full\"><img loading=\"lazy\" decoding=\"async\" width=\"722\" height=\"353\" src=\"https:\/\/haulet.be\/gen\/wp-content\/uploads\/2022\/03\/ODR-341-Porte-de-Lorette-L.Haulet-1.jpg\" alt=\"\" class=\"wp-image-4935\" srcset=\"https:\/\/haulet.be\/gen\/wp-content\/uploads\/2022\/03\/ODR-341-Porte-de-Lorette-L.Haulet-1.jpg 722w, https:\/\/haulet.be\/gen\/wp-content\/uploads\/2022\/03\/ODR-341-Porte-de-Lorette-L.Haulet-1-300x147.jpg 300w\" sizes=\"auto, (max-width: 722px) 100vw, 722px\" \/><\/figure>\n\n\n\n<p>Lors d&rsquo;une visite \u00e0 Vis\u00e9 le 11 d\u00e9cembre 2021, les 4 fils d&rsquo;Albert Haulet, Jean-Pierre, Philippe, Dominique et Albert, ont pu gravir les marches menant \u00e0 la chapelle Notre-Dame de Lorette en guise de promenade digestive apr\u00e8s avoir d\u00e9gust\u00e9, \u00e0 l&rsquo;enseigne \u00ab\u00a0Chez Adam\u00a0\u00bb place Reine Astrid, une aussi d\u00e9licieuse qu&rsquo;incontournable <a rel=\"noreferrer noopener\" href=\"https:\/\/www.liegetourisme.be\/oie-a-l-instar-de-vise.html\" target=\"_blank\">oie \u00e0 l&rsquo;instar de Vis\u00e9<\/a> !<br>Ils ont \u00e9t\u00e9 constern\u00e9s de voir que le d\u00e9but de la route de Dalhem, \u00e0 l&rsquo;oppos\u00e9 de la coll\u00e9giale Saint-Martin, l\u00e0 o\u00f9 s&rsquo;\u00e9levait la villa Haulet, \u00e9tait occup\u00e9 par un immeuble moderne et un parking de grande surface !<br>Par contre, les 3 maisons de la rue Porte de Lorette semblent au rendez-vous. On peut voir sur certaines facades la marque de l&rsquo;Office des R\u00e9gions D\u00e9vast\u00e9es.<\/p>\n\n\n\n<div class=\"wp-block-image\"><figure class=\"aligncenter size-full\"><img loading=\"lazy\" decoding=\"async\" width=\"800\" height=\"267\" src=\"https:\/\/haulet.be\/gen\/wp-content\/uploads\/2022\/05\/Rue-Porte-de-Lorette-ORD-800.jpg\" alt=\"\" class=\"wp-image-5075\" srcset=\"https:\/\/haulet.be\/gen\/wp-content\/uploads\/2022\/05\/Rue-Porte-de-Lorette-ORD-800.jpg 800w, https:\/\/haulet.be\/gen\/wp-content\/uploads\/2022\/05\/Rue-Porte-de-Lorette-ORD-800-300x100.jpg 300w, https:\/\/haulet.be\/gen\/wp-content\/uploads\/2022\/05\/Rue-Porte-de-Lorette-ORD-800-768x256.jpg 768w\" sizes=\"auto, (max-width: 800px) 100vw, 800px\" \/><\/figure><\/div>\n\n\n\n<hr class=\"wp-block-separator is-style-wide\"\/>\n\n\n\n<div style=\"height:20px\" aria-hidden=\"true\" class=\"wp-block-spacer\"><\/div>\n","protected":false},"excerpt":{"rendered":"<p>1. La villa Haulet C&rsquo;est un peu par hasard que je d\u00e9couvre sur internet une reproduction d&rsquo;un plan de la \u00ab\u00a0villa Haulet\u00a0\u00bb tir\u00e9 d&rsquo;un article de la revue \u00ab\u00a0Science Connection\u00a0\u00bb num\u00e9ro 47 dat\u00e9 du 5 juin 2015. Cet article intitul\u00e9 \u00ab\u00a0Retracer l&rsquo;histoire de sa maison\u00a0\u00bb montre en illustration un avant-projet de reconstruction de la villa [&hellip;]<\/p>\n","protected":false},"author":1,"featured_media":0,"parent":0,"menu_order":0,"comment_status":"open","ping_status":"closed","template":"template-full-width.php","meta":{"_coblocks_attr":"","_coblocks_dimensions":"","_coblocks_responsive_height":"","_coblocks_accordion_ie_support":"","footnotes":""},"class_list":["post-5084","page","type-page","status-publish","hentry"],"_links":{"self":[{"href":"https:\/\/haulet.be\/gen\/wp-json\/wp\/v2\/pages\/5084","targetHints":{"allow":["GET"]}}],"collection":[{"href":"https:\/\/haulet.be\/gen\/wp-json\/wp\/v2\/pages"}],"about":[{"href":"https:\/\/haulet.be\/gen\/wp-json\/wp\/v2\/types\/page"}],"author":[{"embeddable":true,"href":"https:\/\/haulet.be\/gen\/wp-json\/wp\/v2\/users\/1"}],"replies":[{"embeddable":true,"href":"https:\/\/haulet.be\/gen\/wp-json\/wp\/v2\/comments?post=5084"}],"version-history":[{"count":0,"href":"https:\/\/haulet.be\/gen\/wp-json\/wp\/v2\/pages\/5084\/revisions"}],"wp:attachment":[{"href":"https:\/\/haulet.be\/gen\/wp-json\/wp\/v2\/media?parent=5084"}],"curies":[{"name":"wp","href":"https:\/\/api.w.org\/{rel}","templated":true}]}}