{"id":5473,"date":"2023-03-25T17:42:22","date_gmt":"2023-03-25T16:42:22","guid":{"rendered":"https:\/\/haulet.be\/gen\/?page_id=5473"},"modified":"2023-04-03T13:53:05","modified_gmt":"2023-04-03T11:53:05","slug":"reunion-de-la-famille-haulet-magis","status":"publish","type":"page","link":"https:\/\/haulet.be\/gen\/reunion-de-la-famille-haulet-magis\/","title":{"rendered":"R\u00e9union de la famille Haulet-Magis"},"content":{"rendered":"\n<hr class=\"wp-block-separator has-alpha-channel-opacity is-style-wide\"\/>\n\n\n\n<p class=\"has-white-background-color has-background\"><iframe loading=\"lazy\" id=\"oak-embed\" width=\"480\" height=\"80\" style=\"display: block; margin: 0px auto; border: 0px;\" src=\"https:\/\/embed-countdown.onlinealarmkur.com\/fr\/#2023-05-20T12:00:00@Europe%2FBrussels\"><\/iframe><\/p>\n\n\n\n<hr class=\"wp-block-separator has-alpha-channel-opacity is-style-wide\"\/>\n\n\n\n<div style=\"height:23px\" aria-hidden=\"true\" class=\"wp-block-spacer\"><\/div>\n\n\n<div class=\"wp-block-image\">\n<figure class=\"aligncenter size-full coblocks-animate\" data-coblocks-animation=\"zoomIn\"><img loading=\"lazy\" decoding=\"async\" width=\"800\" height=\"578\" src=\"https:\/\/haulet.be\/gen\/wp-content\/uploads\/2023\/03\/Blason-Haulet-800.jpg\" alt=\"\" class=\"wp-image-5965\" srcset=\"https:\/\/haulet.be\/gen\/wp-content\/uploads\/2023\/03\/Blason-Haulet-800.jpg 800w, https:\/\/haulet.be\/gen\/wp-content\/uploads\/2023\/03\/Blason-Haulet-800-300x217.jpg 300w, https:\/\/haulet.be\/gen\/wp-content\/uploads\/2023\/03\/Blason-Haulet-800-768x555.jpg 768w\" sizes=\"auto, (max-width: 800px) 100vw, 800px\" \/><\/figure>\n<\/div>\n\n\n<div style=\"height:33px\" aria-hidden=\"true\" class=\"wp-block-spacer\"><\/div>\n\n\n\n<p class=\"has-text-align-center\" style=\"font-size:26px\"><strong>L\u00e9on Haulet<\/strong><\/p>\n\n\n\n<p class=\"has-text-align-center\" style=\"font-size:26px\"><strong>Hortense et Irma Magis<\/strong><\/p>\n\n\n\n<p class=\"has-text-align-center\"><strong>Entour\u00e9s de<\/strong><strong><\/strong><\/p>\n\n\n\n<p class=\"has-text-align-center has-vivid-green-cyan-color has-text-color\"><strong>L\u00e9on &#8211; Alice-Hortense &#8211; Marie &#8211; Charles &#8211; Maurice &#8211; Albert &#8211; Lucie \u2013 Suzanne &#8211; James<\/strong><\/p>\n\n\n\n<p class=\"has-text-align-center\"><strong>&amp;<\/strong><strong><\/strong><\/p>\n\n\n\n<p class=\"has-text-align-center has-vivid-green-cyan-color has-text-color\"><strong>Genevi\u00e8ve &#8211; Nicolas &#8211; Ferdinand &#8211; Maria &#8211;\u00a0Eva &#8211; Paul &#8211; Henri &#8211; Jeanne<\/strong><\/p>\n\n\n\n<p class=\"has-text-align-center\" style=\"font-size:24px\"><br><strong>invitent toute leur descendance<\/strong><br><br><\/p>\n\n\n\n<p class=\"has-text-align-center has-pale-cyan-blue-color has-text-color\"><strong>Ferdinand &#8211; Marie-Antoinette &#8211; Dominique &#8211; L\u00e9on-Maurice &#8211; Jean-Jacques &#8211; Charles &#8211; Michel &#8211; Brigitte &#8211; Fran\u00e7oise &#8211; Jean-Pierre &#8211; Philippe &#8211; Dominique &#8211; Albert &#8211;\u00a0Jacqueline &#8211; Jean-Pierre &#8211; Vincent &#8211; Marc &#8211; Dani\u00e8le &#8211; Emmanuel<\/strong><\/p>\n\n\n\n<p class=\"has-text-align-center has-light-green-cyan-color has-text-color\"><strong>Olivier &#8211; Ga\u00eblle &#8211; Virginie &#8211; Jean-Nicolas &#8211; Florence &#8211; Beno\u00eet &#8211; Romaric &#8211; Christophe &#8211; Pascal &#8211; Christine &#8211; Fr\u00e9d\u00e9ric &#8211; Ludovic &#8211; Diane &#8211; Vinciane &#8211; B\u00e9atrice &#8211; Bernard &#8211; Muriel &#8211; Denis &#8211;&nbsp; St\u00e9phan &#8211; Beno\u00eet &#8211; Vincent &#8211; Damien &#8211; Fr\u00e9d\u00e9ric &#8211; Ferdinand &#8211; Sylvie &#8211; S\u00e9bastien &#8211; Fabienne &#8211; Jean-Robert &#8211; Alexandre &#8211; Marie-Sophie&nbsp; &#8211; V\u00e9ronique &#8211; Baudouin &#8211; Florence &#8211; Dimitri &#8211; Rapha\u00ebl &#8211; B\u00e9n\u00e9dicte &#8211; Nicolas &#8211; Damien &#8211; Christophe &#8211; Nathalie &#8211; Charlotte &#8211; Laurent &#8211; Sophie &#8211; St\u00e9phanie &#8211; S\u00e9bastien &#8211; Isabelle &#8211; C\u00e9line &#8211; Bernadette &#8211; Jean-Fran\u00e7ois &#8211; Ingrid &#8211; Elodie &#8211; Eric &#8211; St\u00e9phanie &#8211; Fran\u00e7ois &#8211; St\u00e9phane &#8211; Christel &#8211; Eric &#8211; Muriel &#8211; V\u00e9ronique &#8211; Marianne &#8211; Thierry &#8211; Xavier &#8211; Christophe &#8211; Fran\u00e7oise &#8211; Olivier &#8211; Jehan &#8211; Pierre-Yves &#8211; Martine &#8211; Brigitte &#8211; Alexandre &#8211; L\u00e6titia &#8211; Lucette &#8211; Nicolas &#8211; Geoffrey &#8211; Suzel &#8211; Aur\u00e9lie &#8211; Fr\u00e9d\u00e9ric &#8211; Ludivine &#8211; Erwan &#8211; Diane &#8211; Guillaume &#8211; Juan &#8211; Rapha\u00ebl &#8211; Lilas &#8211; Sylvain &#8211; Ama\u00eblle &#8211; Benjamin<\/strong><\/p>\n\n\n\n<p class=\"has-text-align-center has-luminous-vivid-orange-color has-text-color\"><strong>Justin \u2013 Aur\u00e9lien -Julian -Julie &#8211; Mathilde \u2013 Math\u00e9o &#8211; Damien &#8211; C\u00e9line &#8211; \u00c9milie &#8211; Axel &#8211; Brice &#8211; Florian &#8211; Benjamin &#8211; Morgane &#8211; Livine &#8211; Lucie &#8211; Vincent \u2013 Maxime &#8211; Math\u00e9o &#8211; Nathan &#8211; Julia &#8211; Marion &#8211; Charlie &#8211; J\u00e9romine \u2013 Coline \u2013 Juliette &#8211; Charlotte &#8211; \u00c9l\u00e9onore &#8211; Thamara \u2013 Enzo &#8211; Patrick &#8211; Claude &#8211; Renaud &#8211; Martin &#8211; Laura &#8211; Marie &#8211; Charlotte &#8211; Lo\u00efc &#8211; Dana\u00eblle &#8211; Augustin &#8211; Yveline &#8211; Antoinette &#8211; Timoth\u00e9e &#8211; David &#8211; C\u00e9dric &#8211; Val\u00e9riane &#8211; Amandine &#8211; Adrien &#8211; Delphine &#8211; Caroline &#8211; Xavier &#8211; Olivier &#8211; Julie &#8211; Ga\u00eblle &#8211; H\u00e9lo\u00efse &#8211; Bastien &#8211; Quentin &#8211; Martin &#8211; Pierre &#8211; Fran\u00e7ois &#8211; Simon &#8211; Aaron \u2013 Constance &#8211; Charlotte &#8211; Chlo\u00e9 &#8211; Alice &#8211; Sol\u00e8ne &#8211; Mano\u00eblle \u2013 Leyla &#8211; Juliette &#8211; Antonin \u2013 Robinson \u2013 Romaric &#8211; Charles &#8211; Victoria \u2013 Philippine \u2013 Lise \u2013 \u00c9lo\u00efse \u2013 Gaspard \u2013 Juliette \u2013 Manon \u2013 Jules \u2013 Elsa \u2013 Mila \u2013 Louise \u2013 \u00c9lisa \u2013&nbsp; Baptiste \u2013 Louis \u2013 Charline \u2013 \u00c9mile \u2013 Ella &#8211; Neil \u2013 Achille \u2013 Jade &#8211; Mathis \u2013 Bastien &#8211;&nbsp; Ma\u00eblle \u2013 Olivia \u2013 Louis \u2013 Martin &#8211; Jade &#8211; \u00c9milie \u2013 Apolline \u2013 Juliette \u2013 Ana\u00efs &#8211;&nbsp; Manon &#8211; Paul &#8211; Nathan &#8211; Justine &#8211; Lo\u00efc &#8211; Axelle &#8211; Sarah &#8211; Jonathan &#8211; Martin &#8211; \u00c9line &#8211; J\u00e9r\u00e9my &#8211; Benjamin &#8211; Tom \u2013 Manu \u2013 Martin &#8211; Ada \u2013 Hester &#8211; Martin &#8211; Bastien &#8211; Cl\u00e9mentine &#8211; Charlotte &#8211; Baptiste &#8211; Louis &#8211; Julien &#8211; Maxime &#8211; Thomas \u2013 Julie &#8211; Cassandra &#8211; Jessica &#8211; Gr\u00e9goire &#8211; L\u00e9opold \u2013 Henry &#8211; Aur\u00e9lien \u2013 Cyrille \u2013 Florent \u2013 Cl\u00e9mence \u2013 Lo\u00efc \u2013 Amandine &#8211; Zo\u00e9 \u2013 Julie &#8211; Olivia \u2013 Gabriel &#8211; Benjamin \u2013 \u00c9l\u00e9onore \u2013 Lison &#8211; Alysson &#8211; Emeline &#8211; Candice &#8211; C\u00e9cilia <\/strong><\/p>\n\n\n\n<p class=\"has-text-align-center has-cyan-bluish-gray-color has-text-color\"><strong>Chlo\u00e9 &#8211; Arthur \u2013 Titouan &#8211; Lilou \u2013 Evann \u2013 Sasha \u2013 Noa \u2013 Ga\u00ebtan \u2013 Rapha\u00ebl \u2013 Lou-Anne \u2013 \u00c9z\u00e9kiel &#8211;\u00a0 Sama\u00ebl \u2013 Evey \u2013 F\u00e9licie \u2013 Gabin \u2013 C\u00e9dric \u2013 Guerau \u2013 Harry \u2013 Tim \u2013 L\u00e9a \u2013 Th\u00e9o \u2013 Julie &#8211; Martin \u2013 Lili \u2013 Th\u00e9a \u2013 Alix &#8211; Clo\u00e9 \u2013 C\u00f4me &#8211; Colin &#8211; Cecilia &#8211; Lo\u00efne &#8211; Math\u00e9is \u2013 Alexis &#8211; Annabelle \u2013 \u00c9milien \u2013 C\u00e9lestin \u2013 Jeanne &#8211;<\/strong> <strong>Aya<\/strong> <strong>&#8211; Ali<\/strong><br><br><\/p>\n\n\n\n<p class=\"has-text-align-center\" style=\"font-size:24px\"><strong>et leurs alli\u00e9(e)s<\/strong><strong><\/strong><\/p>\n\n\n\n<p class=\"has-text-align-center\" style=\"font-size:24px\"><strong>\u00e0 se r\u00e9unir ce samedi 20 mai 2023<\/strong><\/p>\n\n\n\n<p class=\"has-text-align-center\" style=\"font-size:24px\"><strong>d\u00e8s 12h00 <\/strong><strong>au&nbsp; Domaine de Blegny-Mine<\/strong><\/p>\n\n\n\n<p class=\"has-text-align-center\" style=\"font-size:24px\">\u2022 <strong>Ap\u00e9ritif, barbecue et dessert<\/strong> \u2022<\/p>\n\n\n\n<div style=\"height:32px\" aria-hidden=\"true\" class=\"wp-block-spacer\"><\/div>\n\n\n\n<hr class=\"wp-block-separator has-alpha-channel-opacity\"\/>\n\n\n\n<p class=\"has-black-color has-cyan-bluish-gray-background-color has-text-color has-background\">PAF&nbsp;: 35 \u20ac pour les adultes et + de 17 ans<br>&nbsp;&nbsp;&nbsp;&nbsp;&nbsp;&nbsp;&nbsp;&nbsp;&nbsp;&nbsp;25 \u20ac pour les ados de 13 \u00e0 17 ans<br>&nbsp;&nbsp;&nbsp;&nbsp;&nbsp;&nbsp;&nbsp;&nbsp;&nbsp;&nbsp;15 \u20ac pour enfants de 5 \u00e0 12 ans<br>&nbsp;&nbsp;&nbsp;&nbsp;&nbsp;&nbsp;&nbsp;&nbsp;&nbsp;&nbsp;0 \u20ac pour les enfants jusqu&rsquo;\u00e0 4 ans<\/p>\n\n\n\n<p class=\"has-black-color has-cyan-bluish-gray-background-color has-text-color has-background\">Boissons&nbsp;: Ap\u00e9ritif et softs gratuits<br>&nbsp;&nbsp;&nbsp;&nbsp;&nbsp;&nbsp;&nbsp;&nbsp;&nbsp;&nbsp;&nbsp;&nbsp;&nbsp;&nbsp;&nbsp;&nbsp;&nbsp;&nbsp;Bi\u00e8res et vins : vente sur place de tickets \u00e0 prix modiques \u00ab\u00a0cousins\u00a0\u00bb<\/p>\n\n\n\n<p class=\"has-black-color has-cyan-bluish-gray-background-color has-text-color has-background\">Tenue d\u00e9contract\u00e9e&nbsp;&nbsp;&nbsp;&nbsp;&nbsp;&nbsp;&nbsp;&nbsp;&nbsp;&nbsp;&nbsp;&nbsp;&nbsp;&nbsp;&nbsp;&nbsp;&nbsp;<\/p>\n\n\n\n<p class=\"has-black-color has-cyan-bluish-gray-background-color has-text-color has-background\">Dans un souci d\u2019organiser au mieux cette journ\u00e9e, nous vous remercions de proc\u00e9der \u00e0 votre inscription sur notre formulaire en ligne &#8211; avant le 12 avril &#8211; et de verser votre participation, qui validera l&rsquo;inscription, sur le compte BE67 1325 1795 5587 (Famille Haulet-Magis) avec la mention \u00ab&nbsp;r\u00e9union Haulet-Magis + nombre de repas enfants, ados et adultes&nbsp;\u00bb et ce pour le <strong><u>1<sup>er<\/sup> mai au plus tard<\/u><\/strong>.<\/p>\n\n\n\n<hr class=\"wp-block-separator has-alpha-channel-opacity is-style-wide\"\/>\n\n\n\n<p class=\"has-text-align-center has-black-color has-luminous-vivid-amber-background-color has-text-color has-background\" style=\"font-size:20px\"><strong><u>Inscription en ligne :<\/u><\/strong><br>L&rsquo;inscription se fait via un formulaire Google-sheet tr\u00e8s facile \u00e0 utiliser.<br>Y sont repris tous les d\u00e9tails relatifs aux activit\u00e9s propos\u00e9es.<br>Vous pouvez y acc\u00e9der en cliquant<strong> <mark style=\"background-color:rgba(0, 0, 0, 0)\" class=\"has-inline-color has-vivid-purple-color\"><a href=\"https:\/\/docs.google.com\/spreadsheets\/d\/17uSRk_D5OmWwmyS4nJgMQas7V2czlCrDdJKKuAhSyhM\/edit#gid=1155896016\" target=\"_blank\" rel=\"noreferrer noopener\">ICI<\/a><\/mark><\/strong><\/p>\n\n\n\n<p class=\"has-text-align-center has-luminous-vivid-orange-color has-luminous-vivid-amber-background-color has-text-color has-background\" style=\"font-size:20px\"><strong>Ce formulaire doit \u00eatre imp\u00e9rativement compl\u00e9t\u00e9 avant<u> le mercredi 12 avril <\/u>afin de r\u00e9pondre aux exigences de Blegny-mine.<\/strong><\/p>\n\n\n\n<hr class=\"wp-block-separator has-alpha-channel-opacity is-style-wide\"\/>\n\n\n\n<div style=\"height:53px\" aria-hidden=\"true\" class=\"wp-block-spacer\"><\/div>\n\n\n\n<p class=\"has-text-align-center\" style=\"font-size:22px\"><strong><u>Plan d\u2019acc\u00e8s<\/u><\/strong><\/p>\n\n\n\n<figure class=\"wp-block-table aligncenter\"><table class=\"has-fixed-layout\"><thead><tr><th><strong>De Li\u00e8ge \/ Bruxelles<\/strong>&nbsp;:<\/th><th><strong>De Verviers<\/strong>&nbsp;:<\/th><\/tr><\/thead><tbody><tr><td>&gt; Prendre l\u2019autoroute E40 vers Aachen-Verviers<\/td><td>&gt; Prendre l\u2019autoroute E40 vers Li\u00e8ge<\/td><\/tr><tr><td>&gt; Sortie n\u00b0 36 Blegny<\/td><td>&gt; Sortie n\u00b0 36 Blegny<\/td><\/tr><tr><td>&gt; Prendre \u00e0 droite<\/td><td>&gt; Au 1er rond-point, prendre \u00e0 droite<\/td><\/tr><tr><td>&gt; Au rond-point, 1\u00e8re sortie, passer au-dessus <br>de l&rsquo;autoroute<\/td><td>&gt; Au 2\u00e8me rond-point, prendre \u00e0 droite<\/td><\/tr><tr><td>&gt; Au rond-point suivant, prendre la 2\u00e8me sortie<\/td><td>&gt; Suivre fl\u00e9chage \u00ab&nbsp;Blegny-Mine&nbsp;\u00bb<\/td><\/tr><tr><td>&gt; Troisi\u00e8me rond-point, 1\u00e8re sortie \u00e0 droite, <br>suivre fl\u00e9chage \u00ab\u00a0Blegny-Mine\u00a0\u00bb<\/td><td><\/td><\/tr><\/tbody><\/table><\/figure>\n\n\n\n<p class=\"has-text-align-center\"><strong>DOMAINE de BLEGNY-MINE&nbsp;: Rue Lambert Marlet, 23 \u00e0 4670 Blegny<\/strong><\/p>\n\n\n<div class=\"wp-block-image\">\n<figure class=\"aligncenter size-full\"><img loading=\"lazy\" decoding=\"async\" width=\"454\" height=\"360\" src=\"https:\/\/haulet.be\/gen\/wp-content\/uploads\/2023\/03\/acces-et-gps.jpg\" alt=\"\" class=\"wp-image-5998\" srcset=\"https:\/\/haulet.be\/gen\/wp-content\/uploads\/2023\/03\/acces-et-gps.jpg 454w, https:\/\/haulet.be\/gen\/wp-content\/uploads\/2023\/03\/acces-et-gps-300x238.jpg 300w\" sizes=\"auto, (max-width: 454px) 100vw, 454px\" \/><\/figure>\n<\/div>\n\n\n<div style=\"height:49px\" aria-hidden=\"true\" class=\"wp-block-spacer\"><\/div>\n\n\n\n<hr class=\"wp-block-separator has-alpha-channel-opacity is-style-wide\"\/>\n\n\n\n<p class=\"has-black-color has-white-background-color has-text-color has-background\" style=\"font-size:16px\"><strong><u>Contacts pour informations<\/u>:<\/strong><br>B\u00e9atrice de Lamotte&nbsp;: 00 32 (0)498 13 63 36&nbsp;; beatricedelamotte1@gmail.com<br>Fabienne Wilkin&nbsp;: 00 32 (0)498 73 41 32&nbsp;; fabiwilkin@gmail.com<br>Vincent Delr\u00e9e&nbsp;: 00 32 (0)479 36 01 80&nbsp;; vincent1.delree@gmail.com<br>Philippe Haulet&nbsp;:&nbsp; phaulet@gmail.com<br>Charles Haulet : 00 32 (0)476 63 81 09&nbsp;; charles.haulet@gmail.com<br>Stephan Maertens&nbsp;: 00 32 (0)475 25 94 79 ; stephanmaertens52@gmail.com<br>Dominique Haulet&nbsp;: 00 32 (0)495 27 36 26&nbsp;; hauletdomi@hotmail.com<br>Jean-Robert Wilkin&nbsp;:  &nbsp;00 352 621 196 648&nbsp;; jjrwilkin@gmail.com<br>Jean-Fran\u00e7ois Haulet&nbsp;: 00 32 (0) 478 96 77 18&nbsp;; jfhaulet@hotmail.com<br>Ingrid Haulet&nbsp;: 00 32 (0)479 41 08 48&nbsp;; ingridhaulet@hotmail.com<\/p>\n\n\n\n<hr class=\"wp-block-separator has-alpha-channel-opacity is-style-wide\"\/>\n\n\n\n<div style=\"height:21px\" aria-hidden=\"true\" class=\"wp-block-spacer\"><\/div>\n\n\n\n<p class=\"has-text-align-center\" style=\"font-size:24px\"><strong><u>D\u00e9roulement de la journ\u00e9e :<\/u><\/strong><\/p>\n\n\n\n<p><em>Suivant les options que vous pourrez s\u00e9lectionner lors de votre inscription en ligne, voici les plages horaires pr\u00e9vues :<\/em><\/p>\n\n\n\n<p class=\"has-text-align-left\">\u2022 10 h : La<strong> <mark style=\"background-color:rgba(0, 0, 0, 0)\" class=\"has-inline-color has-luminous-vivid-amber-color\">visite guid\u00e9e de la mine<\/mark><\/strong> (1h45&prime;) <br>\u2022 11 h : La visite de l<mark style=\"background-color:rgba(0, 0, 0, 0)\" class=\"has-inline-color has-luminous-vivid-amber-color\">&lsquo;<strong>exposition permanente du Puits-Marie<\/strong><\/mark> (50&prime;)<br>\u2022 11h : <strong><mark style=\"background-color:rgba(0, 0, 0, 0)\" class=\"has-inline-color has-luminous-vivid-amber-color\">Balade du biotope<\/mark><\/strong>, audio-guid\u00e9e (50&prime;)<br>\u2022 11h : Balade en <strong><mark style=\"background-color:rgba(0, 0, 0, 0)\" class=\"has-inline-color has-luminous-vivid-amber-color\">train touristique<\/mark><\/strong> (50&prime;)<br>\u2022 12h : Accueil et ap\u00e9ritif<br>\u2022 13h : Barbecue<\/p>\n\n\n\n<p class=\"has-text-align-center\">&#8212;&#8212;&#8212;&#8212;&#8212;&#8212;&#8212;&#8212;&#8212;&#8212;&#8212;&#8212;&#8212;&#8212;&#8212;&#8212;&#8212;&#8212;&#8212;&#8212;&#8212;&#8212;&#8212;&#8212;&#8212;&#8212;&#8212;&#8212;&#8212;&#8212;&#8212;&#8212;&#8212;&#8212;&#8212;&#8212;&#8212;&#8212;&#8212;&#8212;&#8212;&#8212;&#8212;&#8212;&#8212;&#8211;<\/p>\n\n\n\n<p class=\"has-text-align-left\">\u2022 Trois<strong> <mark style=\"background-color:rgba(0, 0, 0, 0)\" class=\"has-inline-color has-luminous-vivid-amber-color\">plaines de jeux<\/mark><\/strong> adapt\u00e9es aux diff\u00e9rents \u00e2ges sont disponibles sur le site. Celle destin\u00e9e aux plus-petits est visible depuis la salle de r\u00e9union et du repas.<\/p>\n\n\n\n<p>\u2022 Une <strong><mark style=\"background-color:rgba(0, 0, 0, 0)\" class=\"has-inline-color has-luminous-vivid-amber-color\">exposition photo VISI[O]NS<\/mark><\/strong> est dispos\u00e9e sur le site. 26 photos anciennes plac\u00e9es \u00e0 l&rsquo;endroit m\u00eame d&rsquo;o\u00f9 elles ont \u00e9t\u00e9 prises \u00e0 l&rsquo;\u00e9poque (folder avec le plan disponible \u00e0 l&rsquo;accueil).<br><br>Plus d&rsquo;infos sur <a rel=\"noreferrer noopener\" href=\"https:\/\/www.blegnymine.be\/fr\" target=\"_blank\">https:\/\/www.blegnymine.be\/fr<\/a><\/p>\n\n\n\n<p class=\"has-text-align-center\">&#8212;&#8212;&#8212;&#8212;&#8212;&#8212;&#8212;&#8212;&#8212;&#8212;&#8212;&#8212;&#8212;&#8212;&#8212;&#8212;&#8212;&#8212;&#8212;&#8212;&#8212;&#8212;&#8212;&#8212;&#8212;&#8212;&#8212;&#8212;&#8212;&#8212;&#8212;&#8212;&#8212;&#8212;&#8212;&#8212;&#8212;&#8212;&#8212;&#8212;&#8212;&#8212;&#8212;&#8212;&#8212;&#8211;<\/p>\n\n\n\n<p><em>Dans la salle, seront expos\u00e9s :<\/em><br><br>\u2022 un <strong><mark style=\"background-color:rgba(0, 0, 0, 0)\" class=\"has-inline-color has-luminous-vivid-amber-color\">arbre g\u00e9n\u00e9alogique g\u00e9ant<\/mark><\/strong> (10 m\u00e8tres de large&#8230;) reprenant toute la descendance de Henri Haulet et de Anne-Marie Mouton (mariage le 20 juillet 1744) soit 11 g\u00e9n\u00e9rations !<br><br>\u2022 Une s\u00e9rie de reproductions encadr\u00e9es grand format de <strong><mark style=\"background-color:rgba(0, 0, 0, 0)\" class=\"has-inline-color has-luminous-vivid-amber-color\">photos familiales anciennes<\/mark><\/strong>.<\/p>\n\n\n\n<p class=\"has-text-align-center\">&#8212;&#8212;&#8212;&#8212;&#8212;&#8212;&#8212;&#8212;&#8212;&#8212;&#8212;&#8212;&#8212;&#8212;&#8212;&#8212;&#8212;&#8212;&#8212;&#8212;&#8212;&#8212;&#8212;&#8212;&#8212;&#8212;&#8212;&#8212;&#8212;&#8212;&#8212;&#8212;&#8212;&#8212;&#8212;&#8212;&#8212;&#8212;&#8212;&#8212;&#8212;&#8212;&#8212;&#8212;&#8212;&#8211;<\/p>\n\n\n\n<p>Un <strong><mark style=\"background-color:rgba(0, 0, 0, 0)\" class=\"has-inline-color has-luminous-vivid-amber-color\">livret g\u00e9n\u00e9alogique<\/mark><\/strong> de 24 pages, reprenant, par branches, tous les descendants de L\u00e9on-F\u00e9lix Haulet, sera remis gracieusement \u00e0 chaque famille pr\u00e9sente.<\/p>\n\n\n\n<div style=\"height:31px\" aria-hidden=\"true\" class=\"wp-block-spacer\"><\/div>\n\n\n\n<hr class=\"wp-block-separator has-alpha-channel-opacity is-style-wide\"\/>\n\n\n    \n            <div class=\"conica-slider-container conica-slider-remove conica-slide-style-default conica-slider-dark\" id=\"conica-slider-6005\">\n            <div class=\"conica-slider-prev\"><\/div>\n            <div class=\"conica-slider-next\"><\/div>\n\n            <div class=\"conica-slider\">\n\n                \n                                            <div class=\"conica-slide box-default\" >\n                    \n                                                    <img decoding=\"async\" src=\"https:\/\/haulet.be\/gen\/wp-content\/uploads\/2023\/03\/train-touristique.jpg\"   \/>    \n                        \n                                                \n                                            <\/div> <!-- .swiper-slide -->\n                    \n                \n                                            <div class=\"conica-slide box-default\" >\n                    \n                                                    <img decoding=\"async\" src=\"https:\/\/haulet.be\/gen\/wp-content\/uploads\/2023\/03\/expo-permanente.jpg\"   \/>    \n                        \n                                                \n                                            <\/div> <!-- .swiper-slide -->\n                    \n                \n                                            <div class=\"conica-slide box-default\" >\n                    \n                                                    <img decoding=\"async\" src=\"https:\/\/haulet.be\/gen\/wp-content\/uploads\/2023\/03\/visite-mine.jpg\"   \/>    \n                        \n                                                \n                                            <\/div> <!-- .swiper-slide -->\n                    \n                \n                                            <div class=\"conica-slide box-default\" >\n                    \n                                                    <img decoding=\"async\" src=\"https:\/\/haulet.be\/gen\/wp-content\/uploads\/2023\/03\/biotope-du-terril.jpg\"   \/>    \n                        \n                                                \n                                            <\/div> <!-- .swiper-slide -->\n                    \n                \n            <\/div>\n\n                            <div class=\"conica-slider-pager\"><\/div>\n            \n                    <\/div>\n        <script type=\"text\/javascript\">\n            (function($) {\n                jQuery( window ).load( function() {\n                    jQuery( '#conica-slider-6005 .conica-slider' ).carouFredSel({\n                        responsive: true,\n                        circular: true,\n                        infinite: false,\n                        width: 1200,\n                        height: 'variable',\n                        items: {\n                            visible: 1,\n                            width: 1200,\n                            height: 'variable'\n                        },\n                        onCreate: function(items) {\n                            jQuery( '.conica-slider-container' ).removeClass( 'conica-slider-remove' );\n                        },\n                        scroll: {\n                            fx: 'crossfade',\n                            pauseOnHover: 0,\n                            duration: 950                        },\n                        auto: 2200,\n                        pagination: '#conica-slider-6005 .conica-slider-pager',\n                        prev: '#conica-slider-6005 .conica-slider-prev',\n                        next: '#conica-slider-6005 .conica-slider-next'\n                    });\n                });\n            })(jQuery);\n        <\/script>\n        \n\n\n\n<hr class=\"wp-block-separator has-alpha-channel-opacity is-style-wide\"\/>\n\n\n\n<p class=\"has-black-color has-cyan-bluish-gray-background-color has-text-color has-background\"><strong>Le 20 mai est, pour la tribu Haulet-Magis &amp; consorts, une date remarquable :<\/strong><br><br>\u2022 <strong>Hortense Magis<\/strong>, la 1\u00e8re \u00e9pouse de L\u00e9on-F\u00e9lix et m\u00e8re de L\u00e9on et Alice-Hortense (Tensette), est d\u00e9c\u00e9d\u00e9e le mercredi 20 mai 1903 \u00e0 l&rsquo;\u00e2ge de 26 ans 10 mois et 17 jours. Elle aurait, ce 20 mai, 146 ans !<br><br>\u2022 Notre regrett\u00e9 <strong>Jean-Yves Bruy\u00e8re<\/strong> est n\u00e9 le 20 mai 1959, paix \u00e0 son \u00e2me.<br><br>\u2022 Ce 20 mai est la date d&rsquo;anniversaire de <strong>S\u00e9bastien de Lamotte<\/strong> et de <strong>Pierre Renier<\/strong>. Happy birthday !<\/p>\n\n\n\n<hr class=\"wp-block-separator has-alpha-channel-opacity is-style-wide\"\/>\n\n\n\n<p>D&rsquo;autre part, <\/p>\n\n\n\n<p>Certains d&rsquo;entre vous nous ont annonc\u00e9 leur pr\u00e9sence \u00e0 Li\u00e8ge avant et\/ou apr\u00e8s le samedi 20 mai 2023.<br>Afin que nous puissions leur proposer des activ\u00e9s et\/ou des repas en commun, merci de nous pr\u00e9ciser :<\/p>\n\n\n\n<p>&#8211;&nbsp; le jour et l&rsquo;heure de votre arriv\u00e9e et de votre d\u00e9part,<\/p>\n\n\n\n<p>&#8211; votre souhait ou non de participer \u00e0 une activit\u00e9 avec d&rsquo;autres membres de la famille,<\/p>\n\n\n\n<p>&#8211; votre souhait ou non de participer \u00e0 des repas en commun.<\/p>\n\n\n\n<p>Merci et \u00e0 bient\u00f4t !<\/p>\n\n\n\n<hr class=\"wp-block-separator has-alpha-channel-opacity is-style-wide\"\/>\n\n\n\n<div style=\"height:100px\" aria-hidden=\"true\" class=\"wp-block-spacer\"><\/div>\n","protected":false},"excerpt":{"rendered":"<p>L\u00e9on Haulet Hortense et Irma Magis Entour\u00e9s de L\u00e9on &#8211; Alice-Hortense &#8211; Marie &#8211; Charles &#8211; Maurice &#8211; Albert &#8211; Lucie \u2013 Suzanne &#8211; James &amp; Genevi\u00e8ve &#8211; Nicolas &#8211; Ferdinand &#8211; Maria &#8211;\u00a0Eva &#8211; Paul &#8211; Henri &#8211; Jeanne invitent toute leur descendance Ferdinand &#8211; Marie-Antoinette &#8211; Dominique &#8211; L\u00e9on-Maurice &#8211; Jean-Jacques &#8211; Charles [&hellip;]<\/p>\n","protected":false},"author":1,"featured_media":0,"parent":0,"menu_order":0,"comment_status":"open","ping_status":"closed","template":"template-full-width.php","meta":{"_coblocks_attr":"AntonArvo,Asap,Cormorant Garamond,Faustina,Inconsolata,Heebo,Karla,Lato,Lora,Merriweather,Montserrat,Noto Sans,Open Sans,Oswald,Playfair Display,PT Serif,Roboto,Rubik,Tajawal,Ubuntu,Yrsa,Georgia,","_coblocks_dimensions":"","_coblocks_responsive_height":"","_coblocks_accordion_ie_support":"","footnotes":""},"class_list":["post-5473","page","type-page","status-publish","hentry"],"_links":{"self":[{"href":"https:\/\/haulet.be\/gen\/wp-json\/wp\/v2\/pages\/5473","targetHints":{"allow":["GET"]}}],"collection":[{"href":"https:\/\/haulet.be\/gen\/wp-json\/wp\/v2\/pages"}],"about":[{"href":"https:\/\/haulet.be\/gen\/wp-json\/wp\/v2\/types\/page"}],"author":[{"embeddable":true,"href":"https:\/\/haulet.be\/gen\/wp-json\/wp\/v2\/users\/1"}],"replies":[{"embeddable":true,"href":"https:\/\/haulet.be\/gen\/wp-json\/wp\/v2\/comments?post=5473"}],"version-history":[{"count":0,"href":"https:\/\/haulet.be\/gen\/wp-json\/wp\/v2\/pages\/5473\/revisions"}],"wp:attachment":[{"href":"https:\/\/haulet.be\/gen\/wp-json\/wp\/v2\/media?parent=5473"}],"curies":[{"name":"wp","href":"https:\/\/api.w.org\/{rel}","templated":true}]}}