{"id":5685,"date":"2023-01-24T16:06:15","date_gmt":"2023-01-24T15:06:15","guid":{"rendered":"https:\/\/haulet.be\/gen\/?page_id=5685"},"modified":"2023-01-26T15:46:09","modified_gmt":"2023-01-26T14:46:09","slug":"haulet-be-2-ans","status":"publish","type":"page","link":"https:\/\/haulet.be\/gen\/haulet-be-2-ans\/","title":{"rendered":"HAULET.BE &#8211; 2 ANS !"},"content":{"rendered":"\n<p>Et oui, cela fait maintenant deux ans qu&rsquo;a reparu le site haulet.be.<\/p>\n\n\n\n<p>R\u00e9guli\u00e8rement, j&rsquo;ai essay\u00e9, avec le soutien de Charles, de vous informer de diverses nouvelles concernant la famille au sens large (<span class=\"sg-popup-id-5687\"><mark style=\"background-color:rgba(0, 0, 0, 0)\" class=\"has-inline-color has-luminous-vivid-amber-color\">voir l&rsquo;illustration scrabble <\/mark><\/span>  de tous les patronymes familiaux jusqu&rsquo;\u00e0 la seconde g\u00e9n\u00e9ration issue de notre a\u00efeul L\u00e9on-F\u00e9lix Haulet et de ses deux \u00e9pouses successives, Hortense et Irma Magis).<\/p>\n\n\n\n<hr class=\"wp-block-separator has-alpha-channel-opacity is-style-wide\"\/>\n\n\n\n<h2 class=\"wp-block-heading\">L&rsquo;arbre g\u00e9n\u00e9alogique<\/h2>\n\n\n\n<p>J&rsquo;ai constamment mis \u00e0 jour l&rsquo;arbre g\u00e9n\u00e9alogique en y ajoutant quantit\u00e9 de personnes, dates, photos. Il comprend actuellement 1.106 personnes, 401 familles, 664 photos ou illustrations. Merci \u00e0 tous ceux et celles qui y ont contribu\u00e9; pour les autres, il n&rsquo;est pas trop tard \ud83d\ude09 !<br>L&rsquo;adresse en est toujours <a rel=\"noreferrer noopener\" href=\"https:\/\/haulet.be\/gen\/pre-arbre\/\" target=\"_blank\">https:\/\/haulet.be\/gen\/pre-arbre\/<\/a>, Nous ne pouvons donner le mot de passe sur internet pour des raisons de confidentialit\u00e9. Il suffit de s&rsquo;inscrire ou de nous contacter !<\/p>\n\n\n\n<hr class=\"wp-block-separator has-alpha-channel-opacity is-style-wide\"\/>\n\n\n\n<h2 class=\"wp-block-heading\">Les articles du blog<\/h2>\n\n\n\n<p>Jusqu&rsquo;au 7 d\u00e9cembre 2022, nous avons publi\u00e9 40 articles sur le blog.  <br>En voici la liste avec, en regard, le nombre de visiteurs recens\u00e9s &nbsp;:<\/p>\n\n\n\n<table id=\"tablepress-21\" class=\"tablepress tablepress-id-21\">\n<thead>\n<tr class=\"row-1\">\n\t<th class=\"column-1\">DATE<\/th><th class=\"column-2\">SUJET<\/th><th class=\"column-3\">VISITES<\/th>\n<\/tr>\n<\/thead>\n<tbody class=\"row-striping row-hover\">\n<tr class=\"row-2\">\n\t<td class=\"column-1\">31\/12\/2022<\/td><td class=\"column-2\">V\u0153ux 2023<\/td><td class=\"column-3\">20<\/td>\n<\/tr>\n<tr class=\"row-3\">\n\t<td class=\"column-1\">7\/12\/2022<\/td><td class=\"column-2\">L\u00e9on s\u2019exprime dans un clip vid\u00e9o<\/td><td class=\"column-3\">46<\/td>\n<\/tr>\n<tr class=\"row-4\">\n\t<td class=\"column-1\">15\/10\/2022<\/td><td class=\"column-2\">Noces d\u2019or de Jean-Pierre et Suzel<\/td><td class=\"column-3\">48<\/td>\n<\/tr>\n<tr class=\"row-5\">\n\t<td class=\"column-1\">15\/09\/2022<\/td><td class=\"column-2\">Naissance de Ella Haulet-Zyra<\/td><td class=\"column-3\">20<\/td>\n<\/tr>\n<tr class=\"row-6\">\n\t<td class=\"column-1\">2\/08\/2022<\/td><td class=\"column-2\">D\u00e9c\u00e8s de Dominique Pichault<\/td><td class=\"column-3\">43<\/td>\n<\/tr>\n<tr class=\"row-7\">\n\t<td class=\"column-1\">6\/07\/2022<\/td><td class=\"column-2\">Naissance de Juliette Haulet-Bondue<\/td><td class=\"column-3\">36<\/td>\n<\/tr>\n<tr class=\"row-8\">\n\t<td class=\"column-1\">21\/05\/2022<\/td><td class=\"column-2\">Annonce de la r\u00e9union familiale 2023<\/td><td class=\"column-3\">80<\/td>\n<\/tr>\n<tr class=\"row-9\">\n\t<td class=\"column-1\">1\/05\/2022<\/td><td class=\"column-2\">Visites aux archives militaires<\/td><td class=\"column-3\">33<\/td>\n<\/tr>\n<tr class=\"row-10\">\n\t<td class=\"column-1\">13\/01\/2022<\/td><td class=\"column-2\">D\u00e9c\u00e8s de Marie-Claire de Lamotte<\/td><td class=\"column-3\">56<\/td>\n<\/tr>\n<tr class=\"row-11\">\n\t<td class=\"column-1\">2\/01\/2022<\/td><td class=\"column-2\">V\u0153ux 2022<\/td><td class=\"column-3\">20<\/td>\n<\/tr>\n<tr class=\"row-12\">\n\t<td class=\"column-1\">23\/12\/2021<\/td><td class=\"column-2\">Mise \u00e0 jour de l\u2019arbre g\u00e9n\u00e9alogique 21\/12\/2021<\/td><td class=\"column-3\">50<\/td>\n<\/tr>\n<tr class=\"row-13\">\n\t<td class=\"column-1\">3\/12\/2021<\/td><td class=\"column-2\">Vill\u00e9giature \u00e0 Clervaux<\/td><td class=\"column-3\">17<\/td>\n<\/tr>\n<tr class=\"row-14\">\n\t<td class=\"column-1\">18\/11\/2021<\/td><td class=\"column-2\">R\u00e9union des descendants de Maurice Haulet et Maria Lambert<\/td><td class=\"column-3\">65<\/td>\n<\/tr>\n<tr class=\"row-15\">\n\t<td class=\"column-1\">10\/11\/2021<\/td><td class=\"column-2\">Le blason de la famille Haulet<\/td><td class=\"column-3\">29<\/td>\n<\/tr>\n<tr class=\"row-16\">\n\t<td class=\"column-1\">23\/10\/2021<\/td><td class=\"column-2\">Nouvelles entr\u00e9es sur l\u2019arbre g\u00e9n\u00e9alogique \u2013 10\/2021<\/td><td class=\"column-3\">23<\/td>\n<\/tr>\n<tr class=\"row-17\">\n\t<td class=\"column-1\">6\/09\/2021<\/td><td class=\"column-2\">Photos Cartes de Visites Li\u00e9geoises<\/td><td class=\"column-3\">37<\/td>\n<\/tr>\n<tr class=\"row-18\">\n\t<td class=\"column-1\">14\/08\/2021<\/td><td class=\"column-2\">D\u00e9c\u00e8s de Michel Bruy\u00e8re<\/td><td class=\"column-3\">49<\/td>\n<\/tr>\n<tr class=\"row-19\">\n\t<td class=\"column-1\">1\/08\/2021<\/td><td class=\"column-2\">Naissance de Lison Delr\u00e9e-Dacos<\/td><td class=\"column-3\">8<\/td>\n<\/tr>\n<tr class=\"row-20\">\n\t<td class=\"column-1\">20\/07\/2021<\/td><td class=\"column-2\">Deuil national 14 juillet 2021<\/td><td class=\"column-3\">37<\/td>\n<\/tr>\n<tr class=\"row-21\">\n\t<td class=\"column-1\">7\/07\/2021<\/td><td class=\"column-2\">Une retraite bien m\u00e9rit\u00e9e\u2026 Merci Dr Haulet<\/td><td class=\"column-3\">9<\/td>\n<\/tr>\n<tr class=\"row-22\">\n\t<td class=\"column-1\">3\/06\/2021<\/td><td class=\"column-2\">Glasgow \u2013 Lancaster, 4 ans chez les Britons<\/td><td class=\"column-3\">3<\/td>\n<\/tr>\n<tr class=\"row-23\">\n\t<td class=\"column-1\">21\/05\/2021<\/td><td class=\"column-2\">L\u2019affaire du Calice<\/td><td class=\"column-3\">4<\/td>\n<\/tr>\n<tr class=\"row-24\">\n\t<td class=\"column-1\">8\/05\/2021<\/td><td class=\"column-2\">F\u00eate des m\u00e8res chez les Laurenty \u2013 Que le \u00ab\u00a0pestacle\u00a0\u00bb commence !<\/td><td class=\"column-3\">4<\/td>\n<\/tr>\n<tr class=\"row-25\">\n\t<td class=\"column-1\">3\/05\/2021<\/td><td class=\"column-2\">l\u2019abb\u00e9 Charles Haulet \u00e0 Dachau<\/td><td class=\"column-3\">14<\/td>\n<\/tr>\n<tr class=\"row-26\">\n\t<td class=\"column-1\">24\/04\/2021<\/td><td class=\"column-2\">Charles Haulet \u2013 L\u00e0 o\u00f9 je vis\u2026<\/td><td class=\"column-3\">75<\/td>\n<\/tr>\n<tr class=\"row-27\">\n\t<td class=\"column-1\">8\/04\/2021<\/td><td class=\"column-2\">Spectaculaire avanc\u00e9e dans la g\u00e9n\u00e9alogie !<\/td><td class=\"column-3\">18<\/td>\n<\/tr>\n<tr class=\"row-28\">\n\t<td class=\"column-1\">31\/03\/2021<\/td><td class=\"column-2\">Revival Studio \u2013 Irma Magis<\/td><td class=\"column-3\">6<\/td>\n<\/tr>\n<tr class=\"row-29\">\n\t<td class=\"column-1\">22\/03\/2021<\/td><td class=\"column-2\">G\u00e9n\u00e9alogie de Cyrille Magis<\/td><td class=\"column-3\">13<\/td>\n<\/tr>\n<tr class=\"row-30\">\n\t<td class=\"column-1\">20\/03\/2021<\/td><td class=\"column-2\">Photo de la famille de Lamotte<\/td><td class=\"column-3\">63<\/td>\n<\/tr>\n<tr class=\"row-31\">\n\t<td class=\"column-1\">18\/03\/2021<\/td><td class=\"column-2\">Naissance de Th\u00e9o Servais<\/td><td class=\"column-3\">5<\/td>\n<\/tr>\n<tr class=\"row-32\">\n\t<td class=\"column-1\">14\/03\/2021<\/td><td class=\"column-2\">Philippe Haulet \u2013 L\u00e0 o\u00f9 je vis\u2026<\/td><td class=\"column-3\">6<\/td>\n<\/tr>\n<tr class=\"row-33\">\n\t<td class=\"column-1\">9\/03\/2021<\/td><td class=\"column-2\">Curiosit\u00e9s \u2013 H\u00f4tel de la Crouzille<\/td><td class=\"column-3\">16<\/td>\n<\/tr>\n<tr class=\"row-34\">\n\t<td class=\"column-1\">27\/02\/2021<\/td><td class=\"column-2\">C\u2019est la r\u00e9cr\u00e9 !\u2026<\/td><td class=\"column-3\">4<\/td>\n<\/tr>\n<tr class=\"row-35\">\n\t<td class=\"column-1\">23\/02\/2021<\/td><td class=\"column-2\">Merci !<\/td><td class=\"column-3\">14<\/td>\n<\/tr>\n<tr class=\"row-36\">\n\t<td class=\"column-1\">22\/02\/2021<\/td><td class=\"column-2\">Vis\u00e9 \u2013 Ao\u00fbt 1914 \u2013 L\u2019exode.<\/td><td class=\"column-3\">7<\/td>\n<\/tr>\n<tr class=\"row-37\">\n\t<td class=\"column-1\">19\/02\/2021<\/td><td class=\"column-2\">Albert Haulet \u2013 L\u00e0 o\u00f9 je vis\u2026<\/td><td class=\"column-3\">13<\/td>\n<\/tr>\n<tr class=\"row-38\">\n\t<td class=\"column-1\">13\/02\/2021<\/td><td class=\"column-2\">Film du mariage d\u2019Alice et Michel \u2013 29 juillet 1950<\/td><td class=\"column-3\">8<\/td>\n<\/tr>\n<tr class=\"row-39\">\n\t<td class=\"column-1\">2\/02\/2021<\/td><td class=\"column-2\">Christine Laurenty \u2013 L\u00e0 o\u00f9 je vis\u2026<\/td><td class=\"column-3\">28<\/td>\n<\/tr>\n<tr class=\"row-40\">\n\t<td class=\"column-1\">5\/01\/2021<\/td><td class=\"column-2\">D\u00e9c\u00e8s de Th\u00e9r\u00e8se Laurenty-Acezat<\/td><td class=\"column-3\">6<\/td>\n<\/tr>\n<tr class=\"row-41\">\n\t<td class=\"column-1\">2\/01\/2021<\/td><td class=\"column-2\">Bonjour tout le monde\u00a0!<\/td><td class=\"column-3\">4<\/td>\n<\/tr>\n<\/tbody>\n<\/table>\n<!-- #tablepress-21 from cache -->\n\n\n\n<hr class=\"wp-block-separator has-alpha-channel-opacity is-style-wide\"\/>\n\n\n\n<h2 class=\"wp-block-heading\">Les dossiers<\/h2>\n\n\n\n<p>Nous avons \u00e9galement publi\u00e9 8 dossiers et d&rsquo;autres sont en permanente pr\u00e9paration&#8230;<\/p>\n\n\n\n<table id=\"tablepress-22\" class=\"tablepress tablepress-id-22\">\n<thead>\n<tr class=\"row-1\">\n\t<th class=\"column-1\"><strong>Personne concern\u00e9e<\/strong><\/th><th class=\"column-2\"><strong>Sujet<\/strong><\/th><th class=\"column-3\"><strong>Visites<\/strong><\/th>\n<\/tr>\n<\/thead>\n<tbody class=\"row-striping row-hover\">\n<tr class=\"row-2\">\n\t<td class=\"column-1\">Vill\u00e9giature familiale \u00e0 Clervaux \u2013 Ao\u00fbt 1928<\/td><td class=\"column-2\">Vill\u00e9giature \u00e0 Clervaux<\/td><td class=\"column-3\">25<\/td>\n<\/tr>\n<tr class=\"row-3\">\n\t<td class=\"column-1\">Le blason Haulet<\/td><td class=\"column-2\">Le blason Haulet<\/td><td class=\"column-3\">18<\/td>\n<\/tr>\n<tr class=\"row-4\">\n\t<td class=\"column-1\">Chez le photographe<\/td><td class=\"column-2\">Les photographies CDV li\u00e9geoises<\/td><td class=\"column-3\">41<\/td>\n<\/tr>\n<tr class=\"row-5\">\n\t<td class=\"column-1\">L\u00e9on F\u00e9lix Haulet<\/td><td class=\"column-2\">Glasgow \u2013 Lancaster, 4 ans chez les Britons<\/td><td class=\"column-3\">29<\/td>\n<\/tr>\n<tr class=\"row-6\">\n\t<td class=\"column-1\">Abb\u00e9 Auguste de Creeft \/ Abb\u00e9 Charles Haulet<\/td><td class=\"column-2\">L\u2019affaire du calice<\/td><td class=\"column-3\">64<\/td>\n<\/tr>\n<tr class=\"row-7\">\n\t<td class=\"column-1\">L\u00e9on F\u00e9lix Haulet<\/td><td class=\"column-2\">L\u2019\u00e9vacuation de Vis\u00e9 en 1914<\/td><td class=\"column-3\">61<\/td>\n<\/tr>\n<tr class=\"row-8\">\n\t<td class=\"column-1\">L\u2019abb\u00e9 Charles Haulet<\/td><td class=\"column-2\">Au camp de concentration de Dachau<\/td><td class=\"column-3\">70<\/td>\n<\/tr>\n<tr class=\"row-9\">\n\t<td class=\"column-1\">L\u2019abb\u00e9 Charles Haulet<\/td><td class=\"column-2\">Charles Haulet, sa carri\u00e8re militaire<\/td><td class=\"column-3\">40<\/td>\n<\/tr>\n<\/tbody>\n<\/table>\n<!-- #tablepress-22 from cache -->\n\n\n\n<p>A noter que les scores de visite, \u00e9lev\u00e9s en ce qui concerne certains dossiers, r\u00e9sultent surtout de recherches sur google par des particuliers \u00e9trangers \u00e0 la famille.<br>La page des dossiers est accessible via ce lien : <a href=\"https:\/\/haulet.be\/gen\/dossiers\/\" target=\"_blank\" rel=\"noreferrer noopener\">https:\/\/haulet.be\/gen\/dossiers\/<\/a><\/p>\n\n\n\n<hr class=\"wp-block-separator has-alpha-channel-opacity is-style-wide\"\/>\n\n\n\n<h2 class=\"wp-block-heading\">Le carnet familial<\/h2>\n\n\n\n<p>Cette page ouvre sur les rubriques \u00ab\u00a0naissance\u00a0\u00bb, \u00ab\u00a0mariage\u00a0\u00bb, d\u00e9c\u00e8s\u00a0\u00bb et anniversaires.<br>Nous y ins\u00e9rons les informations pour autant qu&rsquo;elles nous parviennent&#8230;<\/p>\n\n\n\n<p>Nous avons pu publier les avis pour 6 naissances (35 visites), 0 mariages (31 visites !?) et 4 d\u00e9c\u00e8s (74 visites).<br>Quant aux anniversaires, il conviendrait de faire une mise \u00e0 jour chaque mois&#8230; la derni\u00e8re date de novembre 2021&#8230; mea culpa !!!  <br><a rel=\"noreferrer noopener\" href=\"https:\/\/haulet.be\/gen\/anniversaires\/\" target=\"_blank\">https:\/\/haulet.be\/gen\/anniversaires\/<\/a><\/p>\n\n\n\n<figure class=\"wp-block-image size-full\"><img loading=\"lazy\" decoding=\"async\" width=\"1271\" height=\"840\" src=\"https:\/\/haulet.be\/gen\/wp-content\/uploads\/2023\/01\/copie-ecran-ils-se-sonr-maries.jpg\" alt=\"\" class=\"wp-image-5753\" srcset=\"https:\/\/haulet.be\/gen\/wp-content\/uploads\/2023\/01\/copie-ecran-ils-se-sonr-maries.jpg 1271w, https:\/\/haulet.be\/gen\/wp-content\/uploads\/2023\/01\/copie-ecran-ils-se-sonr-maries-300x198.jpg 300w, https:\/\/haulet.be\/gen\/wp-content\/uploads\/2023\/01\/copie-ecran-ils-se-sonr-maries-768x508.jpg 768w\" sizes=\"auto, (max-width: 1271px) 100vw, 1271px\" \/><\/figure>\n\n\n\n<hr class=\"wp-block-separator has-alpha-channel-opacity is-style-wide\"\/>\n\n\n\n<h2 class=\"wp-block-heading\">Galeries<\/h2>\n\n\n\n<p>Nous avions l&rsquo;intention de pr\u00e9senter sur cette page des photos prises lors d\u2019\u00e9v\u00e9nements familiaux m\u00e9morables.<br>Pour l&rsquo;instant, seule la r\u00e9union Haulet de 2007 \u00e0 Cerexhe -Heuseux est affich\u00e9e avec 192 photos. (173 visites)<br><a href=\"https:\/\/haulet.be\/gen\/galeries\/\">https:\/\/haulet.be\/gen\/galeries\/<\/a><\/p>\n\n\n\n<figure class=\"wp-block-image size-large\"><img decoding=\"async\" src=\"https:\/\/haulet.be\/gen\/wp-content\/uploads\/2021\/02\/Tous-2007-DSC_7019-1200.jpg\" alt=\"\"\/><\/figure>\n\n\n\n<hr class=\"wp-block-separator has-alpha-channel-opacity\"\/>\n\n\n\n<div style=\"height:25px\" aria-hidden=\"true\" class=\"wp-block-spacer\"><\/div>\n\n\n\n<h2 class=\"wp-block-heading\">Les infolettres<\/h2>\n\n\n\n<p>Nous avons, durant ces deux ann\u00e9es, envoy\u00e9 par courriel 27 infolettres. A ce jour, nous avons 158 adresses courriels dont 3 ont demand\u00e9 \u00e0 ne plus les recevoir.<br>Ces envois se font \u00e0 partir du site et donc de l&rsquo;adresse <em>philippe @ haulet.be<\/em>, avec pour en-t\u00eate \u00ab<em>G\u00e9n\u00e9alogie de la famille Haulet-Magis &#8211; Info-lettre n\u00b0 xx<\/em>\u00bb. C&rsquo;est peut-\u00eatre pour ces raisons que la plupart des courriels ne sont pas ouverts par une majorit\u00e9 de leurs destinataires ! En effet, l&rsquo;adresse d&rsquo;envoi n&rsquo;\u00e9tant pas dans le carnet d&rsquo;adresse de ces derniers, elle passerait automatiquement dans les spams&#8230;<\/p>\n\n\n\n<p>Voici le tableau de pourcentage d&rsquo;ouvertures des infolettres par leurs destinataires ainsi que le pourcentage de clics \u00e0 partir de cette info-lettre afin de parvenir sur le site :<\/p>\n\n\n<div class=\"wp-block-image\">\n<figure class=\"aligncenter size-full\"><img loading=\"lazy\" decoding=\"async\" width=\"754\" height=\"454\" src=\"https:\/\/haulet.be\/gen\/wp-content\/uploads\/2023\/01\/stats-infolettre.png\" alt=\"\" class=\"wp-image-5717\" srcset=\"https:\/\/haulet.be\/gen\/wp-content\/uploads\/2023\/01\/stats-infolettre.png 754w, https:\/\/haulet.be\/gen\/wp-content\/uploads\/2023\/01\/stats-infolettre-300x181.png 300w\" sizes=\"auto, (max-width: 754px) 100vw, 754px\" \/><\/figure>\n<\/div>\n\n\n<p>Nous ne contactons donc r\u00e9ellement que 59% des destinataires de nos infolettres. Seulement 22% prennent la peine de cliquer dans l&rsquo;infolettre pour acc\u00e9der aux infos sur le site (c.a.d. 37% des ouvertures).<br><a rel=\"noreferrer noopener\" href=\"https:\/\/haulet.be\/gen\/les-infolettres\/\" target=\"_blank\">https:\/\/haulet.be\/gen\/les-infolettres\/<\/a><\/p>\n\n\n\n<p><\/p>\n\n\n\n<hr class=\"wp-block-separator has-alpha-channel-opacity is-style-wide\"\/>\n","protected":false},"excerpt":{"rendered":"<p>Et oui, cela fait maintenant deux ans qu&rsquo;a reparu le site haulet.be. R\u00e9guli\u00e8rement, j&rsquo;ai essay\u00e9, avec le soutien de Charles, de vous informer de diverses nouvelles concernant la famille au sens large (voir l&rsquo;illustration scrabble de tous les patronymes familiaux jusqu&rsquo;\u00e0 la seconde g\u00e9n\u00e9ration issue de notre a\u00efeul L\u00e9on-F\u00e9lix Haulet et de ses deux \u00e9pouses [&hellip;]<\/p>\n","protected":false},"author":1,"featured_media":0,"parent":0,"menu_order":0,"comment_status":"open","ping_status":"closed","template":"template-full-width.php","meta":{"_coblocks_attr":"","_coblocks_dimensions":"","_coblocks_responsive_height":"","_coblocks_accordion_ie_support":"","footnotes":""},"class_list":["post-5685","page","type-page","status-publish","hentry"],"_links":{"self":[{"href":"https:\/\/haulet.be\/gen\/wp-json\/wp\/v2\/pages\/5685","targetHints":{"allow":["GET"]}}],"collection":[{"href":"https:\/\/haulet.be\/gen\/wp-json\/wp\/v2\/pages"}],"about":[{"href":"https:\/\/haulet.be\/gen\/wp-json\/wp\/v2\/types\/page"}],"author":[{"embeddable":true,"href":"https:\/\/haulet.be\/gen\/wp-json\/wp\/v2\/users\/1"}],"replies":[{"embeddable":true,"href":"https:\/\/haulet.be\/gen\/wp-json\/wp\/v2\/comments?post=5685"}],"version-history":[{"count":0,"href":"https:\/\/haulet.be\/gen\/wp-json\/wp\/v2\/pages\/5685\/revisions"}],"wp:attachment":[{"href":"https:\/\/haulet.be\/gen\/wp-json\/wp\/v2\/media?parent=5685"}],"curies":[{"name":"wp","href":"https:\/\/api.w.org\/{rel}","templated":true}]}}