{"id":5758,"date":"2023-01-25T18:23:37","date_gmt":"2023-01-25T17:23:37","guid":{"rendered":"https:\/\/haulet.be\/gen\/?page_id=5758"},"modified":"2023-01-27T18:56:29","modified_gmt":"2023-01-27T17:56:29","slug":"james-photographie-le-retour-du-roi-leopold-iii","status":"publish","type":"page","link":"https:\/\/haulet.be\/gen\/james-photographie-le-retour-du-roi-leopold-iii\/","title":{"rendered":"James Haulet a photographi\u00e9 le retour du Roi L\u00e9opold III !"},"content":{"rendered":"\n<div style=\"height:39px\" aria-hidden=\"true\" class=\"wp-block-spacer\"><\/div>\n\n\n\n<p>Sans nul doute, ce sont des photos historiques ! Il y a peu de documents couvrant le retour du Roi le 22 juillet 1950. Je n&rsquo;ai trouv\u00e9 que 2 photos et 1 film illustrant l&rsquo;\u00e9v\u00e9nement.<\/p>\n\n\n\n<p>La premi\u00e8re photo est en couverture du 2\u00e8me tome de l&rsquo;ouvrage de Roger Keyes intitul\u00e9 \u00ab<em>ECHEC AU ROI &#8211; L\u00e9opold III  1940-1951<\/em>\u00bb :<\/p>\n\n\n\n<div style=\"height:25px\" aria-hidden=\"true\" class=\"wp-block-spacer\"><\/div>\n\n\n<div class=\"wp-block-image\">\n<figure class=\"aligncenter size-full is-resized\"><img loading=\"lazy\" decoding=\"async\" src=\"https:\/\/haulet.be\/gen\/wp-content\/uploads\/2023\/01\/Couverture-Keyes-Leopold-III-1940-1951.jpg\" alt=\"\" class=\"wp-image-5769\" width=\"236\" height=\"354\" srcset=\"https:\/\/haulet.be\/gen\/wp-content\/uploads\/2023\/01\/Couverture-Keyes-Leopold-III-1940-1951.jpg 400w, https:\/\/haulet.be\/gen\/wp-content\/uploads\/2023\/01\/Couverture-Keyes-Leopold-III-1940-1951-200x300.jpg 200w\" sizes=\"auto, (max-width: 236px) 100vw, 236px\" \/><\/figure>\n<\/div>\n\n\n<div style=\"height:24px\" aria-hidden=\"true\" class=\"wp-block-spacer\"><\/div>\n\n\n\n<p class=\"has-text-align-center\">Cette photo n&rsquo;est d&rsquo;ailleurs pas cr\u00e9dit\u00e9e dans cet ouvrage ! <br>On la retrouve aussi sur une page internet du journal \u00abLe Soir\u00bb, bizarrement recoup\u00e9e !!! :<\/p>\n\n\n<div class=\"wp-block-image\">\n<figure class=\"aligncenter size-full is-resized\"><img loading=\"lazy\" decoding=\"async\" src=\"https:\/\/haulet.be\/gen\/wp-content\/uploads\/2023\/01\/retour-roi-au-pied-de-lavion-Le-Soir-1.jpg\" alt=\"\" class=\"wp-image-5770\" width=\"613\" height=\"319\" srcset=\"https:\/\/haulet.be\/gen\/wp-content\/uploads\/2023\/01\/retour-roi-au-pied-de-lavion-Le-Soir-1.jpg 1200w, https:\/\/haulet.be\/gen\/wp-content\/uploads\/2023\/01\/retour-roi-au-pied-de-lavion-Le-Soir-1-300x157.jpg 300w, https:\/\/haulet.be\/gen\/wp-content\/uploads\/2023\/01\/retour-roi-au-pied-de-lavion-Le-Soir-1-768x401.jpg 768w\" sizes=\"auto, (max-width: 613px) 100vw, 613px\" \/><\/figure>\n<\/div>\n\n\n<div style=\"height:23px\" aria-hidden=\"true\" class=\"wp-block-spacer\"><\/div>\n\n\n\n<hr class=\"wp-block-separator has-alpha-channel-opacity is-style-wide\"\/>\n\n\n\n<div style=\"height:25px\" aria-hidden=\"true\" class=\"wp-block-spacer\"><\/div>\n\n\n\n<p class=\"has-text-align-center\">La seconde photo est visible au sein de l&rsquo;encart photo du livre de Keyes cit\u00e9 ci-dessus, <br>elle est aussi propos\u00e9e \u00e0 la vente par Getty Images&#8230; \u00e0 des prix d\u00e9mocratiques. <br>A son cot\u00e9, se trouve le Prince Amaury de M\u00e9rode, Grand Mar\u00e9chal de la Cour.<br>On aper\u00e7oit Baudouin \u00e0 l&rsquo;arri\u00e8re-plan :<\/p>\n\n\n<div class=\"wp-block-image\">\n<figure class=\"aligncenter size-full is-resized\"><img loading=\"lazy\" decoding=\"async\" src=\"https:\/\/haulet.be\/gen\/wp-content\/uploads\/2023\/01\/Leopold-III-Evere-22-juillet-1950-gettyimages-171270585.jpg\" alt=\"\" class=\"wp-image-5771\" width=\"618\" height=\"550\" srcset=\"https:\/\/haulet.be\/gen\/wp-content\/uploads\/2023\/01\/Leopold-III-Evere-22-juillet-1950-gettyimages-171270585.jpg 1307w, https:\/\/haulet.be\/gen\/wp-content\/uploads\/2023\/01\/Leopold-III-Evere-22-juillet-1950-gettyimages-171270585-300x267.jpg 300w, https:\/\/haulet.be\/gen\/wp-content\/uploads\/2023\/01\/Leopold-III-Evere-22-juillet-1950-gettyimages-171270585-768x684.jpg 768w\" sizes=\"auto, (max-width: 618px) 100vw, 618px\" \/><\/figure>\n<\/div>\n\n\n<div style=\"height:24px\" aria-hidden=\"true\" class=\"wp-block-spacer\"><\/div>\n\n\n\n<hr class=\"wp-block-separator has-alpha-channel-opacity is-style-wide\"\/>\n\n\n\n<div style=\"height:24px\" aria-hidden=\"true\" class=\"wp-block-spacer\"><\/div>\n\n\n\n<p>Quant au film, il s&rsquo;agit d&rsquo;un film de l&rsquo;INA (Institut national de l&rsquo;audiovisuel &#8211; France) qui montre le passage en revue des troupes, le trajet vers Laeken, la foule des sympathisants et l&rsquo;harangue hostile de l\u2019ineffable Paul-Henri Spaak.<\/p>\n\n\n\n<figure class=\"wp-block-video aligncenter\"><video height=\"480\" style=\"aspect-ratio: 640 \/ 480;\" width=\"640\" controls poster=\"https:\/\/haulet.be\/gen\/wp-content\/uploads\/2023\/01\/couverture-INA.jpg\" preload=\"auto\" src=\"https:\/\/haulet.be\/gen\/wp-content\/uploads\/2023\/01\/Arrivee-de-Leopold-III-a-Evere-22-07-1950-Film-INA.mp4\" playsinline><\/video><\/figure>\n\n\n\n<p><a href=\"https:\/\/www.ina.fr\/ina-eclaire-actu\/video\/afe85003646\/retour-du-roi-leopold-iii-et-manifestations\">https:\/\/www.ina.fr\/ina-eclaire-actu\/video\/afe85003646\/retour-du-roi-leopold-iii-et-manifestations<\/a><\/p>\n\n\n\n<hr class=\"wp-block-separator has-alpha-channel-opacity is-style-wide\"\/>\n\n\n\n<div style=\"height:38px\" aria-hidden=\"true\" class=\"wp-block-spacer\"><\/div>\n\n\n\n<p>Mais, revenons \u00e0 James Haulet. Il \u00e9tait en poste en tant que contr\u00f4leur a\u00e9rien \u00e0 l&rsquo;a\u00e9rodrome de Evere (et non Melsbroeck comme le mentionne Le Soir&#8230;) et donc aux premi\u00e8res loges quand, \u00e0 7h30, atterrissent les 2 DC3 \u00abDakota\u00bb ayant d\u00e9coll\u00e9 de Cointrin (Suisse) \u00e0 5h15. <br>La veille, le Premier Ministre Jean Duvieusart, accompagn\u00e9 des Pr\u00e9sidents des Deux Chambres &#8211; Frans van Cauwelaert et Paul Struye &#8211; \u00e9taient arriv\u00e9s \u00e0 la r\u00e9sidence suisse du Roi \u00e0 Pregny afin de lui faire lecture du d\u00e9cret, vot\u00e9 par les deux chambres, constatant que \u00abl&rsquo;impossibilit\u00e9 de r\u00e9gner\u00bb avait pris fin.<br>R\u00e9unis avec le Conseil de la Couronne, ils d\u00e9cident alors le d\u00e9part vers Bruxelles pour le lendemain \u00e0 5 heure du matin, par avion militaire. Le Roi est accompagn\u00e9 par ses fils Baudouin et Albert (Baudouin dans le deuxi\u00e8me avion), Les princesses Liliane et Jos\u00e9phine-Charlotte, le prince Alexandre restent momentan\u00e9ment en Suisse.<\/p>\n\n\n\n<p>De son poste dans la tour de contr\u00f4le, James Haulet prend 4 photos montrant une vue g\u00e9n\u00e9rale; il y a peu de monde, juste un minimum de d\u00e9tachement militaire. <\/p>\n\n\n\n<p>Laissons la parole \u00e0 L\u00e9opold III : \u00ab<em>Nous d\u00e9coll\u00e2mes de Cointrin \u00e0 5 heures 15 pour atterrir \u00e0 Evere \u00e0 7 heures 30 et rejoign\u00eemes Laeken presque furtivement, dans un d\u00e9ploiement de mesures d&rsquo;ordre excessives, mais prises sous la responsabilit\u00e9 et \u00e0 l&rsquo;initiative du gouvernement. J&rsquo;avais sugg\u00e9r\u00e9 un accueil et une escorte conformes \u00e0 la dignit\u00e9 royale et un service d&rsquo;ordre r\u00e9duit et discret. Cette proposition avait \u00e9t\u00e9 \u00e9cart\u00e9e<\/em>\u00bb. (L\u00e9opold III \u00ab\u00a0Pour l&rsquo;Histoire\u00a0\u00bb Editions Racine 2001, page 141)<\/p>\n\n\n\n<p>Dans son livre, Keyes \u00e9crit aussi : \u00ab<em>Le cort\u00e8ge prit alors la route de Laeken (&#8230;) Au moment o\u00f9 les voitures royales franchirent les grilles et que le drapeau noir, jaune, rouge fut hiss\u00e9 au fa\u00eete du ch\u00e2teau, la foule, qui attendait, se pr\u00e9cipita, lancant des fleurs (&#8230;) La reine-m\u00e8re attendait sur les marches du perron, elle embrassa affectueusement son fils et ses deux petits-enfants. Mais on ne vit pas l&rsquo;ombre de Charles, car, au terme d&rsquo;une r\u00e9gence au cours de laquelle il n&rsquo;avait \u00e9t\u00e9 qu&rsquo;une marionnette aux mains des politiciens de gauche et au lieu de pr\u00e9senter ses devoirs \u00e0 son fr\u00e8re, il s&rsquo;\u00e9tait esquiv\u00e9 pour dispara\u00eetre d\u00e9finitivement de la sc\u00e8ne politique belge<\/em>\u00bb.<\/p>\n\n\n\n<p>Le Roi revient en effet dans un pays profond\u00e9ment divis\u00e9. Le gouvernement homog\u00e8ne social-chr\u00e9tien est lui-m\u00eame en crise. Les socialistes tirent \u00e0 boulets rouges et Spaak menace d&rsquo;une r\u00e9volution ! <br>C&rsquo;est pourquoi un retour le 21 juillet, jour de la f\u00eate nationale, est soigneusement \u00e9cart\u00e9 au profit d&rsquo;un retour quasi en catimini le 22. <br>La revue Toudi expose les faits ainsi : \u00ab<em>Le jour fatidique, les Bruxellois sont r\u00e9veill\u00e9s par un bruit inhabituel de charroi. La capitale est en \u00e9tat de si\u00e8ge. Dans l&rsquo;aube naissante, de partout, d\u00e9bouchent des camions de transport, des jeeps et des v\u00e9hicules blind\u00e9s. Des rues sont barr\u00e9es. 5.500 gendarmes et soldats, mousqueton au pied ou mitraillette \u00e0 la bretelle, s&rsquo;\u00e9chelonnent depuis l&rsquo;a\u00e9rodrome militaire d&rsquo;Evere jusqu&rsquo;au Palais de Laeken. Ils sont dispos\u00e9s tous les 30 m\u00e8tres, les uns face \u00e0 la chauss\u00e9e, les autres lui tournant le dos et surveillant les chats qui miaulent<\/em>\u00bb. <a href=\"https:\/\/www.larevuetoudi.org\/fr\/story\/juillet-50-de-la-question-royale-%C3%A0-la-question-belge#footnote9_6q1yk7w\" target=\"_blank\" rel=\"noreferrer noopener\">https:\/\/www.larevuetoudi.org\/fr\/story\/juillet-50-de-la-question-royale-%C3%A0-la-question-belge#footnote9_6q1yk7w<\/a><\/p>\n\n\n\n<hr class=\"wp-block-separator has-alpha-channel-opacity is-style-wide\"\/>\n\n\n\n<div style=\"height:28px\" aria-hidden=\"true\" class=\"wp-block-spacer\"><\/div>\n\n\n\n<p class=\"has-text-align-center\">Voici la page de l&rsquo;album photo de James Haulet, concernant ce moment d&rsquo;histoire. <br><em>Grand merci \u00e0 Dani\u00e8le Haulet de m&rsquo;avoir confi\u00e9 cet album :-<\/em>)<\/p>\n\n\n<div class=\"wp-block-image\">\n<figure class=\"aligncenter size-full is-resized\"><img loading=\"lazy\" decoding=\"async\" src=\"https:\/\/haulet.be\/gen\/wp-content\/uploads\/2023\/01\/Retour-Leopold-III-Evere-22-juillet-1950-page-album.jpg\" alt=\"\" class=\"wp-image-5764\" width=\"1000\" height=\"783\" srcset=\"https:\/\/haulet.be\/gen\/wp-content\/uploads\/2023\/01\/Retour-Leopold-III-Evere-22-juillet-1950-page-album.jpg 1000w, https:\/\/haulet.be\/gen\/wp-content\/uploads\/2023\/01\/Retour-Leopold-III-Evere-22-juillet-1950-page-album-300x235.jpg 300w, https:\/\/haulet.be\/gen\/wp-content\/uploads\/2023\/01\/Retour-Leopold-III-Evere-22-juillet-1950-page-album-768x601.jpg 768w\" sizes=\"auto, (max-width: 1000px) 100vw, 1000px\" \/><\/figure>\n<\/div>\n\n\n<hr class=\"wp-block-separator has-alpha-channel-opacity is-style-wide\"\/>\n\n\n\n<div style=\"height:26px\" aria-hidden=\"true\" class=\"wp-block-spacer\"><\/div>\n\n\n\n<p class=\"has-text-align-center\">La premi\u00e8re photo montre les quelques personnalit\u00e9s et les quelques soldats se dirigeant vers le pied de la passerelle.<br>Les moteurs du second DC3, o\u00f9 se trouve le prince Baudouin, tournent toujours<\/p>\n\n\n<div class=\"wp-block-image\">\n<figure class=\"aligncenter size-full is-resized\"><img loading=\"lazy\" decoding=\"async\" src=\"https:\/\/haulet.be\/gen\/wp-content\/uploads\/2023\/01\/Leopold-III-Evere-20-07-1950-photo-1.jpg\" alt=\"\" class=\"wp-image-5768\" width=\"1000\" height=\"716\" srcset=\"https:\/\/haulet.be\/gen\/wp-content\/uploads\/2023\/01\/Leopold-III-Evere-20-07-1950-photo-1.jpg 1000w, https:\/\/haulet.be\/gen\/wp-content\/uploads\/2023\/01\/Leopold-III-Evere-20-07-1950-photo-1-300x215.jpg 300w, https:\/\/haulet.be\/gen\/wp-content\/uploads\/2023\/01\/Leopold-III-Evere-20-07-1950-photo-1-768x550.jpg 768w\" sizes=\"auto, (max-width: 1000px) 100vw, 1000px\" \/><\/figure>\n<\/div>\n\n\n<div style=\"height:25px\" aria-hidden=\"true\" class=\"wp-block-spacer\"><\/div>\n\n\n\n<p class=\"has-text-align-center\">La troisi\u00e8me photo montre le Roi Leopold III \u00e0 sa sortie de l&rsquo;avion, en haut de la passerelle :<\/p>\n\n\n<div class=\"wp-block-image\">\n<figure class=\"aligncenter size-full is-resized\"><img loading=\"lazy\" decoding=\"async\" src=\"https:\/\/haulet.be\/gen\/wp-content\/uploads\/2023\/01\/Leopold-III-Evere-20-07-1950-photo-3.jpg\" alt=\"\" class=\"wp-image-5767\" width=\"1000\" height=\"707\" srcset=\"https:\/\/haulet.be\/gen\/wp-content\/uploads\/2023\/01\/Leopold-III-Evere-20-07-1950-photo-3.jpg 1000w, https:\/\/haulet.be\/gen\/wp-content\/uploads\/2023\/01\/Leopold-III-Evere-20-07-1950-photo-3-300x212.jpg 300w, https:\/\/haulet.be\/gen\/wp-content\/uploads\/2023\/01\/Leopold-III-Evere-20-07-1950-photo-3-768x543.jpg 768w\" sizes=\"auto, (max-width: 1000px) 100vw, 1000px\" \/><\/figure>\n<\/div>\n\n\n<div style=\"height:24px\" aria-hidden=\"true\" class=\"wp-block-spacer\"><\/div>\n\n\n\n<p class=\"has-text-align-center\">Sur la 4\u00e8me et derni\u00e8re photo, on peut voir le Roi passer les troupes en revue.<br>Derri\u00e8re lui, on aper\u00e7oit ses deux fils, Baudouin et Albert.<\/p>\n\n\n<div class=\"wp-block-image\">\n<figure class=\"aligncenter size-full is-resized\"><img loading=\"lazy\" decoding=\"async\" src=\"https:\/\/haulet.be\/gen\/wp-content\/uploads\/2023\/01\/Leopold-III-Evere-20-07-1950-photo-4.jpg\" alt=\"\" class=\"wp-image-5765\" width=\"1000\" height=\"716\" srcset=\"https:\/\/haulet.be\/gen\/wp-content\/uploads\/2023\/01\/Leopold-III-Evere-20-07-1950-photo-4.jpg 1000w, https:\/\/haulet.be\/gen\/wp-content\/uploads\/2023\/01\/Leopold-III-Evere-20-07-1950-photo-4-300x215.jpg 300w, https:\/\/haulet.be\/gen\/wp-content\/uploads\/2023\/01\/Leopold-III-Evere-20-07-1950-photo-4-768x550.jpg 768w\" sizes=\"auto, (max-width: 1000px) 100vw, 1000px\" \/><\/figure>\n<\/div>\n\n\n<div style=\"height:30px\" aria-hidden=\"true\" class=\"wp-block-spacer\"><\/div>\n\n\n<div class=\"wp-block-image\">\n<figure class=\"aligncenter size-full is-resized\"><img loading=\"lazy\" decoding=\"async\" src=\"https:\/\/haulet.be\/gen\/wp-content\/uploads\/2023\/01\/Leopold-III-Evere-20-07-1950-photo-4-detail.jpg\" alt=\"\" class=\"wp-image-5790\" width=\"1000\" height=\"689\" srcset=\"https:\/\/haulet.be\/gen\/wp-content\/uploads\/2023\/01\/Leopold-III-Evere-20-07-1950-photo-4-detail.jpg 1000w, https:\/\/haulet.be\/gen\/wp-content\/uploads\/2023\/01\/Leopold-III-Evere-20-07-1950-photo-4-detail-300x207.jpg 300w, https:\/\/haulet.be\/gen\/wp-content\/uploads\/2023\/01\/Leopold-III-Evere-20-07-1950-photo-4-detail-768x529.jpg 768w\" sizes=\"auto, (max-width: 1000px) 100vw, 1000px\" \/><\/figure>\n<\/div>\n\n\n<div style=\"height:23px\" aria-hidden=\"true\" class=\"wp-block-spacer\"><\/div>\n\n\n\n<hr class=\"wp-block-separator has-alpha-channel-opacity is-style-wide\"\/>\n\n\n\n<div style=\"height:25px\" aria-hidden=\"true\" class=\"wp-block-spacer\"><\/div>\n\n\n\n<p>Pour en savoir plus sur la question royale, outre les deux ouvrages cit\u00e9s &#8211; <strong>Pour l&rsquo;Histoire<\/strong> de L\u00e9opold III et <strong>Echec au Roi<\/strong> de Roger Keyes, des informations int\u00e9ressantes se trouvent dans les ouvrages suivants :<\/p>\n\n\n\n<ul class=\"wp-block-list\">\n<li><strong>M\u00e9moires sur la R\u00e9gence et la Question royale<\/strong> de Andr\u00e9 de Staercke. Ed. Racine 2003<\/li>\n\n\n\n<li><strong>Dossier du Roi L\u00e9opold II<\/strong> &#8211; Jacques Pirenne &#8211; Livre blanc<\/li>\n\n\n\n<li><strong>L\u00e9opold III<\/strong> &#8211; V. Dujardin, M. Demoulin, M. Van den Wijngaert &#8211; Ed. Andr\u00e9 Versaille 2013<\/li>\n\n\n\n<li><strong>18 ans aupr\u00e8s de L\u00e9opold<\/strong> &#8211; Robert Capelle &#8211; Ed. Fayard 1970<\/li>\n\n\n\n<li><strong>Rapport de la Commission d&rsquo;information<\/strong> &#8211; 1947<\/li>\n<\/ul>\n\n\n\n<hr class=\"wp-block-separator has-alpha-channel-opacity is-style-wide\"\/>\n","protected":false},"excerpt":{"rendered":"<p>Sans nul doute, ce sont des photos historiques ! Il y a peu de documents couvrant le retour du Roi le 22 juillet 1950. Je n&rsquo;ai trouv\u00e9 que 2 photos et 1 film illustrant l&rsquo;\u00e9v\u00e9nement. La premi\u00e8re photo est en couverture du 2\u00e8me tome de l&rsquo;ouvrage de Roger Keyes intitul\u00e9 \u00abECHEC AU ROI &#8211; L\u00e9opold [&hellip;]<\/p>\n","protected":false},"author":1,"featured_media":0,"parent":0,"menu_order":0,"comment_status":"closed","ping_status":"closed","template":"template-full-width.php","meta":{"_coblocks_attr":"","_coblocks_dimensions":"","_coblocks_responsive_height":"","_coblocks_accordion_ie_support":"","footnotes":""},"class_list":["post-5758","page","type-page","status-publish","hentry"],"_links":{"self":[{"href":"https:\/\/haulet.be\/gen\/wp-json\/wp\/v2\/pages\/5758","targetHints":{"allow":["GET"]}}],"collection":[{"href":"https:\/\/haulet.be\/gen\/wp-json\/wp\/v2\/pages"}],"about":[{"href":"https:\/\/haulet.be\/gen\/wp-json\/wp\/v2\/types\/page"}],"author":[{"embeddable":true,"href":"https:\/\/haulet.be\/gen\/wp-json\/wp\/v2\/users\/1"}],"replies":[{"embeddable":true,"href":"https:\/\/haulet.be\/gen\/wp-json\/wp\/v2\/comments?post=5758"}],"version-history":[{"count":0,"href":"https:\/\/haulet.be\/gen\/wp-json\/wp\/v2\/pages\/5758\/revisions"}],"wp:attachment":[{"href":"https:\/\/haulet.be\/gen\/wp-json\/wp\/v2\/media?parent=5758"}],"curies":[{"name":"wp","href":"https:\/\/api.w.org\/{rel}","templated":true}]}}