{"id":6446,"date":"2023-05-26T18:25:01","date_gmt":"2023-05-26T16:25:01","guid":{"rendered":"https:\/\/haulet.be\/gen\/?page_id=6446"},"modified":"2023-05-29T15:00:04","modified_gmt":"2023-05-29T13:00:04","slug":"blegny-mine-20-mai-2023-les-photos","status":"publish","type":"page","link":"https:\/\/haulet.be\/gen\/blegny-mine-20-mai-2023-les-photos\/","title":{"rendered":"Blegny-Mine &#8211; 20 mai 2023 &#8211; Les photos"},"content":{"rendered":"\n<hr class=\"wp-block-separator has-alpha-channel-opacity\"\/>\n\n\n\n<div style=\"height:10px\" aria-hidden=\"true\" class=\"wp-block-spacer\"><\/div>\n\n\n\n<figure class=\"wp-block-image size-full\"><img loading=\"lazy\" decoding=\"async\" width=\"1575\" height=\"775\" src=\"https:\/\/haulet.be\/gen\/wp-content\/uploads\/2023\/05\/ovale-2-20230520_154716.png\" alt=\"\" class=\"wp-image-6774\" srcset=\"https:\/\/haulet.be\/gen\/wp-content\/uploads\/2023\/05\/ovale-2-20230520_154716.png 1575w, https:\/\/haulet.be\/gen\/wp-content\/uploads\/2023\/05\/ovale-2-20230520_154716-300x148.png 300w, https:\/\/haulet.be\/gen\/wp-content\/uploads\/2023\/05\/ovale-2-20230520_154716-768x378.png 768w, https:\/\/haulet.be\/gen\/wp-content\/uploads\/2023\/05\/ovale-2-20230520_154716-1536x756.png 1536w\" sizes=\"auto, (max-width: 1575px) 100vw, 1575px\" \/><\/figure>\n\n\n\n<div style=\"height:20px\" aria-hidden=\"true\" class=\"wp-block-spacer\"><\/div>\n\n\n\n<hr class=\"wp-block-separator has-alpha-channel-opacity\"\/>\n\n\n<div class=\"wp-block-image\">\n<figure class=\"aligncenter size-full is-resized\"><a href=\"https:\/\/haulet.be\/gen\/blegny-mine-20-mai-2023-photos-de-albert\/\"><img loading=\"lazy\" decoding=\"async\" src=\"https:\/\/haulet.be\/gen\/wp-content\/uploads\/2023\/05\/ronde-DSC_0082-1.png\" alt=\"\" class=\"wp-image-6776\" width=\"295\" height=\"292\" srcset=\"https:\/\/haulet.be\/gen\/wp-content\/uploads\/2023\/05\/ronde-DSC_0082-1.png 1181w, https:\/\/haulet.be\/gen\/wp-content\/uploads\/2023\/05\/ronde-DSC_0082-1-300x296.png 300w, https:\/\/haulet.be\/gen\/wp-content\/uploads\/2023\/05\/ronde-DSC_0082-1-768x759.png 768w\" sizes=\"auto, (max-width: 295px) 100vw, 295px\" \/><\/a><\/figure>\n<\/div>\n\n\n<p class=\"has-text-align-center is-style-default\" style=\"font-size:25px\"><a href=\"https:\/\/haulet.be\/gen\/blegny-mine-20-mai-2023-photos-de-albert\/\">Photos d&rsquo;Albert<\/a><\/p>\n\n\n\n<hr class=\"wp-block-separator has-alpha-channel-opacity is-style-wide\"\/>\n\n\n<div class=\"wp-block-image\">\n<figure class=\"aligncenter size-large is-resized\"><a href=\"https:\/\/haulet.be\/gen\/blegny-mine-20-mai-20123-photos-de-christine\/\"><img loading=\"lazy\" decoding=\"async\" src=\"https:\/\/haulet.be\/gen\/wp-content\/uploads\/2023\/05\/ronde-BLEGNY11-PHOTO-DE-FAMILLE-1219x1200.png\" alt=\"\" class=\"wp-image-6805\" width=\"295\" height=\"292\"\/><\/a><\/figure>\n<\/div>\n\n\n<p class=\"has-text-align-center\" style=\"font-size:25px\"><a href=\"https:\/\/haulet.be\/gen\/blegny-mine-20-mai-20123-photos-de-christine\/\">Photos de Christine<\/a><\/p>\n\n\n\n<hr class=\"wp-block-separator has-alpha-channel-opacity is-style-wide\"\/>\n\n\n<div class=\"wp-block-image\">\n<figure class=\"aligncenter size-full is-resized\"><a href=\"https:\/\/haulet.be\/gen\/blegny-mine-20-mai-2023-photos-de-dominique\/\"><img loading=\"lazy\" decoding=\"async\" src=\"https:\/\/haulet.be\/gen\/wp-content\/uploads\/2023\/05\/rond-20230520_154809.png\" alt=\"\" class=\"wp-image-6777\" width=\"299\" height=\"295\" srcset=\"https:\/\/haulet.be\/gen\/wp-content\/uploads\/2023\/05\/rond-20230520_154809.png 1195w, https:\/\/haulet.be\/gen\/wp-content\/uploads\/2023\/05\/rond-20230520_154809-300x296.png 300w, https:\/\/haulet.be\/gen\/wp-content\/uploads\/2023\/05\/rond-20230520_154809-768x758.png 768w\" sizes=\"auto, (max-width: 299px) 100vw, 299px\" \/><\/a><\/figure>\n<\/div>\n\n\n<p class=\"has-text-align-center is-style-default\" style=\"font-size:25px\"><a href=\"https:\/\/haulet.be\/gen\/blegny-mine-20-mai-2023-photos-de-dominique\/\">Photos de Dominique<\/a><\/p>\n\n\n\n<hr class=\"wp-block-separator has-alpha-channel-opacity is-style-wide\"\/>\n\n\n<div class=\"wp-block-image\">\n<figure class=\"aligncenter size-full is-resized\"><a href=\"https:\/\/haulet.be\/gen\/blegny-mine-20-mai-2023-photos-deric\/\"><img loading=\"lazy\" decoding=\"async\" src=\"https:\/\/haulet.be\/gen\/wp-content\/uploads\/2023\/05\/DSC_9731-1.png\" alt=\"\" class=\"wp-image-6780\" width=\"296\" height=\"299\" srcset=\"https:\/\/haulet.be\/gen\/wp-content\/uploads\/2023\/05\/DSC_9731-1.png 1182w, https:\/\/haulet.be\/gen\/wp-content\/uploads\/2023\/05\/DSC_9731-1-297x300.png 297w, https:\/\/haulet.be\/gen\/wp-content\/uploads\/2023\/05\/DSC_9731-1-768x776.png 768w\" sizes=\"auto, (max-width: 296px) 100vw, 296px\" \/><\/a><\/figure>\n<\/div>\n\n\n<p class=\"has-text-align-center is-style-default\" style=\"font-size:25px\"><a href=\"https:\/\/haulet.be\/gen\/blegny-mine-20-mai-2023-photos-deric\/\">Photos d&rsquo;Eric<\/a><\/p>\n\n\n\n<hr class=\"wp-block-separator has-alpha-channel-opacity is-style-wide\"\/>\n\n\n<div class=\"wp-block-image\">\n<figure class=\"aligncenter size-full is-resized\"><a href=\"https:\/\/haulet.be\/gen\/blegny-mine-photos-de-philippe\/\"><img loading=\"lazy\" decoding=\"async\" src=\"https:\/\/haulet.be\/gen\/wp-content\/uploads\/2023\/05\/rond_DSC4241.png\" alt=\"\" class=\"wp-image-6775\" width=\"298\" height=\"296\" srcset=\"https:\/\/haulet.be\/gen\/wp-content\/uploads\/2023\/05\/rond_DSC4241.png 1190w, https:\/\/haulet.be\/gen\/wp-content\/uploads\/2023\/05\/rond_DSC4241-300x298.png 300w, https:\/\/haulet.be\/gen\/wp-content\/uploads\/2023\/05\/rond_DSC4241-150x150.png 150w, https:\/\/haulet.be\/gen\/wp-content\/uploads\/2023\/05\/rond_DSC4241-768x763.png 768w\" sizes=\"auto, (max-width: 298px) 100vw, 298px\" \/><\/a><\/figure>\n<\/div>\n\n\n<p class=\"has-text-align-center is-style-default\" style=\"font-size:25px\"><a href=\"https:\/\/haulet.be\/gen\/blegny-mine-photos-de-philippe\/\">Photos de Philippe<\/a><\/p>\n\n\n\n<hr class=\"wp-block-separator has-alpha-channel-opacity\"\/>\n\n\n<div class=\"wp-block-image\">\n<figure class=\"aligncenter size-full is-resized\"><a href=\"https:\/\/haulet.be\/gen\/blegny-mine-20-mai-2023-photos-de-sophie\/\"><img loading=\"lazy\" decoding=\"async\" src=\"https:\/\/haulet.be\/gen\/wp-content\/uploads\/2023\/05\/rond-ddb2f6b9-5a97-4189-ba0e-fb8b75a8a5f6.png\" alt=\"\" class=\"wp-image-6783\" width=\"298\" height=\"295\"\/><\/a><\/figure>\n<\/div>\n\n\n<p class=\"has-text-align-center is-style-default\" style=\"font-size:25px\"><a href=\"https:\/\/haulet.be\/gen\/blegny-mine-20-mai-2023-photos-de-sophie\/\">Photos de Sophie<\/a><\/p>\n\n\n\n<hr class=\"wp-block-separator has-alpha-channel-opacity is-style-wide\"\/>\n\n\n\n<p class=\"has-text-align-center is-style-info\"><em>Quand une des photos des galeries est affich\u00e9e en grand, <\/em><br><em>vous pouvez la t\u00e9l\u00e9charger <\/em><br><em>en faisant un clic droit sur la photo <br>et en choisissant \u00ab\u00a0enregister sous\u00a0\u00bb.<br>Elles sont, pour la plupart, au format 10&#215;15 cms<br>et pr\u00eates \u00e0 \u00eatre imprim\u00e9es.<\/em><\/p>\n\n\n\n<hr class=\"wp-block-separator has-alpha-channel-opacity is-style-wide\"\/>\n","protected":false},"excerpt":{"rendered":"<p>Photos d&rsquo;Albert Photos de Christine Photos de Dominique Photos d&rsquo;Eric Photos de Philippe Photos de Sophie Quand une des photos des galeries est affich\u00e9e en grand, vous pouvez la t\u00e9l\u00e9charger en faisant un clic droit sur la photo et en choisissant \u00ab\u00a0enregister sous\u00a0\u00bb.Elles sont, pour la plupart, au format 10&#215;15 cmset pr\u00eates \u00e0 \u00eatre imprim\u00e9es.<\/p>\n","protected":false},"author":1,"featured_media":0,"parent":0,"menu_order":0,"comment_status":"open","ping_status":"closed","template":"template-full-width.php","meta":{"_coblocks_attr":"","_coblocks_dimensions":"","_coblocks_responsive_height":"","_coblocks_accordion_ie_support":"","footnotes":""},"class_list":["post-6446","page","type-page","status-publish","hentry"],"_links":{"self":[{"href":"https:\/\/haulet.be\/gen\/wp-json\/wp\/v2\/pages\/6446","targetHints":{"allow":["GET"]}}],"collection":[{"href":"https:\/\/haulet.be\/gen\/wp-json\/wp\/v2\/pages"}],"about":[{"href":"https:\/\/haulet.be\/gen\/wp-json\/wp\/v2\/types\/page"}],"author":[{"embeddable":true,"href":"https:\/\/haulet.be\/gen\/wp-json\/wp\/v2\/users\/1"}],"replies":[{"embeddable":true,"href":"https:\/\/haulet.be\/gen\/wp-json\/wp\/v2\/comments?post=6446"}],"version-history":[{"count":0,"href":"https:\/\/haulet.be\/gen\/wp-json\/wp\/v2\/pages\/6446\/revisions"}],"wp:attachment":[{"href":"https:\/\/haulet.be\/gen\/wp-json\/wp\/v2\/media?parent=6446"}],"curies":[{"name":"wp","href":"https:\/\/api.w.org\/{rel}","templated":true}]}}