{"id":6871,"date":"2023-05-29T16:21:37","date_gmt":"2023-05-29T14:21:37","guid":{"rendered":"https:\/\/haulet.be\/gen\/?page_id=6871"},"modified":"2025-02-28T19:12:28","modified_gmt":"2025-02-28T18:12:28","slug":"le-livret-genealogique-de-la-reunion-familiale-du-20-mai-2023","status":"publish","type":"page","link":"https:\/\/haulet.be\/gen\/le-livret-genealogique-de-la-reunion-familiale-du-20-mai-2023\/","title":{"rendered":"Le livret g\u00e9n\u00e9alogique de la r\u00e9union familiale du 20 mai 2023"},"content":{"rendered":"Vous devez \u00eatre connect\u00e9 pour voir ce contenu.","protected":false},"excerpt":{"rendered":"Vous devez \u00eatre connect\u00e9 pour voir ce contenu.","protected":false},"author":1,"featured_media":0,"parent":0,"menu_order":0,"comment_status":"open","ping_status":"closed","template":"template-full-width.php","meta":{"_coblocks_attr":"","_coblocks_dimensions":"","_coblocks_responsive_height":"","_coblocks_accordion_ie_support":"","footnotes":""},"class_list":["post-6871","page","type-page","status-publish","hentry"],"_links":{"self":[{"href":"https:\/\/haulet.be\/gen\/wp-json\/wp\/v2\/pages\/6871","targetHints":{"allow":["GET"]}}],"collection":[{"href":"https:\/\/haulet.be\/gen\/wp-json\/wp\/v2\/pages"}],"about":[{"href":"https:\/\/haulet.be\/gen\/wp-json\/wp\/v2\/types\/page"}],"author":[{"embeddable":true,"href":"https:\/\/haulet.be\/gen\/wp-json\/wp\/v2\/users\/1"}],"replies":[{"embeddable":true,"href":"https:\/\/haulet.be\/gen\/wp-json\/wp\/v2\/comments?post=6871"}],"version-history":[{"count":1,"href":"https:\/\/haulet.be\/gen\/wp-json\/wp\/v2\/pages\/6871\/revisions"}],"predecessor-version":[{"id":8098,"href":"https:\/\/haulet.be\/gen\/wp-json\/wp\/v2\/pages\/6871\/revisions\/8098"}],"wp:attachment":[{"href":"https:\/\/haulet.be\/gen\/wp-json\/wp\/v2\/media?parent=6871"}],"curies":[{"name":"wp","href":"https:\/\/api.w.org\/{rel}","templated":true}]}}