{"id":6910,"date":"2023-05-29T17:39:28","date_gmt":"2023-05-29T15:39:28","guid":{"rendered":"https:\/\/haulet.be\/gen\/?page_id=6910"},"modified":"2023-05-30T10:00:31","modified_gmt":"2023-05-30T08:00:31","slug":"les-photos-anciennes-exposees-le-20-mai-2023","status":"publish","type":"page","link":"https:\/\/haulet.be\/gen\/les-photos-anciennes-exposees-le-20-mai-2023\/","title":{"rendered":"Les photos anciennes expos\u00e9es le 20 mai 2023"},"content":{"rendered":"\n<hr class=\"wp-block-separator has-alpha-channel-opacity is-style-wide\"\/>\n\n\n<div class=\"wp-block-image\">\n<figure class=\"aligncenter size-large is-resized\"><img loading=\"lazy\" decoding=\"async\" src=\"https:\/\/haulet.be\/gen\/wp-content\/uploads\/2023\/05\/1-Leon-Felix-Haulet-et-Hortense-Magis-A4-848x1200.jpg\" alt=\"\" class=\"wp-image-6899\" width=\"636\" height=\"900\" srcset=\"https:\/\/haulet.be\/gen\/wp-content\/uploads\/2023\/05\/1-Leon-Felix-Haulet-et-Hortense-Magis-A4-848x1200.jpg 848w, https:\/\/haulet.be\/gen\/wp-content\/uploads\/2023\/05\/1-Leon-Felix-Haulet-et-Hortense-Magis-A4-212x300.jpg 212w, https:\/\/haulet.be\/gen\/wp-content\/uploads\/2023\/05\/1-Leon-Felix-Haulet-et-Hortense-Magis-A4-768x1086.jpg 768w, https:\/\/haulet.be\/gen\/wp-content\/uploads\/2023\/05\/1-Leon-Felix-Haulet-et-Hortense-Magis-A4-1086x1536.jpg 1086w, https:\/\/haulet.be\/gen\/wp-content\/uploads\/2023\/05\/1-Leon-Felix-Haulet-et-Hortense-Magis-A4-1448x2048.jpg 1448w, https:\/\/haulet.be\/gen\/wp-content\/uploads\/2023\/05\/1-Leon-Felix-Haulet-et-Hortense-Magis-A4-scaled.jpg 1810w\" sizes=\"auto, (max-width: 636px) 100vw, 636px\" \/><\/figure>\n<\/div>\n\n\n<p class=\"has-text-align-center\" style=\"font-size:15px\"><em><mark style=\"background-color:rgba(0, 0, 0, 0)\" class=\"has-inline-color has-light-green-cyan-color\">L\u00e9on et Hortense<\/mark><\/em><\/p>\n\n\n\n<div style=\"height:50px\" aria-hidden=\"true\" class=\"wp-block-spacer\"><\/div>\n\n\n<div class=\"wp-block-image\">\n<figure class=\"aligncenter size-large is-resized\"><img loading=\"lazy\" decoding=\"async\" src=\"https:\/\/haulet.be\/gen\/wp-content\/uploads\/2023\/05\/3-Hortense-Magis-Portrait-A4-848x1200.jpg\" alt=\"\" class=\"wp-image-6901\" width=\"636\" height=\"900\" srcset=\"https:\/\/haulet.be\/gen\/wp-content\/uploads\/2023\/05\/3-Hortense-Magis-Portrait-A4-848x1200.jpg 848w, https:\/\/haulet.be\/gen\/wp-content\/uploads\/2023\/05\/3-Hortense-Magis-Portrait-A4-212x300.jpg 212w, https:\/\/haulet.be\/gen\/wp-content\/uploads\/2023\/05\/3-Hortense-Magis-Portrait-A4-768x1086.jpg 768w, https:\/\/haulet.be\/gen\/wp-content\/uploads\/2023\/05\/3-Hortense-Magis-Portrait-A4-1086x1536.jpg 1086w, https:\/\/haulet.be\/gen\/wp-content\/uploads\/2023\/05\/3-Hortense-Magis-Portrait-A4-1448x2048.jpg 1448w, https:\/\/haulet.be\/gen\/wp-content\/uploads\/2023\/05\/3-Hortense-Magis-Portrait-A4-scaled.jpg 1810w\" sizes=\"auto, (max-width: 636px) 100vw, 636px\" \/><\/figure>\n<\/div>\n\n\n<p class=\"has-text-align-center\" style=\"font-size:15px\"><em><mark style=\"background-color:rgba(0, 0, 0, 0)\" class=\"has-inline-color has-light-green-cyan-color\">Hortense Magis<\/mark><\/em><\/p>\n\n\n\n<div style=\"height:50px\" aria-hidden=\"true\" class=\"wp-block-spacer\"><\/div>\n\n\n<div class=\"wp-block-image\">\n<figure class=\"aligncenter size-large is-resized\"><img loading=\"lazy\" decoding=\"async\" src=\"https:\/\/haulet.be\/gen\/wp-content\/uploads\/2023\/05\/4-Irma-Magis-portrait-A4-848x1200.jpg\" alt=\"\" class=\"wp-image-6898\" width=\"636\" height=\"900\" srcset=\"https:\/\/haulet.be\/gen\/wp-content\/uploads\/2023\/05\/4-Irma-Magis-portrait-A4-848x1200.jpg 848w, https:\/\/haulet.be\/gen\/wp-content\/uploads\/2023\/05\/4-Irma-Magis-portrait-A4-212x300.jpg 212w, https:\/\/haulet.be\/gen\/wp-content\/uploads\/2023\/05\/4-Irma-Magis-portrait-A4-768x1086.jpg 768w, https:\/\/haulet.be\/gen\/wp-content\/uploads\/2023\/05\/4-Irma-Magis-portrait-A4-1086x1536.jpg 1086w, https:\/\/haulet.be\/gen\/wp-content\/uploads\/2023\/05\/4-Irma-Magis-portrait-A4-1448x2048.jpg 1448w, https:\/\/haulet.be\/gen\/wp-content\/uploads\/2023\/05\/4-Irma-Magis-portrait-A4-scaled.jpg 1810w\" sizes=\"auto, (max-width: 636px) 100vw, 636px\" \/><\/figure>\n<\/div>\n\n\n<p class=\"has-text-align-center\"><em><mark style=\"background-color:rgba(0, 0, 0, 0)\" class=\"has-inline-color has-light-green-cyan-color\">Irma Magis<\/mark><\/em><\/p>\n\n\n\n<div style=\"height:50px\" aria-hidden=\"true\" class=\"wp-block-spacer\"><\/div>\n\n\n<div class=\"wp-block-image\">\n<figure class=\"aligncenter size-large is-resized\"><img loading=\"lazy\" decoding=\"async\" src=\"https:\/\/haulet.be\/gen\/wp-content\/uploads\/2023\/05\/5-Maria-Haulet-A4-848x1200.jpg\" alt=\"\" class=\"wp-image-6897\" width=\"636\" height=\"900\" srcset=\"https:\/\/haulet.be\/gen\/wp-content\/uploads\/2023\/05\/5-Maria-Haulet-A4-848x1200.jpg 848w, https:\/\/haulet.be\/gen\/wp-content\/uploads\/2023\/05\/5-Maria-Haulet-A4-212x300.jpg 212w, https:\/\/haulet.be\/gen\/wp-content\/uploads\/2023\/05\/5-Maria-Haulet-A4-768x1086.jpg 768w, https:\/\/haulet.be\/gen\/wp-content\/uploads\/2023\/05\/5-Maria-Haulet-A4-1086x1536.jpg 1086w, https:\/\/haulet.be\/gen\/wp-content\/uploads\/2023\/05\/5-Maria-Haulet-A4-1448x2048.jpg 1448w, https:\/\/haulet.be\/gen\/wp-content\/uploads\/2023\/05\/5-Maria-Haulet-A4-scaled.jpg 1810w\" sizes=\"auto, (max-width: 636px) 100vw, 636px\" \/><\/figure>\n<\/div>\n\n\n<p class=\"has-text-align-center\" style=\"font-size:15px\"><em><mark style=\"background-color:rgba(0, 0, 0, 0)\" class=\"has-inline-color has-light-green-cyan-color\">Maria Haulet, soeur de L\u00e9on<\/mark><\/em><\/p>\n\n\n\n<div style=\"height:50px\" aria-hidden=\"true\" class=\"wp-block-spacer\"><\/div>\n\n\n<div class=\"wp-block-image\">\n<figure class=\"aligncenter size-large is-resized\"><img loading=\"lazy\" decoding=\"async\" src=\"https:\/\/haulet.be\/gen\/wp-content\/uploads\/2023\/05\/6-Haulet-famille-Vise-1908-A4-1697x1200.jpg\" alt=\"\" class=\"wp-image-6896\" width=\"849\" height=\"600\" srcset=\"https:\/\/haulet.be\/gen\/wp-content\/uploads\/2023\/05\/6-Haulet-famille-Vise-1908-A4-1697x1200.jpg 1697w, https:\/\/haulet.be\/gen\/wp-content\/uploads\/2023\/05\/6-Haulet-famille-Vise-1908-A4-300x212.jpg 300w, https:\/\/haulet.be\/gen\/wp-content\/uploads\/2023\/05\/6-Haulet-famille-Vise-1908-A4-768x543.jpg 768w, https:\/\/haulet.be\/gen\/wp-content\/uploads\/2023\/05\/6-Haulet-famille-Vise-1908-A4-1536x1086.jpg 1536w, https:\/\/haulet.be\/gen\/wp-content\/uploads\/2023\/05\/6-Haulet-famille-Vise-1908-A4-2048x1448.jpg 2048w\" sizes=\"auto, (max-width: 849px) 100vw, 849px\" \/><\/figure>\n<\/div>\n\n\n<p class=\"has-text-align-center\" style=\"font-size:15px\"><em><mark style=\"background-color:rgba(0, 0, 0, 0)\" class=\"has-inline-color has-light-green-cyan-color\">L\u00e9on-F\u00e9lix et Irma, Hortense, L\u00e9on junior et Marie &#8211; Vis\u00e9 1908<\/mark><\/em><\/p>\n\n\n\n<div style=\"height:50px\" aria-hidden=\"true\" class=\"wp-block-spacer\"><\/div>\n\n\n<div class=\"wp-block-image\">\n<figure class=\"aligncenter size-large is-resized\"><img loading=\"lazy\" decoding=\"async\" src=\"https:\/\/haulet.be\/gen\/wp-content\/uploads\/2023\/05\/7-enfants-de-Leon-Felix-Haulet-1911-A4-1697x1200.jpg\" alt=\"\" class=\"wp-image-6892\" width=\"849\" height=\"600\" srcset=\"https:\/\/haulet.be\/gen\/wp-content\/uploads\/2023\/05\/7-enfants-de-Leon-Felix-Haulet-1911-A4-1697x1200.jpg 1697w, https:\/\/haulet.be\/gen\/wp-content\/uploads\/2023\/05\/7-enfants-de-Leon-Felix-Haulet-1911-A4-300x212.jpg 300w, https:\/\/haulet.be\/gen\/wp-content\/uploads\/2023\/05\/7-enfants-de-Leon-Felix-Haulet-1911-A4-768x543.jpg 768w, https:\/\/haulet.be\/gen\/wp-content\/uploads\/2023\/05\/7-enfants-de-Leon-Felix-Haulet-1911-A4-1536x1086.jpg 1536w, https:\/\/haulet.be\/gen\/wp-content\/uploads\/2023\/05\/7-enfants-de-Leon-Felix-Haulet-1911-A4-2048x1448.jpg 2048w\" sizes=\"auto, (max-width: 849px) 100vw, 849px\" \/><\/figure>\n<\/div>\n\n\n<p class=\"has-text-align-center\" style=\"font-size:15px\"><em><mark style=\"background-color:rgba(0, 0, 0, 0)\" class=\"has-inline-color has-light-green-cyan-color\">L\u00e9on, Hortense, Marie, Charles, Maurice et Albert &#8211; Vis\u00e9 1911<\/mark><\/em><\/p>\n\n\n\n<div style=\"height:50px\" aria-hidden=\"true\" class=\"wp-block-spacer\"><\/div>\n\n\n<div class=\"wp-block-image\">\n<figure class=\"aligncenter size-large is-resized\"><img loading=\"lazy\" decoding=\"async\" src=\"https:\/\/haulet.be\/gen\/wp-content\/uploads\/2023\/05\/9-Haulet-9-enfants-Lancaster-1917-A4-1697x1200.jpg\" alt=\"\" class=\"wp-image-6895\" width=\"849\" height=\"600\" srcset=\"https:\/\/haulet.be\/gen\/wp-content\/uploads\/2023\/05\/9-Haulet-9-enfants-Lancaster-1917-A4-1697x1200.jpg 1697w, https:\/\/haulet.be\/gen\/wp-content\/uploads\/2023\/05\/9-Haulet-9-enfants-Lancaster-1917-A4-300x212.jpg 300w, https:\/\/haulet.be\/gen\/wp-content\/uploads\/2023\/05\/9-Haulet-9-enfants-Lancaster-1917-A4-768x543.jpg 768w, https:\/\/haulet.be\/gen\/wp-content\/uploads\/2023\/05\/9-Haulet-9-enfants-Lancaster-1917-A4-1536x1086.jpg 1536w, https:\/\/haulet.be\/gen\/wp-content\/uploads\/2023\/05\/9-Haulet-9-enfants-Lancaster-1917-A4-2048x1448.jpg 2048w\" sizes=\"auto, (max-width: 849px) 100vw, 849px\" \/><\/figure>\n<\/div>\n\n\n<p class=\"has-text-align-center\" style=\"font-size:15px\"><em><mark style=\"background-color:rgba(0, 0, 0, 0)\" class=\"has-inline-color has-light-green-cyan-color\">Les 9, Lancaster 1917<\/mark><\/em><\/p>\n\n\n\n<div style=\"height:51px\" aria-hidden=\"true\" class=\"wp-block-spacer\"><\/div>\n\n\n<div class=\"wp-block-image\">\n<figure class=\"aligncenter size-large is-resized\"><img loading=\"lazy\" decoding=\"async\" src=\"https:\/\/haulet.be\/gen\/wp-content\/uploads\/2023\/05\/8-Leon-Felix-et-Irma-Lancaster-1917-A4-848x1200.jpg\" alt=\"\" class=\"wp-image-6902\" width=\"636\" height=\"900\" srcset=\"https:\/\/haulet.be\/gen\/wp-content\/uploads\/2023\/05\/8-Leon-Felix-et-Irma-Lancaster-1917-A4-848x1200.jpg 848w, https:\/\/haulet.be\/gen\/wp-content\/uploads\/2023\/05\/8-Leon-Felix-et-Irma-Lancaster-1917-A4-212x300.jpg 212w, https:\/\/haulet.be\/gen\/wp-content\/uploads\/2023\/05\/8-Leon-Felix-et-Irma-Lancaster-1917-A4-768x1086.jpg 768w, https:\/\/haulet.be\/gen\/wp-content\/uploads\/2023\/05\/8-Leon-Felix-et-Irma-Lancaster-1917-A4-1086x1536.jpg 1086w, https:\/\/haulet.be\/gen\/wp-content\/uploads\/2023\/05\/8-Leon-Felix-et-Irma-Lancaster-1917-A4-1448x2048.jpg 1448w, https:\/\/haulet.be\/gen\/wp-content\/uploads\/2023\/05\/8-Leon-Felix-et-Irma-Lancaster-1917-A4-scaled.jpg 1810w\" sizes=\"auto, (max-width: 636px) 100vw, 636px\" \/><\/figure>\n<\/div>\n\n\n<p class=\"has-text-align-center\" style=\"font-size:15px\"><em><mark style=\"background-color:rgba(0, 0, 0, 0)\" class=\"has-inline-color has-light-green-cyan-color\">Lancaster 1917<\/mark><\/em><\/p>\n\n\n\n<div style=\"height:50px\" aria-hidden=\"true\" class=\"wp-block-spacer\"><\/div>\n\n\n<div class=\"wp-block-image\">\n<figure class=\"aligncenter size-large is-resized\"><img loading=\"lazy\" decoding=\"async\" src=\"https:\/\/haulet.be\/gen\/wp-content\/uploads\/2023\/05\/10-Enfants-males-Haulet-Liege-1921-A4-848x1200.jpg\" alt=\"\" class=\"wp-image-6894\" width=\"636\" height=\"900\" srcset=\"https:\/\/haulet.be\/gen\/wp-content\/uploads\/2023\/05\/10-Enfants-males-Haulet-Liege-1921-A4-848x1200.jpg 848w, https:\/\/haulet.be\/gen\/wp-content\/uploads\/2023\/05\/10-Enfants-males-Haulet-Liege-1921-A4-212x300.jpg 212w, https:\/\/haulet.be\/gen\/wp-content\/uploads\/2023\/05\/10-Enfants-males-Haulet-Liege-1921-A4-768x1086.jpg 768w, https:\/\/haulet.be\/gen\/wp-content\/uploads\/2023\/05\/10-Enfants-males-Haulet-Liege-1921-A4-1086x1536.jpg 1086w, https:\/\/haulet.be\/gen\/wp-content\/uploads\/2023\/05\/10-Enfants-males-Haulet-Liege-1921-A4-1448x2048.jpg 1448w, https:\/\/haulet.be\/gen\/wp-content\/uploads\/2023\/05\/10-Enfants-males-Haulet-Liege-1921-A4-scaled.jpg 1810w\" sizes=\"auto, (max-width: 636px) 100vw, 636px\" \/><\/figure>\n<\/div>\n\n\n<p class=\"has-text-align-center\" style=\"font-size:15px\"><em><mark style=\"background-color:rgba(0, 0, 0, 0)\" class=\"has-inline-color has-light-green-cyan-color\">L\u00e9on, Charles, Maurice, Albert et James &#8211; Communion de Charles &#8211; Li\u00e8ge 1921<\/mark><\/em><\/p>\n\n\n\n<div style=\"height:50px\" aria-hidden=\"true\" class=\"wp-block-spacer\"><\/div>\n\n\n<div class=\"wp-block-image\">\n<figure class=\"aligncenter size-large is-resized\"><img loading=\"lazy\" decoding=\"async\" src=\"https:\/\/haulet.be\/gen\/wp-content\/uploads\/2023\/05\/11-Clervaux-Aout-1928-A4-1697x1200.jpg\" alt=\"\" class=\"wp-image-6893\" width=\"849\" height=\"600\" srcset=\"https:\/\/haulet.be\/gen\/wp-content\/uploads\/2023\/05\/11-Clervaux-Aout-1928-A4-1697x1200.jpg 1697w, https:\/\/haulet.be\/gen\/wp-content\/uploads\/2023\/05\/11-Clervaux-Aout-1928-A4-300x212.jpg 300w, https:\/\/haulet.be\/gen\/wp-content\/uploads\/2023\/05\/11-Clervaux-Aout-1928-A4-768x543.jpg 768w, https:\/\/haulet.be\/gen\/wp-content\/uploads\/2023\/05\/11-Clervaux-Aout-1928-A4-1536x1086.jpg 1536w, https:\/\/haulet.be\/gen\/wp-content\/uploads\/2023\/05\/11-Clervaux-Aout-1928-A4-2048x1448.jpg 2048w\" sizes=\"auto, (max-width: 849px) 100vw, 849px\" \/><\/figure>\n<\/div>\n\n\n<p class=\"has-text-align-center\" style=\"font-size:15px\"><em><mark style=\"background-color:rgba(0, 0, 0, 0)\" class=\"has-inline-color has-light-green-cyan-color\">Clervaux &#8211; Ao\u00fbt 1928<\/mark><\/em><\/p>\n\n\n\n<div style=\"height:51px\" aria-hidden=\"true\" class=\"wp-block-spacer\"><\/div>\n\n\n<div class=\"wp-block-image\">\n<figure class=\"aligncenter size-large is-resized\"><img loading=\"lazy\" decoding=\"async\" src=\"https:\/\/haulet.be\/gen\/wp-content\/uploads\/2023\/05\/12-Granny-Therese-Alice-Jean-A4-848x1200.jpg\" alt=\"\" class=\"wp-image-6891\" width=\"636\" height=\"900\" srcset=\"https:\/\/haulet.be\/gen\/wp-content\/uploads\/2023\/05\/12-Granny-Therese-Alice-Jean-A4-848x1200.jpg 848w, https:\/\/haulet.be\/gen\/wp-content\/uploads\/2023\/05\/12-Granny-Therese-Alice-Jean-A4-212x300.jpg 212w, https:\/\/haulet.be\/gen\/wp-content\/uploads\/2023\/05\/12-Granny-Therese-Alice-Jean-A4-768x1086.jpg 768w, https:\/\/haulet.be\/gen\/wp-content\/uploads\/2023\/05\/12-Granny-Therese-Alice-Jean-A4-1086x1536.jpg 1086w, https:\/\/haulet.be\/gen\/wp-content\/uploads\/2023\/05\/12-Granny-Therese-Alice-Jean-A4-1448x2048.jpg 1448w, https:\/\/haulet.be\/gen\/wp-content\/uploads\/2023\/05\/12-Granny-Therese-Alice-Jean-A4-scaled.jpg 1810w\" sizes=\"auto, (max-width: 636px) 100vw, 636px\" \/><\/figure>\n<\/div>\n\n\n<p class=\"has-text-align-center\" style=\"font-size:15px\"><em><mark style=\"background-color:rgba(0, 0, 0, 0)\" class=\"has-inline-color has-light-green-cyan-color\">Tensette, Th\u00e9r\u00e8se, Alice et Jean<\/mark><\/em><\/p>\n\n\n\n<div style=\"height:50px\" aria-hidden=\"true\" class=\"wp-block-spacer\"><\/div>\n\n\n<div class=\"wp-block-image\">\n<figure class=\"aligncenter size-large is-resized\"><img loading=\"lazy\" decoding=\"async\" src=\"https:\/\/haulet.be\/gen\/wp-content\/uploads\/2023\/05\/13-Suzanne-Haulet-Henri-Delree-Mariage-A4-1697x1200.jpg\" alt=\"\" class=\"wp-image-6890\" width=\"849\" height=\"600\" srcset=\"https:\/\/haulet.be\/gen\/wp-content\/uploads\/2023\/05\/13-Suzanne-Haulet-Henri-Delree-Mariage-A4-1697x1200.jpg 1697w, https:\/\/haulet.be\/gen\/wp-content\/uploads\/2023\/05\/13-Suzanne-Haulet-Henri-Delree-Mariage-A4-300x212.jpg 300w, https:\/\/haulet.be\/gen\/wp-content\/uploads\/2023\/05\/13-Suzanne-Haulet-Henri-Delree-Mariage-A4-768x543.jpg 768w, https:\/\/haulet.be\/gen\/wp-content\/uploads\/2023\/05\/13-Suzanne-Haulet-Henri-Delree-Mariage-A4-1536x1086.jpg 1536w, https:\/\/haulet.be\/gen\/wp-content\/uploads\/2023\/05\/13-Suzanne-Haulet-Henri-Delree-Mariage-A4-2048x1448.jpg 2048w\" sizes=\"auto, (max-width: 849px) 100vw, 849px\" \/><\/figure>\n<\/div>\n\n\n<p class=\"has-text-align-center\" style=\"font-size:15px\"><em><mark style=\"background-color:rgba(0, 0, 0, 0)\" class=\"has-inline-color has-light-green-cyan-color\">Mariage de Suzanne Haulet et Henri Delr\u00e9e<\/mark><\/em><\/p>\n\n\n\n<div style=\"height:49px\" aria-hidden=\"true\" class=\"wp-block-spacer\"><\/div>\n\n\n<div class=\"wp-block-image\">\n<figure class=\"aligncenter size-large is-resized\"><img loading=\"lazy\" decoding=\"async\" src=\"https:\/\/haulet.be\/gen\/wp-content\/uploads\/2023\/05\/14-De-Lamotte-enfants-46792091-A4-1611x1200.jpg\" alt=\"\" class=\"wp-image-6904\" width=\"806\" height=\"600\" srcset=\"https:\/\/haulet.be\/gen\/wp-content\/uploads\/2023\/05\/14-De-Lamotte-enfants-46792091-A4-1611x1200.jpg 1611w, https:\/\/haulet.be\/gen\/wp-content\/uploads\/2023\/05\/14-De-Lamotte-enfants-46792091-A4-300x223.jpg 300w, https:\/\/haulet.be\/gen\/wp-content\/uploads\/2023\/05\/14-De-Lamotte-enfants-46792091-A4-768x572.jpg 768w, https:\/\/haulet.be\/gen\/wp-content\/uploads\/2023\/05\/14-De-Lamotte-enfants-46792091-A4-1536x1144.jpg 1536w, https:\/\/haulet.be\/gen\/wp-content\/uploads\/2023\/05\/14-De-Lamotte-enfants-46792091-A4-2048x1525.jpg 2048w\" sizes=\"auto, (max-width: 806px) 100vw, 806px\" \/><\/figure>\n<\/div>\n\n\n<p class=\"has-text-align-center\" style=\"font-size:15px\"><em><mark style=\"background-color:rgba(0, 0, 0, 0)\" class=\"has-inline-color has-light-green-cyan-color\">Famille de Lamotte <\/mark><\/em><\/p>\n\n\n\n<div style=\"height:50px\" aria-hidden=\"true\" class=\"wp-block-spacer\"><\/div>\n\n\n<div class=\"wp-block-image\">\n<figure class=\"aligncenter size-large is-resized\"><img loading=\"lazy\" decoding=\"async\" src=\"https:\/\/haulet.be\/gen\/wp-content\/uploads\/2023\/05\/15-De-Lamotte-les-5-filles-1954-A4-848x1200.jpg\" alt=\"\" class=\"wp-image-6903\" width=\"636\" height=\"900\" srcset=\"https:\/\/haulet.be\/gen\/wp-content\/uploads\/2023\/05\/15-De-Lamotte-les-5-filles-1954-A4-848x1200.jpg 848w, https:\/\/haulet.be\/gen\/wp-content\/uploads\/2023\/05\/15-De-Lamotte-les-5-filles-1954-A4-212x300.jpg 212w, https:\/\/haulet.be\/gen\/wp-content\/uploads\/2023\/05\/15-De-Lamotte-les-5-filles-1954-A4-768x1086.jpg 768w, https:\/\/haulet.be\/gen\/wp-content\/uploads\/2023\/05\/15-De-Lamotte-les-5-filles-1954-A4-1086x1536.jpg 1086w, https:\/\/haulet.be\/gen\/wp-content\/uploads\/2023\/05\/15-De-Lamotte-les-5-filles-1954-A4-1448x2048.jpg 1448w, https:\/\/haulet.be\/gen\/wp-content\/uploads\/2023\/05\/15-De-Lamotte-les-5-filles-1954-A4-scaled.jpg 1810w\" sizes=\"auto, (max-width: 636px) 100vw, 636px\" \/><\/figure>\n<\/div>\n\n\n<p class=\"has-text-align-center\" style=\"font-size:15px\"><em><mark style=\"background-color:rgba(0, 0, 0, 0)\" class=\"has-inline-color has-light-green-cyan-color\">Les demoiselles de Lamotte &#8211; 1954<\/mark><\/em><\/p>\n\n\n\n<div style=\"height:50px\" aria-hidden=\"true\" class=\"wp-block-spacer\"><\/div>\n\n\n<div class=\"wp-block-image\">\n<figure class=\"aligncenter size-large is-resized\"><img loading=\"lazy\" decoding=\"async\" src=\"https:\/\/haulet.be\/gen\/wp-content\/uploads\/2023\/05\/17-Famille-9-juin-1945-A4-1697x1200.jpg\" alt=\"\" class=\"wp-image-6889\" width=\"849\" height=\"600\" srcset=\"https:\/\/haulet.be\/gen\/wp-content\/uploads\/2023\/05\/17-Famille-9-juin-1945-A4-1697x1200.jpg 1697w, https:\/\/haulet.be\/gen\/wp-content\/uploads\/2023\/05\/17-Famille-9-juin-1945-A4-300x212.jpg 300w, https:\/\/haulet.be\/gen\/wp-content\/uploads\/2023\/05\/17-Famille-9-juin-1945-A4-768x543.jpg 768w, https:\/\/haulet.be\/gen\/wp-content\/uploads\/2023\/05\/17-Famille-9-juin-1945-A4-1536x1086.jpg 1536w, https:\/\/haulet.be\/gen\/wp-content\/uploads\/2023\/05\/17-Famille-9-juin-1945-A4-2048x1448.jpg 2048w\" sizes=\"auto, (max-width: 849px) 100vw, 849px\" \/><\/figure>\n<\/div>\n\n\n<p class=\"has-text-align-center\" style=\"font-size:15px\"><em><mark style=\"background-color:rgba(0, 0, 0, 0)\" class=\"has-inline-color has-light-green-cyan-color\">R\u00e9union de famille &#8211; 5 juin 1945 &#8211; Li\u00e8ge<\/mark><\/em><\/p>\n\n\n\n<div style=\"height:50px\" aria-hidden=\"true\" class=\"wp-block-spacer\"><\/div>\n\n\n<div class=\"wp-block-image\">\n<figure class=\"aligncenter size-large is-resized\"><img loading=\"lazy\" decoding=\"async\" src=\"https:\/\/haulet.be\/gen\/wp-content\/uploads\/2023\/05\/19-Haulet-reunion-Famille-1957-A4-1697x1200.jpg\" alt=\"\" class=\"wp-image-6888\" width=\"849\" height=\"600\" srcset=\"https:\/\/haulet.be\/gen\/wp-content\/uploads\/2023\/05\/19-Haulet-reunion-Famille-1957-A4-1697x1200.jpg 1697w, https:\/\/haulet.be\/gen\/wp-content\/uploads\/2023\/05\/19-Haulet-reunion-Famille-1957-A4-300x212.jpg 300w, https:\/\/haulet.be\/gen\/wp-content\/uploads\/2023\/05\/19-Haulet-reunion-Famille-1957-A4-768x543.jpg 768w, https:\/\/haulet.be\/gen\/wp-content\/uploads\/2023\/05\/19-Haulet-reunion-Famille-1957-A4-1536x1086.jpg 1536w, https:\/\/haulet.be\/gen\/wp-content\/uploads\/2023\/05\/19-Haulet-reunion-Famille-1957-A4-2048x1448.jpg 2048w\" sizes=\"auto, (max-width: 849px) 100vw, 849px\" \/><\/figure>\n<\/div>\n\n\n<p class=\"has-text-align-center\" style=\"font-size:15px\"><em><mark style=\"background-color:rgba(0, 0, 0, 0)\" class=\"has-inline-color has-light-green-cyan-color\">R\u00e9union de famille &#8211; 1957<\/mark><\/em><\/p>\n\n\n\n<div style=\"height:50px\" aria-hidden=\"true\" class=\"wp-block-spacer\"><\/div>\n\n\n<div class=\"wp-block-image\">\n<figure class=\"aligncenter size-large is-resized\"><img loading=\"lazy\" decoding=\"async\" src=\"https:\/\/haulet.be\/gen\/wp-content\/uploads\/2023\/05\/20-Haulet-famille-1958-rue-St-Laurent-A4-1697x1200.jpg\" alt=\"\" class=\"wp-image-6887\" width=\"849\" height=\"600\" srcset=\"https:\/\/haulet.be\/gen\/wp-content\/uploads\/2023\/05\/20-Haulet-famille-1958-rue-St-Laurent-A4-1697x1200.jpg 1697w, https:\/\/haulet.be\/gen\/wp-content\/uploads\/2023\/05\/20-Haulet-famille-1958-rue-St-Laurent-A4-300x212.jpg 300w, https:\/\/haulet.be\/gen\/wp-content\/uploads\/2023\/05\/20-Haulet-famille-1958-rue-St-Laurent-A4-768x543.jpg 768w, https:\/\/haulet.be\/gen\/wp-content\/uploads\/2023\/05\/20-Haulet-famille-1958-rue-St-Laurent-A4-1536x1086.jpg 1536w, https:\/\/haulet.be\/gen\/wp-content\/uploads\/2023\/05\/20-Haulet-famille-1958-rue-St-Laurent-A4-2048x1448.jpg 2048w\" sizes=\"auto, (max-width: 849px) 100vw, 849px\" \/><\/figure>\n<\/div>\n\n\n<p class=\"has-text-align-center\" style=\"font-size:15px\"><em><mark style=\"background-color:rgba(0, 0, 0, 0)\" class=\"has-inline-color has-light-green-cyan-color\">R\u00e9union de famille &#8211; rue Saint-Laurent \u00e0 Li\u00e8ge &#8211; 195<\/mark><\/em>4<\/p>\n\n\n\n<div style=\"height:50px\" aria-hidden=\"true\" class=\"wp-block-spacer\"><\/div>\n\n\n\n<hr class=\"wp-block-separator has-alpha-channel-opacity is-style-wide\"\/>\n\n\n\n<div style=\"height:51px\" aria-hidden=\"true\" class=\"wp-block-spacer\"><\/div>\n","protected":false},"excerpt":{"rendered":"<p>L\u00e9on et Hortense Hortense Magis Irma Magis Maria Haulet, soeur de L\u00e9on L\u00e9on-F\u00e9lix et Irma, Hortense, L\u00e9on junior et Marie &#8211; Vis\u00e9 1908 L\u00e9on, Hortense, Marie, Charles, Maurice et Albert &#8211; Vis\u00e9 1911 Les 9, Lancaster 1917 Lancaster 1917 L\u00e9on, Charles, Maurice, Albert et James &#8211; Communion de Charles &#8211; Li\u00e8ge 1921 Clervaux &#8211; Ao\u00fbt [&hellip;]<\/p>\n","protected":false},"author":1,"featured_media":0,"parent":0,"menu_order":0,"comment_status":"open","ping_status":"closed","template":"template-full-width.php","meta":{"_coblocks_attr":"","_coblocks_dimensions":"","_coblocks_responsive_height":"","_coblocks_accordion_ie_support":"","footnotes":""},"class_list":["post-6910","page","type-page","status-publish","hentry"],"_links":{"self":[{"href":"https:\/\/haulet.be\/gen\/wp-json\/wp\/v2\/pages\/6910","targetHints":{"allow":["GET"]}}],"collection":[{"href":"https:\/\/haulet.be\/gen\/wp-json\/wp\/v2\/pages"}],"about":[{"href":"https:\/\/haulet.be\/gen\/wp-json\/wp\/v2\/types\/page"}],"author":[{"embeddable":true,"href":"https:\/\/haulet.be\/gen\/wp-json\/wp\/v2\/users\/1"}],"replies":[{"embeddable":true,"href":"https:\/\/haulet.be\/gen\/wp-json\/wp\/v2\/comments?post=6910"}],"version-history":[{"count":0,"href":"https:\/\/haulet.be\/gen\/wp-json\/wp\/v2\/pages\/6910\/revisions"}],"wp:attachment":[{"href":"https:\/\/haulet.be\/gen\/wp-json\/wp\/v2\/media?parent=6910"}],"curies":[{"name":"wp","href":"https:\/\/api.w.org\/{rel}","templated":true}]}}