{"id":7515,"date":"2023-12-03T12:30:19","date_gmt":"2023-12-03T11:30:19","guid":{"rendered":"https:\/\/haulet.be\/gen\/?page_id=7515"},"modified":"2023-12-05T15:24:20","modified_gmt":"2023-12-05T14:24:20","slug":"publication-de-larbre-genealogique-de-la-famille-magis","status":"publish","type":"page","link":"https:\/\/haulet.be\/gen\/publication-de-larbre-genealogique-de-la-famille-magis\/","title":{"rendered":"Publication de l&rsquo;arbre g\u00e9n\u00e9alogique de la famille MAGIS"},"content":{"rendered":"\n<p class=\"is-style-info\">Nous \u00e9tions en possession d&rsquo;un tas de documents \u00e9manant des archives de son p\u00e8re Henri Delr\u00e9e, que Vincent nous avait remis; son papa avait \u00e9t\u00e9 d\u00e9positaire des papiers de Fernand Magis (oncle par alliance de Henri et beau-fr\u00e8re de L\u00e9on F\u00e9lix Haulet).<br>Tandis que Philippe d\u00e9cryptait la grosse liasse \u00ab\u00a0Magis\u00a0\u00bb afin d&rsquo;\u00e9tablir un arbre g\u00e9n\u00e9alogique, Charles se mettait \u00e0 scanner les nombreux documents (faire-parts etc&#8230;) ainsi rassembl\u00e9s.<br>Concomitamment, Charles entrait en relation avec Jacques Ghysens et Michel van der Vennet, que nous remercions, ce qui nous mit sur la piste d&rsquo;un site comprenant beaucoup de photos d&rsquo;anc\u00eatres Magis (Marie Sophie Ghysens \u00e9tait l&rsquo;\u00e9pouse de Henri Guillaume Magis, grand-p\u00e8re de Hortense, Irma, Fernand et Lucie Magis).<br>Aiguillonn\u00e9 par ces d\u00e9couvertes, Philippe a ensuite d\u00e9nich\u00e9 sur le net une flop\u00e9e d&rsquo;actes d&rsquo;\u00e9tat civil ou paroissiaux concernant la famille Magis, permettant non seulement d&rsquo;illustrer les Magis ainsi connus mais d&rsquo;en d\u00e9couvrir d&rsquo;autres. <br><br>L&rsquo;arbre est visible ici : <a href=\"https:\/\/haulet.be\/ArbreMagis\/languages\/fr\/index.html\" target=\"_blank\" rel=\"noreferrer noopener\">https:\/\/haulet.be\/ArbreMagis\/languages\/fr\/index.html<\/a><br>Aucun mot de passe n&rsquo;est requis.<br><br>Pour vous mettre en app\u00e9tit, ci-dessous 3 mises en bouche croustillantes :<\/p>\n\n\n\n<div style=\"height:32px\" aria-hidden=\"true\" class=\"wp-block-spacer\"><\/div>\n\n\n\n<hr class=\"wp-block-separator has-alpha-channel-opacity is-style-wide\"\/>\n\n\n\n<h2 class=\"wp-block-heading\">\u2022 1 &#8211; Henri Guillaume Magis, enfant naturel de Jean Pierre Guillaume Magis et Marie Jos\u00e8phe Moulan !<\/h2>\n\n\n\n<p>Dans son acte de naissance dat\u00e9 du 28 thermidor de l&rsquo;an VIII (11 ao\u00fbt 1800), Henri Guillaume Magis est renseign\u00e9 \u00ab\u00a0<em><strong>fils naturel<\/strong><\/em>\u00a0\u00bb de Jean Pierre Guillaume Magis (29 ao\u00fbt 1770 &#8211; 10 ao\u00fbt 1826) et de Marie Jos\u00e8phe Moulan (29 juillet 1760 &#8211; 11 ao\u00fbt 1832) \u00e9tant \u00ab\u00a0non mari\u00e9s\u00a0\u00bb.<\/p>\n\n\n<div class=\"wp-block-image\">\n<figure data-wp-context=\"{&quot;imageId&quot;:&quot;69e294daaa341&quot;}\" data-wp-interactive=\"core\/image\" data-wp-key=\"69e294daaa341\" class=\"aligncenter size-large is-resized has-lightbox wp-lightbox-container\"><img loading=\"lazy\" decoding=\"async\" width=\"1432\" height=\"1200\" data-wp-class--hide=\"state.isContentHidden\" data-wp-class--show=\"state.isContentVisible\" data-wp-init=\"callbacks.setButtonStyles\" data-wp-on--click=\"actions.showLightbox\" data-wp-on--load=\"callbacks.setButtonStyles\" data-wp-on-window--resize=\"callbacks.setButtonStyles\" src=\"https:\/\/haulet.be\/gen\/wp-content\/uploads\/2023\/12\/Acte-naissance-Henri-Guillaume-Marie-Magis-1432x1200.jpg\" alt=\"\" class=\"wp-image-7517\" style=\"width:606px;height:auto\" srcset=\"https:\/\/haulet.be\/gen\/wp-content\/uploads\/2023\/12\/Acte-naissance-Henri-Guillaume-Marie-Magis-1432x1200.jpg 1432w, https:\/\/haulet.be\/gen\/wp-content\/uploads\/2023\/12\/Acte-naissance-Henri-Guillaume-Marie-Magis-300x251.jpg 300w, https:\/\/haulet.be\/gen\/wp-content\/uploads\/2023\/12\/Acte-naissance-Henri-Guillaume-Marie-Magis-768x643.jpg 768w, https:\/\/haulet.be\/gen\/wp-content\/uploads\/2023\/12\/Acte-naissance-Henri-Guillaume-Marie-Magis.jpg 1498w\" sizes=\"auto, (max-width: 1432px) 100vw, 1432px\" \/><button\n\t\t\tclass=\"lightbox-trigger\"\n\t\t\ttype=\"button\"\n\t\t\taria-haspopup=\"dialog\"\n\t\t\taria-label=\"Agrandir\"\n\t\t\tdata-wp-init=\"callbacks.initTriggerButton\"\n\t\t\tdata-wp-on--click=\"actions.showLightbox\"\n\t\t\tdata-wp-style--right=\"state.imageButtonRight\"\n\t\t\tdata-wp-style--top=\"state.imageButtonTop\"\n\t\t>\n\t\t\t<svg xmlns=\"http:\/\/www.w3.org\/2000\/svg\" width=\"12\" height=\"12\" fill=\"none\" viewBox=\"0 0 12 12\">\n\t\t\t\t<path fill=\"#fff\" d=\"M2 0a2 2 0 0 0-2 2v2h1.5V2a.5.5 0 0 1 .5-.5h2V0H2Zm2 10.5H2a.5.5 0 0 1-.5-.5V8H0v2a2 2 0 0 0 2 2h2v-1.5ZM8 12v-1.5h2a.5.5 0 0 0 .5-.5V8H12v2a2 2 0 0 1-2 2H8Zm2-12a2 2 0 0 1 2 2v2h-1.5V2a.5.5 0 0 0-.5-.5H8V0h2Z\" \/>\n\t\t\t<\/svg>\n\t\t<\/button><\/figure>\n<\/div>\n\n\n<div style=\"height:22px\" aria-hidden=\"true\" class=\"wp-block-spacer\"><\/div>\n\n\n\n<p>En effet, Jean Pierre Guillaume et Marie Jos\u00e8phe ne se sont mari\u00e9s civilement que le 20 niv\u00f4se an XI (10 janvier 1803). A noter, et cela va avoir son importance, qu&rsquo;il s&rsquo;\u00e9taient auparavant mari\u00e9s religieusement le 13 juin 1799.<\/p>\n\n\n<div class=\"wp-block-image\">\n<figure data-wp-context=\"{&quot;imageId&quot;:&quot;69e294daaa957&quot;}\" data-wp-interactive=\"core\/image\" data-wp-key=\"69e294daaa957\" class=\"aligncenter size-large is-resized has-lightbox wp-lightbox-container\"><img loading=\"lazy\" decoding=\"async\" width=\"602\" height=\"1200\" data-wp-class--hide=\"state.isContentHidden\" data-wp-class--show=\"state.isContentVisible\" data-wp-init=\"callbacks.setButtonStyles\" data-wp-on--click=\"actions.showLightbox\" data-wp-on--load=\"callbacks.setButtonStyles\" data-wp-on-window--resize=\"callbacks.setButtonStyles\" src=\"https:\/\/haulet.be\/gen\/wp-content\/uploads\/2023\/12\/Acte-de-Mariage-Jean-Pierre-Guillaume-Magis-et-Marie-Francoise-Moulan-1500-602x1200.jpg\" alt=\"\" class=\"wp-image-7524\" style=\"width:608px;height:auto\" srcset=\"https:\/\/haulet.be\/gen\/wp-content\/uploads\/2023\/12\/Acte-de-Mariage-Jean-Pierre-Guillaume-Magis-et-Marie-Francoise-Moulan-1500-602x1200.jpg 602w, https:\/\/haulet.be\/gen\/wp-content\/uploads\/2023\/12\/Acte-de-Mariage-Jean-Pierre-Guillaume-Magis-et-Marie-Francoise-Moulan-1500-150x300.jpg 150w, https:\/\/haulet.be\/gen\/wp-content\/uploads\/2023\/12\/Acte-de-Mariage-Jean-Pierre-Guillaume-Magis-et-Marie-Francoise-Moulan-1500-768x1531.jpg 768w, https:\/\/haulet.be\/gen\/wp-content\/uploads\/2023\/12\/Acte-de-Mariage-Jean-Pierre-Guillaume-Magis-et-Marie-Francoise-Moulan-1500-770x1536.jpg 770w, https:\/\/haulet.be\/gen\/wp-content\/uploads\/2023\/12\/Acte-de-Mariage-Jean-Pierre-Guillaume-Magis-et-Marie-Francoise-Moulan-1500-1027x2048.jpg 1027w, https:\/\/haulet.be\/gen\/wp-content\/uploads\/2023\/12\/Acte-de-Mariage-Jean-Pierre-Guillaume-Magis-et-Marie-Francoise-Moulan-1500-scaled.jpg 1284w\" sizes=\"auto, (max-width: 602px) 100vw, 602px\" \/><button\n\t\t\tclass=\"lightbox-trigger\"\n\t\t\ttype=\"button\"\n\t\t\taria-haspopup=\"dialog\"\n\t\t\taria-label=\"Agrandir\"\n\t\t\tdata-wp-init=\"callbacks.initTriggerButton\"\n\t\t\tdata-wp-on--click=\"actions.showLightbox\"\n\t\t\tdata-wp-style--right=\"state.imageButtonRight\"\n\t\t\tdata-wp-style--top=\"state.imageButtonTop\"\n\t\t>\n\t\t\t<svg xmlns=\"http:\/\/www.w3.org\/2000\/svg\" width=\"12\" height=\"12\" fill=\"none\" viewBox=\"0 0 12 12\">\n\t\t\t\t<path fill=\"#fff\" d=\"M2 0a2 2 0 0 0-2 2v2h1.5V2a.5.5 0 0 1 .5-.5h2V0H2Zm2 10.5H2a.5.5 0 0 1-.5-.5V8H0v2a2 2 0 0 0 2 2h2v-1.5ZM8 12v-1.5h2a.5.5 0 0 0 .5-.5V8H12v2a2 2 0 0 1-2 2H8Zm2-12a2 2 0 0 1 2 2v2h-1.5V2a.5.5 0 0 0-.5-.5H8V0h2Z\" \/>\n\t\t\t<\/svg>\n\t\t<\/button><\/figure>\n<\/div>\n\n\n<div style=\"height:22px\" aria-hidden=\"true\" class=\"wp-block-spacer\"><\/div>\n\n\n\n<p>On observera que, dans cet acte de mariage, notre Henri Guillaume est cit\u00e9 comme fils des mari\u00e9s.<\/p>\n\n\n\n<p>Cet imbroglio sera r\u00e9tabli officiellement par une reconnaissance dudit Henri Guillaume par ses parents, par une inscription \u00e0 l&rsquo;\u00e9tat-civil en date du 6 janvier 1810.<\/p>\n\n\n<div class=\"wp-block-image\">\n<figure data-wp-context=\"{&quot;imageId&quot;:&quot;69e294daaaf21&quot;}\" data-wp-interactive=\"core\/image\" data-wp-key=\"69e294daaaf21\" class=\"aligncenter size-full is-resized has-lightbox wp-lightbox-container\"><img loading=\"lazy\" decoding=\"async\" width=\"1000\" height=\"717\" data-wp-class--hide=\"state.isContentHidden\" data-wp-class--show=\"state.isContentVisible\" data-wp-init=\"callbacks.setButtonStyles\" data-wp-on--click=\"actions.showLightbox\" data-wp-on--load=\"callbacks.setButtonStyles\" data-wp-on-window--resize=\"callbacks.setButtonStyles\" src=\"https:\/\/haulet.be\/gen\/wp-content\/uploads\/2023\/12\/Reconnaissance-Henri-Guillaume-MAgis.jpg\" alt=\"\" class=\"wp-image-7519\" style=\"width:610px;height:auto\" srcset=\"https:\/\/haulet.be\/gen\/wp-content\/uploads\/2023\/12\/Reconnaissance-Henri-Guillaume-MAgis.jpg 1000w, https:\/\/haulet.be\/gen\/wp-content\/uploads\/2023\/12\/Reconnaissance-Henri-Guillaume-MAgis-300x215.jpg 300w, https:\/\/haulet.be\/gen\/wp-content\/uploads\/2023\/12\/Reconnaissance-Henri-Guillaume-MAgis-768x551.jpg 768w\" sizes=\"auto, (max-width: 1000px) 100vw, 1000px\" \/><button\n\t\t\tclass=\"lightbox-trigger\"\n\t\t\ttype=\"button\"\n\t\t\taria-haspopup=\"dialog\"\n\t\t\taria-label=\"Agrandir\"\n\t\t\tdata-wp-init=\"callbacks.initTriggerButton\"\n\t\t\tdata-wp-on--click=\"actions.showLightbox\"\n\t\t\tdata-wp-style--right=\"state.imageButtonRight\"\n\t\t\tdata-wp-style--top=\"state.imageButtonTop\"\n\t\t>\n\t\t\t<svg xmlns=\"http:\/\/www.w3.org\/2000\/svg\" width=\"12\" height=\"12\" fill=\"none\" viewBox=\"0 0 12 12\">\n\t\t\t\t<path fill=\"#fff\" d=\"M2 0a2 2 0 0 0-2 2v2h1.5V2a.5.5 0 0 1 .5-.5h2V0H2Zm2 10.5H2a.5.5 0 0 1-.5-.5V8H0v2a2 2 0 0 0 2 2h2v-1.5ZM8 12v-1.5h2a.5.5 0 0 0 .5-.5V8H12v2a2 2 0 0 1-2 2H8Zm2-12a2 2 0 0 1 2 2v2h-1.5V2a.5.5 0 0 0-.5-.5H8V0h2Z\" \/>\n\t\t\t<\/svg>\n\t\t<\/button><\/figure>\n<\/div>\n\n\n<div style=\"height:21px\" aria-hidden=\"true\" class=\"wp-block-spacer\"><\/div>\n\n\n\n<p>On peut s&rsquo;\u00e9tonner de tout cela de la part du p\u00e8re, Jean Pierre Guillaume, qui \u00e9tait bel et bien \u00ab\u00a0homme de loi\u00a0\u00bb !<br>Il s&rsquo;en expliquera dans un \u00e9crit \u00e0 l&rsquo;intention particuli\u00e8re de son fils dans lequel il explique ne pas s&rsquo;\u00eatre mari\u00e9 civilement parce qu&rsquo;il avait de la \u00ab\u00a0<em>peine \u00e0 se soumettre \u00e0 la loi (de la R\u00e9publique Fran\u00e7aise), faisant partie de ceux qui tenaient \u00e0 leur Prince et leurs anciennes coutumes et, comme les parents du c\u00f4t\u00e9 de ma femme tenaient aux anciens usages, pour ne pas leur d\u00e9plaire, nous ne nous avons pas mari\u00e9 \u00e0 la municipalit<\/em>\u00e9\u00a0\u00bb. <br>Il pr\u00e9cise qu&rsquo;il y a bien eu mariage religieux nonobstant la situation civile et, cerise sur le g\u00e2teau, d\u00e9clare qu&rsquo;<em> \u00ab\u00a0il est bon que notre fils sache qu&rsquo;il est n\u00e9 l\u00e9gitimement d&rsquo;apr\u00e8s notre religion et notre m\u00e8re la Sainte Eglis<\/em>e\u00a0\u00bb.<\/p>\n\n\n<div class=\"wp-block-image\">\n<figure data-wp-context=\"{&quot;imageId&quot;:&quot;69e294daab423&quot;}\" data-wp-interactive=\"core\/image\" data-wp-key=\"69e294daab423\" class=\"aligncenter size-large is-resized has-lightbox wp-lightbox-container\"><img loading=\"lazy\" decoding=\"async\" width=\"672\" height=\"1200\" data-wp-class--hide=\"state.isContentHidden\" data-wp-class--show=\"state.isContentVisible\" data-wp-init=\"callbacks.setButtonStyles\" data-wp-on--click=\"actions.showLightbox\" data-wp-on--load=\"callbacks.setButtonStyles\" data-wp-on-window--resize=\"callbacks.setButtonStyles\" src=\"https:\/\/haulet.be\/gen\/wp-content\/uploads\/2023\/12\/Explication-pourquoi-Henri-Guillaume-est-enfant-naturel-1-672x1200.jpg\" alt=\"\" class=\"wp-image-7518\" style=\"width:612px;height:auto\" srcset=\"https:\/\/haulet.be\/gen\/wp-content\/uploads\/2023\/12\/Explication-pourquoi-Henri-Guillaume-est-enfant-naturel-1-672x1200.jpg 672w, https:\/\/haulet.be\/gen\/wp-content\/uploads\/2023\/12\/Explication-pourquoi-Henri-Guillaume-est-enfant-naturel-1-168x300.jpg 168w, https:\/\/haulet.be\/gen\/wp-content\/uploads\/2023\/12\/Explication-pourquoi-Henri-Guillaume-est-enfant-naturel-1-768x1371.jpg 768w, https:\/\/haulet.be\/gen\/wp-content\/uploads\/2023\/12\/Explication-pourquoi-Henri-Guillaume-est-enfant-naturel-1-861x1536.jpg 861w, https:\/\/haulet.be\/gen\/wp-content\/uploads\/2023\/12\/Explication-pourquoi-Henri-Guillaume-est-enfant-naturel-1.jpg 1000w\" sizes=\"auto, (max-width: 672px) 100vw, 672px\" \/><button\n\t\t\tclass=\"lightbox-trigger\"\n\t\t\ttype=\"button\"\n\t\t\taria-haspopup=\"dialog\"\n\t\t\taria-label=\"Agrandir\"\n\t\t\tdata-wp-init=\"callbacks.initTriggerButton\"\n\t\t\tdata-wp-on--click=\"actions.showLightbox\"\n\t\t\tdata-wp-style--right=\"state.imageButtonRight\"\n\t\t\tdata-wp-style--top=\"state.imageButtonTop\"\n\t\t>\n\t\t\t<svg xmlns=\"http:\/\/www.w3.org\/2000\/svg\" width=\"12\" height=\"12\" fill=\"none\" viewBox=\"0 0 12 12\">\n\t\t\t\t<path fill=\"#fff\" d=\"M2 0a2 2 0 0 0-2 2v2h1.5V2a.5.5 0 0 1 .5-.5h2V0H2Zm2 10.5H2a.5.5 0 0 1-.5-.5V8H0v2a2 2 0 0 0 2 2h2v-1.5ZM8 12v-1.5h2a.5.5 0 0 0 .5-.5V8H12v2a2 2 0 0 1-2 2H8Zm2-12a2 2 0 0 1 2 2v2h-1.5V2a.5.5 0 0 0-.5-.5H8V0h2Z\" \/>\n\t\t\t<\/svg>\n\t\t<\/button><\/figure>\n<\/div>\n\n\n<div style=\"height:24px\" aria-hidden=\"true\" class=\"wp-block-spacer\"><\/div>\n\n\n\n<hr class=\"wp-block-separator has-alpha-channel-opacity is-style-wide\"\/>\n\n\n\n<div style=\"height:24px\" aria-hidden=\"true\" class=\"wp-block-spacer\"><\/div>\n\n\n\n<h2 class=\"wp-block-heading\">\u2022 2 &#8211; Jean-Fran\u00e7ois de MAGIS &#8211; Pourquoi a t&rsquo;il \u00e9t\u00e9 annobli ?<\/h2>\n\n\n\n<p>Il ne vous aura pas \u00e9chapp\u00e9 que, dans la famille Magis, cinq individus arborent le patronyme <strong>\u00ab\u00a0de Magis\u00a0\u00bb<\/strong>.<br>Il s&rsquo;agit de deux des enfants de Pyrson Magis (1647-1702) : Jean Fran\u00e7ois de Magis (1680), et ses 4 enfants : Charles Louis, Cl\u00e9mentine, Evrard et Gisbert et Juste Ferdinand de Magis (1689).<\/p>\n\n\n\n<p>Une explication a \u00e9t\u00e9 fournie par les Archives de l&rsquo;Etat \u00e0 Li\u00e8ge \u00e0 la demande de Fernand Magis en novembre 1954. C&rsquo;est la transcription certifi\u00e9e d&rsquo;une recommandation du Conseil Priv\u00e9 du Prince-Ev\u00e8que de Li\u00e8ge (de 1724 \u00e0 1792),  <span class=\"sg-popup-hover-7554\">  <font color=\"#00FF00\"> Cesar de Hoensbroeck <\/font> <\/span>, vidim\u00e9e par celui-ci et contresign\u00e9e \u00ab\u00a0de Chestret\u00a0\u00bb. Celle-ci a \u00e9t\u00e9 \u00e9tablie \u00e0 la demande des 3 fr\u00e8res, \u00ab\u00a0<em>de leur accorder nos lettres de certificat sur leur extraction et famille et voulant rendre justice \u00e0 la v\u00e9rit\u00e9 et prot\u00e9ger ceux de nos sujets qui le m\u00e9riten<\/em>t\u00a0\u00bb :<br>&#8211; Jean Pierre Gisbert, conseil aux Etats G\u00e9n\u00e9raux \u00e0 La Haye<br>&#8211; Charles Louis, conseiller de l\u00e9gation \u00e0 la diette de l&rsquo;Empire \u00e0 Ratisbonne<br>&#8211; Evrard Isidore, Chanoine de la Coll\u00e9giale de Saint-Pierre \u00e0 Li\u00e8ge<br>Le document fait \u00e9tat \u00ab\u00a0<em>des t\u00e9moignages tr\u00e8s favorables de ladite famille de Magis\u00a0\u00bb et souligne qu&rsquo;au surplus, \u00ab\u00a0Jean Fran\u00e7ois de Magis, leur p\u00e8re, en son vivant Grand Bailli d&rsquo;Amercoeur et Conseiller r\u00e9sidant \u00e0 La Haye de feu Son Altesse S\u00e9r\u00e9nissime Electorale <span class=\"sg-popup-hover-7545\"> <font color=\"#00FF00\"> Joseph Cl\u00e9ment de Bavi\u00e8re <\/font> <\/span> , notre pr\u00e9d\u00e9cesseur, ensuite Premier Ministre de feu Son Altesse S\u00e9r\u00e9nissime l&rsquo;Electeur de Cologne Cl\u00e9ment Auguste de Bavi\u00e8re, et gouverneur de Siegen; en apr\u00e8s attach\u00e9 au service de Sa Majest\u00e9 Imp\u00e9riale Charles VII, de glorieuse m\u00e9moire, en qualit\u00e9 de conseiller aulique des guerres etc&#8230;, a toujours \u00e9t\u00e9 r\u00e9put\u00e9 et consid\u00e9r\u00e9 pour noble ayant joui des pr\u00e9rogatives, distinctions et avantages qui competent aux annobli<\/em>s\u00a0\u00bb.<br>Les hautes fonctions exerc\u00e9es ont donc \u00e9t\u00e9 accompagn\u00e9es par l&rsquo;adjonction d&rsquo;un \u00ab\u00a0petit de\u00a0\u00bb au patronyme. <br>Reste \u00e0 d\u00e9nicher les actes motivant et sanctionnant cette \u00e9l\u00e9vation sociale !..<br><\/p>\n\n\n\n<p class=\"has-text-align-center\"><\/p>\n\n\n\n<div\n    class='wp-block-pdfp-pdf-poster  alignnone'\n    id='block-2'\n    data-attributes='{&quot;uniqueId&quot;:&quot;pdfp1&quot;,&quot;file&quot;:&quot;https:\\\/\\\/haulet.be\\\/gen\\\/wp-content\\\/uploads\\\/2023\\\/12\\\/Magis-Jean-Francois-Reconnaissance-de-noblesse.pdf&quot;,&quot;title&quot;:&quot;&quot;,&quot;height&quot;:&quot;1000px&quot;,&quot;width&quot;:&quot;100%&quot;,&quot;print&quot;:true,&quot;fullscreenButton&quot;:true,&quot;newWindow&quot;:false,&quot;showName&quot;:false,&quot;downloadButton&quot;:false,&quot;downloadButtonText&quot;:&quot;Download File&quot;,&quot;protect&quot;:false,&quot;onlyPDF&quot;:false,&quot;defaultBrowser&quot;:false,&quot;thumbMenu&quot;:false,&quot;sidebarOpen&quot;:false,&quot;lastVersion&quot;:false,&quot;hrScroll&quot;:false,&quot;alert&quot;:true,&quot;btnStyles&quot;:{&quot;background&quot;:&quot;#1e73be&quot;,&quot;color&quot;:&quot;#fff&quot;,&quot;fontSize&quot;:&quot;1rem&quot;,&quot;padding&quot;:{&quot;top&quot;:10,&quot;right&quot;:20,&quot;bottom&quot;:10,&quot;left&quot;:10}},&quot;popupOptions&quot;:{&quot;enabled&quot;:0,&quot;text&quot;:&quot;Open PDF&quot;,&quot;triggerType&quot;:&quot;button&quot;,&quot;image&quot;:&quot;&quot;,&quot;imageHeight&quot;:&quot;200px&quot;,&quot;imageWidth&quot;:&quot;300px&quot;,&quot;imagePdfIcon&quot;:true,&quot;triggerAlignment&quot;:&quot;center&quot;,&quot;btnStyle&quot;:{&quot;background&quot;:&quot;#1e73be&quot;,&quot;color&quot;:&quot;#fff&quot;,&quot;fontSize&quot;:&quot;1rem&quot;,&quot;padding&quot;:{&quot;top&quot;:10,&quot;right&quot;:20,&quot;bottom&quot;:10,&quot;left&quot;:10}}},&quot;actionsPosition&quot;:&quot;top&quot;,&quot;socialShare&quot;:{&quot;enabled&quot;:false,&quot;facebook&quot;:false,&quot;twitter&quot;:false,&quot;linkedin&quot;:false,&quot;pinterest&quot;:false,&quot;position&quot;:&quot;top&quot;},&quot;adobeEmbedder&quot;:false,&quot;align&quot;:&quot;none&quot;,&quot;alignment&quot;:&quot;left&quot;,&quot;titleFontSize&quot;:&quot;16px&quot;,&quot;fullscreenButtonText&quot;:&quot;View Fullscreen&quot;,&quot;initialPage&quot;:0,&quot;isHideRightToolbar&quot;:false,&quot;additional&quot;:{&quot;ID&quot;:&quot;&quot;,&quot;Class&quot;:&quot;&quot;,&quot;CSS&quot;:&quot;&quot;},&quot;adobeOptions&quot;:{&quot;showDownloadPDF&quot;:true,&quot;showPrintPDF&quot;:true,&quot;showAnnotationTools&quot;:true,&quot;showFullScreen&quot;:false,&quot;embedMode&quot;:&quot;SIZED_CONTAINER&quot;},&quot;popupBtnStyle&quot;:{&quot;background&quot;:&quot;#2271b1&quot;,&quot;color&quot;:&quot;#fff&quot;,&quot;padding&quot;:{&quot;top&quot;:10,&quot;right&quot;:20,&quot;bottom&quot;:10,&quot;left&quot;:10}},&quot;popupBtnText&quot;:&quot;Open Document&quot;,&quot;CSS&quot;:&quot;&quot;,&quot;isPremium&quot;:false}'\n    style=\"text-align: left\">\n    \n        <iframe loading=\"lazy\" title=\"\" style=\"border:0;\" width=\"100%\" height=\"800px\" class=\"pdfp_unsupported_frame\" src=\"\/\/docs.google.com\/gview?embedded=true&url=https:\/\/haulet.be\/gen\/wp-content\/uploads\/2023\/12\/Magis-Jean-Francois-Reconnaissance-de-noblesse.pdf\"><\/iframe>\n\n    <\/div>\n\n\n\n\n<div style=\"height:21px\" aria-hidden=\"true\" class=\"wp-block-spacer\"><\/div>\n\n\n\n<hr class=\"wp-block-separator has-alpha-channel-opacity is-style-wide\"\/>\n\n\n\n<h2 class=\"wp-block-heading\">\u2022 3 &#8211; Les aventures d&rsquo;Arnold-Denis Magis (1771-1853)<\/h2>\n\n\n\n<p>C&rsquo;est en furetant lors de la foire au livre du Kiwanis que Philippe est tomb\u00e9 sur un \u00ab\u00a0Recueil G\u00e9n\u00e9alogique et H\u00e9raldique 1981\u00a0\u00bb pr\u00e9sentant un article de 8 pages rapportant \u00ab\u00a0<strong>les aventures d&rsquo;Arnold-Denis Magis<\/strong>\u00a0\u00bb r\u00e9dig\u00e9 par Pierre Baar fils de Louise Juliette Magis (d\u00e9c\u00e9d\u00e9e en 1959).<br><br>Voici, in extenso, afin de satisfaire votre insatiable curiosit\u00e9, comment un vaillant homme d&rsquo;armes li\u00e8geois termine sa vie \u00e0 Padoue  :<\/p>\n\n\n\n<div style=\"height:25px\" aria-hidden=\"true\" class=\"wp-block-spacer\"><\/div>\n\n\n\n<div\n    class='wp-block-pdfp-pdf-poster  alignnone'\n    id='block-4'\n    data-attributes='{&quot;uniqueId&quot;:&quot;pdfp3&quot;,&quot;file&quot;:&quot;https:\\\/\\\/haulet.be\\\/gen\\\/wp-content\\\/uploads\\\/2023\\\/12\\\/Arnold-Denis-Magis-1771-1853-P.-Baar.pdf&quot;,&quot;title&quot;:&quot;Aventures Arnold Denis Magis &#8211; P. BAAR&quot;,&quot;height&quot;:&quot;1000px&quot;,&quot;width&quot;:&quot;100%&quot;,&quot;print&quot;:true,&quot;fullscreenButton&quot;:true,&quot;newWindow&quot;:false,&quot;showName&quot;:false,&quot;downloadButton&quot;:false,&quot;downloadButtonText&quot;:&quot;Download File&quot;,&quot;protect&quot;:false,&quot;onlyPDF&quot;:false,&quot;defaultBrowser&quot;:false,&quot;thumbMenu&quot;:false,&quot;sidebarOpen&quot;:false,&quot;lastVersion&quot;:false,&quot;hrScroll&quot;:false,&quot;alert&quot;:true,&quot;btnStyles&quot;:{&quot;background&quot;:&quot;#1e73be&quot;,&quot;color&quot;:&quot;#fff&quot;,&quot;fontSize&quot;:&quot;1rem&quot;,&quot;padding&quot;:{&quot;top&quot;:10,&quot;right&quot;:20,&quot;bottom&quot;:10,&quot;left&quot;:10}},&quot;popupOptions&quot;:{&quot;enabled&quot;:0,&quot;text&quot;:&quot;Open PDF&quot;,&quot;triggerType&quot;:&quot;button&quot;,&quot;image&quot;:&quot;&quot;,&quot;imageHeight&quot;:&quot;200px&quot;,&quot;imageWidth&quot;:&quot;300px&quot;,&quot;imagePdfIcon&quot;:true,&quot;triggerAlignment&quot;:&quot;center&quot;,&quot;btnStyle&quot;:{&quot;background&quot;:&quot;#1e73be&quot;,&quot;color&quot;:&quot;#fff&quot;,&quot;fontSize&quot;:&quot;1rem&quot;,&quot;padding&quot;:{&quot;top&quot;:10,&quot;right&quot;:20,&quot;bottom&quot;:10,&quot;left&quot;:10}}},&quot;actionsPosition&quot;:&quot;top&quot;,&quot;socialShare&quot;:{&quot;enabled&quot;:false,&quot;facebook&quot;:false,&quot;twitter&quot;:false,&quot;linkedin&quot;:false,&quot;pinterest&quot;:false,&quot;position&quot;:&quot;top&quot;},&quot;adobeEmbedder&quot;:false,&quot;align&quot;:&quot;none&quot;,&quot;alignment&quot;:&quot;left&quot;,&quot;titleFontSize&quot;:&quot;16px&quot;,&quot;fullscreenButtonText&quot;:&quot;View Fullscreen&quot;,&quot;initialPage&quot;:0,&quot;isHideRightToolbar&quot;:false,&quot;additional&quot;:{&quot;ID&quot;:&quot;&quot;,&quot;Class&quot;:&quot;&quot;,&quot;CSS&quot;:&quot;&quot;},&quot;adobeOptions&quot;:{&quot;showDownloadPDF&quot;:true,&quot;showPrintPDF&quot;:true,&quot;showAnnotationTools&quot;:true,&quot;showFullScreen&quot;:false,&quot;embedMode&quot;:&quot;SIZED_CONTAINER&quot;},&quot;popupBtnStyle&quot;:{&quot;background&quot;:&quot;#2271b1&quot;,&quot;color&quot;:&quot;#fff&quot;,&quot;padding&quot;:{&quot;top&quot;:10,&quot;right&quot;:20,&quot;bottom&quot;:10,&quot;left&quot;:10}},&quot;popupBtnText&quot;:&quot;Open Document&quot;,&quot;CSS&quot;:&quot;&quot;,&quot;isPremium&quot;:false}'\n    style=\"text-align: left\">\n    \n        <iframe loading=\"lazy\" title=\"Aventures Arnold Denis Magis &#8211; P. BAAR\" style=\"border:0;\" width=\"100%\" height=\"800px\" class=\"pdfp_unsupported_frame\" src=\"\/\/docs.google.com\/gview?embedded=true&url=https:\/\/haulet.be\/gen\/wp-content\/uploads\/2023\/12\/Arnold-Denis-Magis-1771-1853-P.-Baar.pdf\"><\/iframe>\n\n    <\/div>\n\n\n\n\n<div style=\"height:22px\" aria-hidden=\"true\" class=\"wp-block-spacer\"><\/div>\n\n\n\n<hr class=\"wp-block-separator has-alpha-channel-opacity is-style-wide\"\/>\n","protected":false},"excerpt":{"rendered":"<p>Nous \u00e9tions en possession d&rsquo;un tas de documents \u00e9manant des archives de son p\u00e8re Henri Delr\u00e9e, que Vincent nous avait remis; son papa avait \u00e9t\u00e9 d\u00e9positaire des papiers de Fernand Magis (oncle par alliance de Henri et beau-fr\u00e8re de L\u00e9on F\u00e9lix Haulet).Tandis que Philippe d\u00e9cryptait la grosse liasse \u00ab\u00a0Magis\u00a0\u00bb afin d&rsquo;\u00e9tablir un arbre g\u00e9n\u00e9alogique, Charles [&hellip;]<\/p>\n","protected":false},"author":6,"featured_media":0,"parent":0,"menu_order":0,"comment_status":"open","ping_status":"closed","template":"template-full-width.php","meta":{"_coblocks_attr":"","_coblocks_dimensions":"","_coblocks_responsive_height":"","_coblocks_accordion_ie_support":"","footnotes":""},"class_list":["post-7515","page","type-page","status-publish","hentry"],"_links":{"self":[{"href":"https:\/\/haulet.be\/gen\/wp-json\/wp\/v2\/pages\/7515","targetHints":{"allow":["GET"]}}],"collection":[{"href":"https:\/\/haulet.be\/gen\/wp-json\/wp\/v2\/pages"}],"about":[{"href":"https:\/\/haulet.be\/gen\/wp-json\/wp\/v2\/types\/page"}],"author":[{"embeddable":true,"href":"https:\/\/haulet.be\/gen\/wp-json\/wp\/v2\/users\/6"}],"replies":[{"embeddable":true,"href":"https:\/\/haulet.be\/gen\/wp-json\/wp\/v2\/comments?post=7515"}],"version-history":[{"count":0,"href":"https:\/\/haulet.be\/gen\/wp-json\/wp\/v2\/pages\/7515\/revisions"}],"wp:attachment":[{"href":"https:\/\/haulet.be\/gen\/wp-json\/wp\/v2\/media?parent=7515"}],"curies":[{"name":"wp","href":"https:\/\/api.w.org\/{rel}","templated":true}]}}