{"id":7808,"date":"2024-01-01T05:00:00","date_gmt":"2024-01-01T04:00:00","guid":{"rendered":"https:\/\/haulet.be\/gen\/?page_id=7808"},"modified":"2023-12-24T12:15:12","modified_gmt":"2023-12-24T11:15:12","slug":"jeu-des-7-erreurs-leon-felix-a-lancaster","status":"publish","type":"page","link":"https:\/\/haulet.be\/gen\/jeu-des-7-erreurs-leon-felix-a-lancaster\/","title":{"rendered":"Jeu des 7 erreurs &#8211; L\u00e9on-F\u00e9lix \u00e0 Lancaster (1917)"},"content":{"rendered":"\n<hr class=\"wp-block-separator has-alpha-channel-opacity is-style-wide\"\/>\n\n\n\n<div style=\"height:28px\" aria-hidden=\"true\" class=\"wp-block-spacer\"><\/div>\n\n\n\n<p class=\"has-text-align-center has-luminous-vivid-amber-color has-text-color has-link-color wp-elements-f0708851f54ed692759a94e5cfa19542\" style=\"font-size:21px\">Trouvez les 7 erreurs entre les deux photos ci-dessous !<\/p>\n\n\n\n<figure class=\"wp-block-image size-full\"><img loading=\"lazy\" decoding=\"async\" width=\"1202\" height=\"899\" src=\"https:\/\/haulet.be\/gen\/wp-content\/uploads\/2023\/12\/presentation-7-erreurs.jpg\" alt=\"\" class=\"wp-image-7813\" srcset=\"https:\/\/haulet.be\/gen\/wp-content\/uploads\/2023\/12\/presentation-7-erreurs.jpg 1202w, https:\/\/haulet.be\/gen\/wp-content\/uploads\/2023\/12\/presentation-7-erreurs-300x224.jpg 300w, https:\/\/haulet.be\/gen\/wp-content\/uploads\/2023\/12\/presentation-7-erreurs-768x574.jpg 768w\" sizes=\"auto, (max-width: 1202px) 100vw, 1202px\" \/><\/figure>\n\n\n\n<div style=\"height:47px\" aria-hidden=\"true\" class=\"wp-block-spacer\"><\/div>\n\n\n\n<p class=\"has-text-align-center\">Pour voir la solution,  <span class=\"sg-popup-hover-7817\">  <font color=\"#00FF00\">cliquez-moi <\/font> <\/span> !<\/p>\n\n\n\n<hr class=\"wp-block-separator has-alpha-channel-opacity is-style-wide\"\/>\n","protected":false},"excerpt":{"rendered":"<p>Trouvez les 7 erreurs entre les deux photos ci-dessous ! Pour voir la solution, cliquez-moi !<\/p>\n","protected":false},"author":1,"featured_media":0,"parent":0,"menu_order":0,"comment_status":"open","ping_status":"closed","template":"template-full-width.php","meta":{"_coblocks_attr":"","_coblocks_dimensions":"","_coblocks_responsive_height":"","_coblocks_accordion_ie_support":"","footnotes":""},"class_list":["post-7808","page","type-page","status-publish","hentry"],"_links":{"self":[{"href":"https:\/\/haulet.be\/gen\/wp-json\/wp\/v2\/pages\/7808","targetHints":{"allow":["GET"]}}],"collection":[{"href":"https:\/\/haulet.be\/gen\/wp-json\/wp\/v2\/pages"}],"about":[{"href":"https:\/\/haulet.be\/gen\/wp-json\/wp\/v2\/types\/page"}],"author":[{"embeddable":true,"href":"https:\/\/haulet.be\/gen\/wp-json\/wp\/v2\/users\/1"}],"replies":[{"embeddable":true,"href":"https:\/\/haulet.be\/gen\/wp-json\/wp\/v2\/comments?post=7808"}],"version-history":[{"count":0,"href":"https:\/\/haulet.be\/gen\/wp-json\/wp\/v2\/pages\/7808\/revisions"}],"wp:attachment":[{"href":"https:\/\/haulet.be\/gen\/wp-json\/wp\/v2\/media?parent=7808"}],"curies":[{"name":"wp","href":"https:\/\/api.w.org\/{rel}","templated":true}]}}