{"id":8122,"date":"2025-03-01T17:10:35","date_gmt":"2025-03-01T16:10:35","guid":{"rendered":"https:\/\/haulet.be\/gen\/?page_id=8122"},"modified":"2025-03-03T17:11:49","modified_gmt":"2025-03-03T16:11:49","slug":"stop-ou-encore","status":"publish","type":"page","link":"https:\/\/haulet.be\/gen\/stop-ou-encore\/","title":{"rendered":"Stop ou encore ?"},"content":{"rendered":"\n<script>(function(d, s, id) { var js, pjs = d.getElementsByTagName(s)[0]; if (d.getElementById(id)) return; js = d.createElement(s); js.id = id; js.src = \"\/\/www.tickcounter.com\/static\/js\/loader.js\"; pjs.parentNode.insertBefore(js, pjs); }(document, \"script\", \"tickcounter-sdk\"));<\/script><a data-type=\"countdown\" data-id=\"6771886\" class=\"tickcounter\" style=\"display:block; left:0; width:75%; height:0; position:relative; padding-bottom:12%; margin:0 auto;\" title=\"il ne reste plus que\" href=\"\/\/www.tickcounter.com\/\">il ne reste plus que<\/a>\n\n\n\n<div style=\"height:20px\" aria-hidden=\"true\" class=\"wp-block-spacer\"><\/div>\n\n\n\n<p class=\"has-text-align-center\" style=\"font-size:20px\">avant la date d&rsquo;\u00e9ch\u00e9ance du renouvellement de l&rsquo;h\u00e9bergement du site&#8230;<\/p>\n\n\n\n<div style=\"height:17px\" aria-hidden=\"true\" class=\"wp-block-spacer\"><\/div>\n\n\n\n<hr class=\"wp-block-separator has-alpha-channel-opacity is-style-wide\"\/>\n\n\n\n<div style=\"height:33px\" aria-hidden=\"true\" class=\"wp-block-spacer\"><\/div>\n\n\n\n<p class=\"has-text-align-center has-pale-cyan-blue-color has-text-color has-link-color wp-elements-9e417f54e68f0621be64cc8bd8b1e553\" style=\"font-size:22px\">A quelques jours du renouvellement ou pas de l&rsquo;h\u00e9bergement du site de la g\u00e9n\u00e9alogie de la famille Haulet-Magis, il est opportun de s&rsquo;interroger s\u00e9rieusement sur son avenir !<\/p>\n\n\n\n<div style=\"height:28px\" aria-hidden=\"true\" class=\"wp-block-spacer\"><\/div>\n\n\n\n<hr class=\"wp-block-separator has-alpha-channel-opacity\"\/>\n\n\n\n<div style=\"height:30px\" aria-hidden=\"true\" class=\"wp-block-spacer\"><\/div>\n\n\n<div class=\"wpforms-container wpforms-render-modern\" id=\"wpforms-8104\"><form id=\"wpforms-form-8104\" class=\"wpforms-validate wpforms-form wpforms-ajax-form\" data-formid=\"8104\" method=\"post\" enctype=\"multipart\/form-data\" action=\"\/gen\/wp-json\/wp\/v2\/pages\/8122\" data-token=\"144c13b3f516e14ec195ba35b41e1edf\" data-token-time=\"1777559122\"><noscript class=\"wpforms-error-noscript\">Veuillez activer JavaScript dans votre navigateur pour remplir ce formulaire.<\/noscript><div id=\"wpforms-error-noscript\" style=\"display: none;\">Veuillez activer JavaScript dans votre navigateur pour remplir ce formulaire.<\/div><div class=\"wpforms-field-container\"><div id=\"wpforms-8104-field_5-container\" class=\"wpforms-field wpforms-field-radio\" data-field-id=\"5\"><fieldset><legend class=\"wpforms-field-label\">L&#039;avenir du site &quot;G\u00e9n\u00e9alogie de la famille Haulet-Magis&quot;<\/legend><ul id=\"wpforms-8104-field_5\"><li class=\"choice-1 depth-1\"><input type=\"radio\" id=\"wpforms-8104-field_5_1\" name=\"wpforms[fields][5]\" value=\"Je souhaite que la publication du site soit poursuivie\" aria-errormessage=\"wpforms-8104-field_5_1-error\"  ><label class=\"wpforms-field-label-inline\" for=\"wpforms-8104-field_5_1\">Je souhaite que la publication du site soit poursuivie<\/label><\/li><li class=\"choice-2 depth-1\"><input type=\"radio\" id=\"wpforms-8104-field_5_2\" name=\"wpforms[fields][5]\" value=\"Je n&#039;en ai rien \u00e0 cirer ( merci Edith Cresson ;-)  )\" aria-errormessage=\"wpforms-8104-field_5_2-error\"  ><label class=\"wpforms-field-label-inline\" for=\"wpforms-8104-field_5_2\">Je n'en ai rien \u00e0 cirer ( merci Edith Cresson \ud83d\ude09  )<\/label><\/li><\/ul><\/fieldset><\/div><div id=\"wpforms-8104-field_6-container\" class=\"wpforms-field wpforms-field-radio\" data-field-id=\"6\"><fieldset><legend class=\"wpforms-field-label\">Mon implication<\/legend><ul id=\"wpforms-8104-field_6\"><li class=\"choice-1 depth-1\"><input type=\"radio\" id=\"wpforms-8104-field_6_1\" name=\"wpforms[fields][6]\" value=\"Je suis d&#039;accord pour apporter ma collaboration active \u00e0 la continuation du site\" aria-errormessage=\"wpforms-8104-field_6_1-error\"  ><label class=\"wpforms-field-label-inline\" for=\"wpforms-8104-field_6_1\">Je suis d'accord pour apporter ma collaboration active \u00e0 la continuation du site<\/label><\/li><li class=\"choice-5 depth-1\"><input type=\"radio\" id=\"wpforms-8104-field_6_5\" name=\"wpforms[fields][6]\" value=\"Je suis candidat \u00e0 prendre en charge la gestion future du site\" aria-errormessage=\"wpforms-8104-field_6_5-error\"  ><label class=\"wpforms-field-label-inline\" for=\"wpforms-8104-field_6_5\">Je suis candidat \u00e0 prendre en charge la gestion future du site<\/label><\/li><li class=\"choice-3 depth-1\"><input type=\"radio\" id=\"wpforms-8104-field_6_3\" name=\"wpforms[fields][6]\" value=\"Je pr\u00e9f\u00e8re rester lecteur passif\" aria-errormessage=\"wpforms-8104-field_6_3-error\"  ><label class=\"wpforms-field-label-inline\" for=\"wpforms-8104-field_6_3\">Je pr\u00e9f\u00e8re rester lecteur passif<\/label><\/li><\/ul><\/fieldset><\/div><div id=\"wpforms-8104-field_14-container\" class=\"wpforms-field wpforms-field-number-slider\" data-field-id=\"14\"><label class=\"wpforms-field-label\" for=\"wpforms-8104-field_14\">Mon \u00e9valuation du site<\/label>\n<input\n\ttype=\"range\"\n\tid=\"wpforms-8104-field_14\" class=\"wpforms-field-medium\" name=\"wpforms[fields][14]\" value=\"0\" aria-errormessage=\"wpforms-8104-field_14-error\" aria-describedby=\"wpforms-8104-field_14-description\"\t\tmin=\"0\"\n\tmax=\"5\"\n\tstep=\"1\">\n\n<div class=\"wpforms-field-number-slider-hint\"\n\tdata-hint=\"Valeur s\u00e9lectionn\u00e9e\u00a0: {value}\">\n\tValeur s\u00e9lectionn\u00e9e\u00a0: <b>0<\/b><\/div>\n<div id=\"wpforms-8104-field_14-description\" class=\"wpforms-field-description\">Evaluez de 1 \u00e0 5 votre satisfaction \u00e0 parcourir votre site familial<\/div><\/div><div id=\"wpforms-8104-field_18-container\" class=\"wpforms-field wpforms-field-radio\" data-field-id=\"18\"><fieldset><legend class=\"wpforms-field-label\">Ma fr\u00e9quentation du site<\/legend><ul id=\"wpforms-8104-field_18\"><li class=\"choice-1 depth-1\"><input type=\"radio\" id=\"wpforms-8104-field_18_1\" name=\"wpforms[fields][18]\" value=\"Quotidiennement\" aria-errormessage=\"wpforms-8104-field_18_1-error\"  ><label class=\"wpforms-field-label-inline\" for=\"wpforms-8104-field_18_1\">Quotidiennement<\/label><\/li><li class=\"choice-2 depth-1\"><input type=\"radio\" id=\"wpforms-8104-field_18_2\" name=\"wpforms[fields][18]\" value=\"Hebdomadairement\" aria-errormessage=\"wpforms-8104-field_18_2-error\"  ><label class=\"wpforms-field-label-inline\" for=\"wpforms-8104-field_18_2\">Hebdomadairement<\/label><\/li><li class=\"choice-3 depth-1\"><input type=\"radio\" id=\"wpforms-8104-field_18_3\" name=\"wpforms[fields][18]\" value=\"Mensuellement\" aria-errormessage=\"wpforms-8104-field_18_3-error\"  ><label class=\"wpforms-field-label-inline\" for=\"wpforms-8104-field_18_3\">Mensuellement<\/label><\/li><li class=\"choice-4 depth-1\"><input type=\"radio\" id=\"wpforms-8104-field_18_4\" name=\"wpforms[fields][18]\" value=\"Rarement\" aria-errormessage=\"wpforms-8104-field_18_4-error\"  ><label class=\"wpforms-field-label-inline\" for=\"wpforms-8104-field_18_4\">Rarement<\/label><\/li><li class=\"choice-5 depth-1\"><input type=\"radio\" id=\"wpforms-8104-field_18_5\" name=\"wpforms[fields][18]\" value=\"Jamais\" aria-errormessage=\"wpforms-8104-field_18_5-error\"  ><label class=\"wpforms-field-label-inline\" for=\"wpforms-8104-field_18_5\">Jamais<\/label><\/li><\/ul><\/fieldset><\/div><div id=\"wpforms-8104-field_8-container\" class=\"wpforms-field wpforms-field-name\" data-field-id=\"8\"><fieldset><legend class=\"wpforms-field-label\">Nom <span class=\"wpforms-required-label\" aria-hidden=\"true\">*<\/span><\/legend><div class=\"wpforms-field-row wpforms-field-medium\"><div class=\"wpforms-field-row-block wpforms-first wpforms-one-half\"><input type=\"text\" id=\"wpforms-8104-field_8\" class=\"wpforms-field-name-first wpforms-field-required\" name=\"wpforms[fields][8][first]\" aria-errormessage=\"wpforms-8104-field_8-error\" required><label for=\"wpforms-8104-field_8\" class=\"wpforms-field-sublabel after\">Pr\u00e9nom<\/label><\/div><div class=\"wpforms-field-row-block wpforms-one-half\"><input type=\"text\" id=\"wpforms-8104-field_8-last\" class=\"wpforms-field-name-last wpforms-field-required\" name=\"wpforms[fields][8][last]\" aria-errormessage=\"wpforms-8104-field_8-last-error\" required><label for=\"wpforms-8104-field_8-last\" class=\"wpforms-field-sublabel after\">Nom<\/label><\/div><\/div><\/fieldset><\/div>\t\t<div id=\"wpforms-8104-field_1-container\"\n\t\t\tclass=\"wpforms-field wpforms-field-text\"\n\t\t\tdata-field-type=\"text\"\n\t\t\tdata-field-id=\"1\"\n\t\t\t>\n\t\t\t<label class=\"wpforms-field-label\" for=\"wpforms-8104-field_1\" >implication du Ma<\/label>\n\t\t\t<input type=\"text\" id=\"wpforms-8104-field_1\" class=\"wpforms-field-medium\" name=\"wpforms[fields][1]\" >\n\t\t<\/div>\n\t\t<div id=\"wpforms-8104-field_10-container\" class=\"wpforms-field wpforms-field-email\" data-field-id=\"10\"><fieldset><legend class=\"wpforms-field-label\">E-mail <span class=\"wpforms-required-label\" aria-hidden=\"true\">*<\/span><\/legend><div class=\"wpforms-field-row wpforms-field-medium\"><div class=\"wpforms-field-row-block wpforms-one-half wpforms-first\"><input type=\"email\" id=\"wpforms-8104-field_10\" class=\"wpforms-field-required wpforms-field-email-primary\" name=\"wpforms[fields][10][primary]\" spellcheck=\"false\" aria-errormessage=\"wpforms-8104-field_10-error\" required><label for=\"wpforms-8104-field_10\" class=\"wpforms-field-sublabel after\">E-mail<\/label><\/div><div class=\"wpforms-field-row-block wpforms-one-half\"><input type=\"email\" id=\"wpforms-8104-field_10-secondary\" class=\"wpforms-field-email-secondary wpforms-field-required\" data-rule-confirm=\"#wpforms-8104-field_10\" name=\"wpforms[fields][10][secondary]\" spellcheck=\"false\" aria-errormessage=\"wpforms-8104-field_10-secondary-error\" required><label for=\"wpforms-8104-field_10-secondary\" class=\"wpforms-field-sublabel after\">Confirmez l\u2019e-mail<\/label><\/div><\/div><\/fieldset><\/div><script>\n\t\t\t\t( function() {\n\t\t\t\t\tconst style = document.createElement( 'style' );\n\t\t\t\t\tstyle.appendChild( document.createTextNode( '#wpforms-8104-field_1-container { position: absolute !important; overflow: hidden !important; display: inline !important; height: 1px !important; width: 1px !important; z-index: -1000 !important; padding: 0 !important; } #wpforms-8104-field_1-container input { visibility: hidden; } #wpforms-conversational-form-page #wpforms-8104-field_1-container label { counter-increment: none; }' ) );\n\t\t\t\t\tdocument.head.appendChild( style );\n\t\t\t\t\tdocument.currentScript?.remove();\n\t\t\t\t} )();\n\t\t\t<\/script><\/div><!-- .wpforms-field-container --><div class=\"wpforms-submit-container\" ><input type=\"hidden\" name=\"wpforms[id]\" value=\"8104\"><input type=\"hidden\" name=\"page_title\" value=\"\"><input type=\"hidden\" name=\"page_url\" value=\"https:\/\/haulet.be\/gen\/wp-json\/wp\/v2\/pages\/8122\"><input type=\"hidden\" name=\"url_referer\" value=\"\"><button type=\"submit\" name=\"wpforms[submit]\" id=\"wpforms-submit-8104\" class=\"wpforms-submit\" data-alt-text=\"Envoi...\" data-submit-text=\"Envoyer\" aria-live=\"assertive\" value=\"wpforms-submit\">Envoyer<\/button><img loading=\"lazy\" decoding=\"async\" src=\"https:\/\/haulet.be\/gen\/wp-content\/plugins\/wpforms-lite\/assets\/images\/submit-spin.svg\" class=\"wpforms-submit-spinner\" style=\"display: none;\" width=\"26\" height=\"26\" alt=\"Chargement en cours\"><\/div><\/form><\/div>  <!-- .wpforms-container -->\n\n\n\n<p><\/p>\n","protected":false},"excerpt":{"rendered":"<p>il ne reste plus que avant la date d&rsquo;\u00e9ch\u00e9ance du renouvellement de l&rsquo;h\u00e9bergement du site&#8230; A quelques jours du renouvellement ou pas de l&rsquo;h\u00e9bergement du site de la g\u00e9n\u00e9alogie de la famille Haulet-Magis, il est opportun de s&rsquo;interroger s\u00e9rieusement sur son avenir !<\/p>\n","protected":false},"author":1,"featured_media":0,"parent":0,"menu_order":0,"comment_status":"closed","ping_status":"closed","template":"template-gutenberg.php","meta":{"_coblocks_attr":"","_coblocks_dimensions":"","_coblocks_responsive_height":"","_coblocks_accordion_ie_support":"","footnotes":""},"class_list":["post-8122","page","type-page","status-publish","hentry"],"_links":{"self":[{"href":"https:\/\/haulet.be\/gen\/wp-json\/wp\/v2\/pages\/8122","targetHints":{"allow":["GET"]}}],"collection":[{"href":"https:\/\/haulet.be\/gen\/wp-json\/wp\/v2\/pages"}],"about":[{"href":"https:\/\/haulet.be\/gen\/wp-json\/wp\/v2\/types\/page"}],"author":[{"embeddable":true,"href":"https:\/\/haulet.be\/gen\/wp-json\/wp\/v2\/users\/1"}],"replies":[{"embeddable":true,"href":"https:\/\/haulet.be\/gen\/wp-json\/wp\/v2\/comments?post=8122"}],"version-history":[{"count":17,"href":"https:\/\/haulet.be\/gen\/wp-json\/wp\/v2\/pages\/8122\/revisions"}],"predecessor-version":[{"id":8158,"href":"https:\/\/haulet.be\/gen\/wp-json\/wp\/v2\/pages\/8122\/revisions\/8158"}],"wp:attachment":[{"href":"https:\/\/haulet.be\/gen\/wp-json\/wp\/v2\/media?parent=8122"}],"curies":[{"name":"wp","href":"https:\/\/api.w.org\/{rel}","templated":true}]}}