{"id":8165,"date":"2025-03-27T11:47:22","date_gmt":"2025-03-27T10:47:22","guid":{"rendered":"https:\/\/haulet.be\/gen\/?page_id=8165"},"modified":"2025-03-27T11:47:23","modified_gmt":"2025-03-27T10:47:23","slug":"films-de-maurice-haulet","status":"publish","type":"page","link":"https:\/\/haulet.be\/gen\/films-de-maurice-haulet\/","title":{"rendered":"Films de Maurice Haulet"},"content":{"rendered":"<div class=\"wp-block-image\">\n<figure class=\"aligncenter size-full coblocks-animate\" data-coblocks-animation=\"clipHorizontal\"><img loading=\"lazy\" decoding=\"async\" width=\"824\" height=\"562\" src=\"https:\/\/haulet.be\/gen\/wp-content\/uploads\/2025\/03\/Bobines-double-huit.jpg\" alt=\"\" class=\"wp-image-8173\" srcset=\"https:\/\/haulet.be\/gen\/wp-content\/uploads\/2025\/03\/Bobines-double-huit.jpg 824w, https:\/\/haulet.be\/gen\/wp-content\/uploads\/2025\/03\/Bobines-double-huit-300x205.jpg 300w, https:\/\/haulet.be\/gen\/wp-content\/uploads\/2025\/03\/Bobines-double-huit-768x524.jpg 768w\" sizes=\"auto, (max-width: 824px) 100vw, 824px\" \/><\/figure>\n<\/div>\n\n\n<div style=\"height:36px\" aria-hidden=\"true\" class=\"wp-block-spacer\"><\/div>\n\n\n\n<p>Maurice Haulet \u00e9tait un fervent adepte du cin\u00e9ma. Il a film\u00e9 avec sa cam\u00e9ra double-huit bien des \u00e9v\u00e9nements familiaux.<\/p>\n\n\n\n<p>Nous avons d\u00e9ja publi\u00e9 le 13 f\u00e9vrier 2021 le reportage du mariage de Alice LAURENTY et Michel GAUTHIER \u00e0 Saint Maur-les-Foss\u00e9s le 29 juillet 1950.<\/p>\n\n\n<div class=\"wp-block-image\">\n<figure class=\"aligncenter size-full has-lightbox\"><a href=\"https:\/\/haulet.be\/gen\/?s=mariage+Laurenty\" target=\"_blank\" rel=\" noreferrer noopener\"><img loading=\"lazy\" decoding=\"async\" width=\"1004\" height=\"748\" src=\"https:\/\/haulet.be\/gen\/wp-content\/uploads\/2025\/03\/Mariage-Alice-Laurenty-et-Michel-Gauthier-Capture.jpg\" alt=\"\" class=\"wp-image-8166\" srcset=\"https:\/\/haulet.be\/gen\/wp-content\/uploads\/2025\/03\/Mariage-Alice-Laurenty-et-Michel-Gauthier-Capture.jpg 1004w, https:\/\/haulet.be\/gen\/wp-content\/uploads\/2025\/03\/Mariage-Alice-Laurenty-et-Michel-Gauthier-Capture-300x224.jpg 300w, https:\/\/haulet.be\/gen\/wp-content\/uploads\/2025\/03\/Mariage-Alice-Laurenty-et-Michel-Gauthier-Capture-768x572.jpg 768w\" sizes=\"auto, (max-width: 1004px) 100vw, 1004px\" \/><\/a><figcaption class=\"wp-element-caption\"><em>Cliquez sur la photo pour acc\u00e9der \u00e0 la page<\/em><\/figcaption><\/figure>\n<\/div>\n\n\n<div style=\"height:28px\" aria-hidden=\"true\" class=\"wp-block-spacer\"><\/div>\n\n\n\n<p>Tous ces films ont \u00e9t\u00e9 num\u00e9ris\u00e9s et vous pouvez maintenant les visionner directement sur le site.<\/p>\n\n\n\n<figure class=\"wp-block-table\"><table class=\"has-fixed-layout\"><tbody><tr><td><a href=\"https:\/\/haulet.be\/videos-maurice\/Chapitre1.VOB\" target=\"_blank\" rel=\"noreferrer noopener\">Chapitre 1<\/a><\/td><td><\/td><\/tr><tr><td><a href=\"https:\/\/haulet.be\/videos-maurice\/Chapitre2.VOB\" target=\"_blank\" rel=\"noreferrer noopener\">Chapitre 2<\/a><\/td><td><\/td><\/tr><tr><td><a href=\"https:\/\/haulet.be\/videos-maurice\/Chapitre3.VOB\" target=\"_blank\" rel=\"noreferrer noopener\">Chapitre 3<\/a><\/td><td><\/td><\/tr><tr><td><a href=\"https:\/\/haulet.be\/videos-maurice\/Chapitre4.VOB\" target=\"_blank\" rel=\"noreferrer noopener\">Chapitre 4<\/a><\/td><td><\/td><\/tr><tr><td><a href=\"https:\/\/haulet.be\/videos-maurice\/Chapitre5.VOB\" target=\"_blank\" rel=\"noreferrer noopener\">Chapitre 5<\/a><\/td><td><\/td><\/tr><tr><td><a href=\"https:\/\/haulet.be\/videos-maurice\/Chapitre6.VOB\" target=\"_blank\" rel=\"noreferrer noopener\">Chapitre 6<\/a><\/td><td><\/td><\/tr><tr><td><a href=\"https:\/\/haulet.be\/videos-maurice\/Chapitre7.VOB\" target=\"_blank\" rel=\"noreferrer noopener\">Chapitre 7<\/a><\/td><td><\/td><\/tr><tr><td><a href=\"https:\/\/haulet.be\/videos-maurice\/Chapitre8.VOB\" target=\"_blank\" rel=\"noreferrer noopener\">Chapitre 8<\/a><\/td><td><\/td><\/tr><tr><td><a href=\"https:\/\/haulet.be\/videos-maurice\/Chapitre9.VOB\" target=\"_blank\" rel=\"noreferrer noopener\">Chapitre 9<\/a><\/td><td><\/td><\/tr><tr><td><a href=\"https:\/\/haulet.be\/videos-maurice\/Chapitre10.VOB\" target=\"_blank\" rel=\"noreferrer noopener\">Chapitre 10<\/a><\/td><td><\/td><\/tr><tr><td><a href=\"https:\/\/haulet.be\/videos-maurice\/Chapitre11.VOB\" target=\"_blank\" rel=\"noreferrer noopener\">Chapitre 11<\/a><\/td><td><\/td><\/tr><tr><td><a href=\"https:\/\/haulet.be\/videos-maurice\/Chapitre12.VOB\" target=\"_blank\" rel=\"noreferrer noopener\">Chapitre 12<\/a><\/td><td><\/td><\/tr><tr><td><a href=\"https:\/\/haulet.be\/videos-maurice\/Chapitre13.VOB\" target=\"_blank\" rel=\"noreferrer noopener\">Chapitre 13<\/a><\/td><td><\/td><\/tr><tr><td><a href=\"https:\/\/haulet.be\/videos-maurice\/Chapitre14.VOB\" target=\"_blank\" rel=\"noreferrer noopener\">Chapitre 14<\/a><\/td><td><\/td><\/tr><\/tbody><\/table><\/figure>\n\n\n\n<p>Bon zapping !..<\/p>\n\n\n\n<hr class=\"wp-block-separator has-alpha-channel-opacity is-style-wide\"\/>\n","protected":false},"excerpt":{"rendered":"<p>Maurice Haulet \u00e9tait un fervent adepte du cin\u00e9ma. Il a film\u00e9 avec sa cam\u00e9ra double-huit bien des \u00e9v\u00e9nements familiaux. Nous avons d\u00e9ja publi\u00e9 le 13 f\u00e9vrier 2021 le reportage du mariage de Alice LAURENTY et Michel GAUTHIER \u00e0 Saint Maur-les-Foss\u00e9s le 29 juillet 1950. Tous ces films ont \u00e9t\u00e9 num\u00e9ris\u00e9s et vous pouvez maintenant les [&hellip;]<\/p>\n","protected":false},"author":1,"featured_media":0,"parent":0,"menu_order":0,"comment_status":"open","ping_status":"closed","template":"","meta":{"_coblocks_attr":"","_coblocks_dimensions":"","_coblocks_responsive_height":"","_coblocks_accordion_ie_support":"","footnotes":""},"class_list":["post-8165","page","type-page","status-publish","hentry"],"_links":{"self":[{"href":"https:\/\/haulet.be\/gen\/wp-json\/wp\/v2\/pages\/8165","targetHints":{"allow":["GET"]}}],"collection":[{"href":"https:\/\/haulet.be\/gen\/wp-json\/wp\/v2\/pages"}],"about":[{"href":"https:\/\/haulet.be\/gen\/wp-json\/wp\/v2\/types\/page"}],"author":[{"embeddable":true,"href":"https:\/\/haulet.be\/gen\/wp-json\/wp\/v2\/users\/1"}],"replies":[{"embeddable":true,"href":"https:\/\/haulet.be\/gen\/wp-json\/wp\/v2\/comments?post=8165"}],"version-history":[{"count":9,"href":"https:\/\/haulet.be\/gen\/wp-json\/wp\/v2\/pages\/8165\/revisions"}],"predecessor-version":[{"id":8176,"href":"https:\/\/haulet.be\/gen\/wp-json\/wp\/v2\/pages\/8165\/revisions\/8176"}],"wp:attachment":[{"href":"https:\/\/haulet.be\/gen\/wp-json\/wp\/v2\/media?parent=8165"}],"curies":[{"name":"wp","href":"https:\/\/api.w.org\/{rel}","templated":true}]}}